{"id":122,"date":"2016-07-11T13:57:22","date_gmt":"2016-07-11T12:57:22","guid":{"rendered":"http:\/\/madjikarite.com\/?page_id=122"},"modified":"2024-04-13T21:23:41","modified_gmt":"2024-04-13T19:23:41","slug":"mentions-legales","status":"publish","type":"page","link":"https:\/\/madjikarite.com\/index.php\/mentions-legales\/","title":{"rendered":"Mentions legales"},"content":{"rendered":"<p>Microentreprise : MADJIKARITE<\/p>\n<p>Le pr\u00e9sent site est \u00e9dit\u00e9 par la soci\u00e9t\u00e9 Madjikarite dont le si\u00e8ge social est au :363 Avenue des anciens combattants 62232 Fouquieres les B\u00e9thune<\/p>\n<p>Siret : 82982595900010<\/p>\n<p>Code APE : 2042Z<\/p>\n<p>T\u00e9l : 0768650134<\/p>\n<p>madjikarite@gmail.com<\/p>\n<p>H\u00e9bergement du site :<\/p>\n<p>OVH<\/p>\n<p>2 Rue Kellermann, 59100 Roubaix<\/p>\n<p>TEL\u00a0: <a href=\"https:\/\/www.google.com\/search?client=firefox-b-d&amp;q=OVH%20adresse&amp;npsic=0&amp;rflfq=1&amp;rlha=0&amp;rllag=50664869,3139110,5311&amp;tbm=lcl&amp;rldimm=5766018813138797250&amp;lqi=CgtPVkggYWRyZXNzZSIFSAGIAQFaBQoDb3Zo&amp;ved=2ahUKEwj1mLC77JPhAhWpAWMBHbCkADUQvS4wAHoECAoQFw&amp;rldoc=1&amp;tbs=lrf:!2m1!1e3!3sIAE,lf:1,lf_ui:4\">09 72 10 10 07<\/a><\/p>\n<p>Le site web de\u00a0 Madjikarit\u00e9 \u00a0et chacun de ses \u00e9l\u00e9ments sont la propri\u00e9t\u00e9 exclusive de Madjikarit\u00e9. De m\u00eame, les marques et noms de domaine qui apparaissent sur le site web de Madjikarit\u00e9 \u00a0sont la propri\u00e9t\u00e9 exclusive de Madjikarit\u00e9 . Toute reproduction ou utilisation de ces marques ou noms de domaine de quelque mani\u00e8re et \u00e0 quelque titre que ce soit est interdite.<\/p>\n","protected":false},"excerpt":{"rendered":"<p>Microentreprise : MADJIKARITE Le pr\u00e9sent site est \u00e9dit\u00e9 par la soci\u00e9t\u00e9 Madjikarite dont le si\u00e8ge social est au :363 Avenue&#8230;<\/p>\n","protected":false},"author":1,"featured_media":0,"parent":0,"menu_order":0,"comment_status":"closed","ping_status":"closed","template":"","meta":{"footnotes":""},"class_list":["post-122","page","type-page","status-publish","hentry"],"yoast_head":"<!-- This site is optimized with the Yoast SEO plugin v27.5 - https:\/\/yoast.com\/product\/yoast-seo-wordpress\/ -->\n<title>Mentions legales - Majdikarite<\/title>\n<meta name=\"description\" content=\"mentions l\u00e9gales\" \/>\n<meta name=\"robots\" content=\"index, follow, max-snippet:-1, max-image-preview:large, max-video-preview:-1\" \/>\n<link rel=\"canonical\" href=\"https:\/\/madjikarite.com\/index.php\/mentions-legales\/\" \/>\n<meta property=\"og:locale\" content=\"fr_FR\" \/>\n<meta property=\"og:type\" content=\"article\" \/>\n<meta property=\"og:title\" content=\"Mentions legales - Majdikarite\" \/>\n<meta property=\"og:description\" content=\"mentions l\u00e9gales\" \/>\n<meta property=\"og:url\" content=\"https:\/\/madjikarite.com\/index.php\/mentions-legales\/\" \/>\n<meta property=\"og:site_name\" content=\"Majdikarite\" \/>\n<meta property=\"article:publisher\" content=\"https:\/\/www.facebook.com\/Madjikarite\" \/>\n<meta property=\"article:modified_time\" content=\"2024-04-13T19:23:41+00:00\" \/>\n<meta name=\"twitter:card\" content=\"summary_large_image\" \/>\n<meta name=\"twitter:label1\" content=\"Dur\u00e9e de lecture estim\u00e9e\" \/>\n\t<meta name=\"twitter:data1\" content=\"1 minute\" \/>\n<script type=\"application\/ld+json\" class=\"yoast-schema-graph\">{\"@context\":\"https:\\\/\\\/schema.org\",\"@graph\":[{\"@type\":\"WebPage\",\"@id\":\"https:\\\/\\\/madjikarite.com\\\/index.php\\\/mentions-legales\\\/\",\"url\":\"https:\\\/\\\/madjikarite.com\\\/index.php\\\/mentions-legales\\\/\",\"name\":\"Mentions legales - Majdikarite\",\"isPartOf\":{\"@id\":\"https:\\\/\\\/madjikarite.com\\\/#website\"},\"datePublished\":\"2016-07-11T12:57:22+00:00\",\"dateModified\":\"2024-04-13T19:23:41+00:00\",\"description\":\"mentions l\u00e9gales\",\"breadcrumb\":{\"@id\":\"https:\\\/\\\/madjikarite.com\\\/index.php\\\/mentions-legales\\\/#breadcrumb\"},\"inLanguage\":\"fr-FR\",\"potentialAction\":[{\"@type\":\"ReadAction\",\"target\":[\"https:\\\/\\\/madjikarite.com\\\/index.php\\\/mentions-legales\\\/\"]}]},{\"@type\":\"BreadcrumbList\",\"@id\":\"https:\\\/\\\/madjikarite.com\\\/index.php\\\/mentions-legales\\\/#breadcrumb\",\"itemListElement\":[{\"@type\":\"ListItem\",\"position\":1,\"name\":\"Accueil\",\"item\":\"https:\\\/\\\/madjikarite.com\\\/\"},{\"@type\":\"ListItem\",\"position\":2,\"name\":\"Mentions legales\"}]},{\"@type\":\"WebSite\",\"@id\":\"https:\\\/\\\/madjikarite.com\\\/#website\",\"url\":\"https:\\\/\\\/madjikarite.com\\\/\",\"name\":\"Majdikarite\",\"description\":\"\",\"publisher\":{\"@id\":\"https:\\\/\\\/madjikarite.com\\\/#organization\"},\"potentialAction\":[{\"@type\":\"SearchAction\",\"target\":{\"@type\":\"EntryPoint\",\"urlTemplate\":\"https:\\\/\\\/madjikarite.com\\\/?s={search_term_string}\"},\"query-input\":{\"@type\":\"PropertyValueSpecification\",\"valueRequired\":true,\"valueName\":\"search_term_string\"}}],\"inLanguage\":\"fr-FR\"},{\"@type\":\"Organization\",\"@id\":\"https:\\\/\\\/madjikarite.com\\\/#organization\",\"name\":\"Majdikarite\",\"url\":\"https:\\\/\\\/madjikarite.com\\\/\",\"logo\":{\"@type\":\"ImageObject\",\"inLanguage\":\"fr-FR\",\"@id\":\"https:\\\/\\\/madjikarite.com\\\/#\\\/schema\\\/logo\\\/image\\\/\",\"url\":\"https:\\\/\\\/madjikarite.com\\\/wp-content\\\/uploads\\\/2025\\\/01\\\/cropped-logo-moyen.webp\",\"contentUrl\":\"https:\\\/\\\/madjikarite.com\\\/wp-content\\\/uploads\\\/2025\\\/01\\\/cropped-logo-moyen.webp\",\"width\":491,\"height\":487,\"caption\":\"Majdikarite\"},\"image\":{\"@id\":\"https:\\\/\\\/madjikarite.com\\\/#\\\/schema\\\/logo\\\/image\\\/\"},\"sameAs\":[\"https:\\\/\\\/www.facebook.com\\\/Madjikarite\",\"https:\\\/\\\/www.instagram.com\\\/madjikarite\\\/\"]}]}<\/script>\n<!-- \/ Yoast SEO plugin. -->","yoast_head_json":{"title":"Mentions legales - Majdikarite","description":"mentions l\u00e9gales","robots":{"index":"index","follow":"follow","max-snippet":"max-snippet:-1","max-image-preview":"max-image-preview:large","max-video-preview":"max-video-preview:-1"},"canonical":"https:\/\/madjikarite.com\/index.php\/mentions-legales\/","og_locale":"fr_FR","og_type":"article","og_title":"Mentions legales - Majdikarite","og_description":"mentions l\u00e9gales","og_url":"https:\/\/madjikarite.com\/index.php\/mentions-legales\/","og_site_name":"Majdikarite","article_publisher":"https:\/\/www.facebook.com\/Madjikarite","article_modified_time":"2024-04-13T19:23:41+00:00","twitter_card":"summary_large_image","twitter_misc":{"Dur\u00e9e de lecture estim\u00e9e":"1 minute"},"schema":{"@context":"https:\/\/schema.org","@graph":[{"@type":"WebPage","@id":"https:\/\/madjikarite.com\/index.php\/mentions-legales\/","url":"https:\/\/madjikarite.com\/index.php\/mentions-legales\/","name":"Mentions legales - Majdikarite","isPartOf":{"@id":"https:\/\/madjikarite.com\/#website"},"datePublished":"2016-07-11T12:57:22+00:00","dateModified":"2024-04-13T19:23:41+00:00","description":"mentions l\u00e9gales","breadcrumb":{"@id":"https:\/\/madjikarite.com\/index.php\/mentions-legales\/#breadcrumb"},"inLanguage":"fr-FR","potentialAction":[{"@type":"ReadAction","target":["https:\/\/madjikarite.com\/index.php\/mentions-legales\/"]}]},{"@type":"BreadcrumbList","@id":"https:\/\/madjikarite.com\/index.php\/mentions-legales\/#breadcrumb","itemListElement":[{"@type":"ListItem","position":1,"name":"Accueil","item":"https:\/\/madjikarite.com\/"},{"@type":"ListItem","position":2,"name":"Mentions legales"}]},{"@type":"WebSite","@id":"https:\/\/madjikarite.com\/#website","url":"https:\/\/madjikarite.com\/","name":"Majdikarite","description":"","publisher":{"@id":"https:\/\/madjikarite.com\/#organization"},"potentialAction":[{"@type":"SearchAction","target":{"@type":"EntryPoint","urlTemplate":"https:\/\/madjikarite.com\/?s={search_term_string}"},"query-input":{"@type":"PropertyValueSpecification","valueRequired":true,"valueName":"search_term_string"}}],"inLanguage":"fr-FR"},{"@type":"Organization","@id":"https:\/\/madjikarite.com\/#organization","name":"Majdikarite","url":"https:\/\/madjikarite.com\/","logo":{"@type":"ImageObject","inLanguage":"fr-FR","@id":"https:\/\/madjikarite.com\/#\/schema\/logo\/image\/","url":"https:\/\/madjikarite.com\/wp-content\/uploads\/2025\/01\/cropped-logo-moyen.webp","contentUrl":"https:\/\/madjikarite.com\/wp-content\/uploads\/2025\/01\/cropped-logo-moyen.webp","width":491,"height":487,"caption":"Majdikarite"},"image":{"@id":"https:\/\/madjikarite.com\/#\/schema\/logo\/image\/"},"sameAs":["https:\/\/www.facebook.com\/Madjikarite","https:\/\/www.instagram.com\/madjikarite\/"]}]}},"post-meta":{"_edit_last":["1"],"_wp_page_template":["default"],"_et_pb_post_hide_nav":["default"],"_et_pb_page_layout":["et_right_sidebar"],"_et_pb_side_nav":["off"],"_et_pb_use_builder":["on"],"_et_pb_old_content":[""],"_et_pb_ab_bounce_rate_limit":["5"],"_et_pb_ab_stats_refresh_interval":["hourly"],"_et_pb_enable_shortcode_tracking":[""],"_et_pb_custom_css":[""],"_et_pb_light_text_color":["#FFFFFF"],"_et_pb_dark_text_color":["#666666"],"_et_pb_content_area_background_color":[""],"_et_pb_section_background_color":["#FFFFFF"],"_yoast_wpseo_focuskw_text_input":["mentions legales"],"_yoast_wpseo_focuskw":["mentions legales"],"_yoast_wpseo_metadesc":["mentions l\u00e9gales"],"_yoast_wpseo_linkdex":["54"],"_yoast_wpseo_content_score":["30"],"tm_sidebar_position":["right"],"tm_page_layout":["box"],"tm_content_position":["above"],"tm_content_show_page_title":["1"],"slide_template":["default"],"tm_blog_list_posts_per_page":["5"],"tm_blog_box_display":["grid"],"tm_blog_box_columns":["two"],"tm_blog_box_posts_per_page":["5"],"tm_blog_filter_columns":["two"],"tm_testimonial_list_posts_per_page":["5"],"tm_testimonial_box_columns":["two"],"tm_testimonial_box_posts_per_page":["5"],"tm_staff_list_posts_per_page":["5"],"tm_staff_box_columns":["two"],"tm_staff_box_posts_per_page":["5"],"_edit_lock":["1713036224:1"],"site-container":["default"],"site-header-transparent":["default"],"site-page-header":["default"],"site-sidebar":["default"]},"_links":{"self":[{"href":"https:\/\/madjikarite.com\/index.php\/wp-json\/wp\/v2\/pages\/122","targetHints":{"allow":["GET"]}}],"collection":[{"href":"https:\/\/madjikarite.com\/index.php\/wp-json\/wp\/v2\/pages"}],"about":[{"href":"https:\/\/madjikarite.com\/index.php\/wp-json\/wp\/v2\/types\/page"}],"author":[{"embeddable":true,"href":"https:\/\/madjikarite.com\/index.php\/wp-json\/wp\/v2\/users\/1"}],"replies":[{"embeddable":true,"href":"https:\/\/madjikarite.com\/index.php\/wp-json\/wp\/v2\/comments?post=122"}],"version-history":[{"count":3,"href":"https:\/\/madjikarite.com\/index.php\/wp-json\/wp\/v2\/pages\/122\/revisions"}],"predecessor-version":[{"id":7212,"href":"https:\/\/madjikarite.com\/index.php\/wp-json\/wp\/v2\/pages\/122\/revisions\/7212"}],"wp:attachment":[{"href":"https:\/\/madjikarite.com\/index.php\/wp-json\/wp\/v2\/media?parent=122"}],"curies":[{"name":"wp","href":"https:\/\/api.w.org\/{rel}","templated":true}]}}