{"id":258,"date":"2016-07-18T09:43:03","date_gmt":"2016-07-18T08:43:03","guid":{"rendered":"http:\/\/madjikarite.com\/?page_id=258"},"modified":"2024-03-24T11:34:51","modified_gmt":"2024-03-24T10:34:51","slug":"points-de-vente-des-produits-madjikarite","status":"publish","type":"page","link":"https:\/\/madjikarite.com\/index.php\/points-de-vente-des-produits-madjikarite\/","title":{"rendered":"Points de vente"},"content":{"rendered":"<p>O\u00f9 trouver les produits de Madjikarit\u00e9 ?<br \/>\nA la Maison, boutique qui se partage au 524 Bd Raymond Poincar\u00e9, 62400 B\u00e9thune.<br \/>\nChez Vestali \u00e0 Li\u00e9vin au 117 Rue Jean Baptiste D\u00e9fernez, 62800 Li\u00e9vin<br \/>\nChez Vestali Arras, au 6 rue des petits Vi\u00e9ziers (rue pi\u00e9tonne pr\u00e8s du th\u00e9\u00e2tre d\u2019Arras).<br \/>\nChez Int\u00e9rieur Jour \u00e0 Lens, au 3 Rue Ren\u00e9 Lanoy, 62300 Lens<br \/>\nChez Wagon Corine, salon de coiffure au 12 Rue de Bouvigny, 62160 Aix-Noulette<br \/>\nChez Artisans du monde Lille au 144 Rue L\u00e9on Gambetta, 59000 Lille<br \/>\nChez Artisans du monde Arras 16 Rue M\u00e9aulens, 62000 Arras<br \/>\nChez Artisans du Monde Boulogne\/mer au 49 Grande Rue, 62200 Boulogne-sur-Mer<br \/>\nChez Artisans du monde Tourcoing, au 14 Rue Nationale, 59200 Tourcoing<br \/>\nChez Artisan du monde Paris, au 67 rue Charles Degaule 91440 Dures sur Yvette.<br \/>\nChez P&rsquo;tit vrac, au 42 Chauss\u00e9e du Bois, 80100 Abbeville<\/p>\n<p>Chez Le Pressoir Fleuri,\u00a0402 Chemin des Patriotes SAINT JULIEN LE FAUCON, 14140 M\u00e9zidon, Basse-Normandie, France<\/p>\n<p>Au Menadel, place de la repluque \u00e0 Loos En Gohelle.<\/p>\n","protected":false},"excerpt":{"rendered":"<p>O\u00f9 trouver les produits de Madjikarit\u00e9 ? A la Maison, boutique qui se partage au 524 Bd Raymond Poincar\u00e9, 62400&#8230;<\/p>\n","protected":false},"author":1,"featured_media":0,"parent":0,"menu_order":0,"comment_status":"closed","ping_status":"closed","template":"","meta":{"footnotes":""},"class_list":["post-258","page","type-page","status-publish","hentry"],"yoast_head":"<!-- This site is optimized with the Yoast SEO plugin v27.5 - https:\/\/yoast.com\/product\/yoast-seo-wordpress\/ -->\n<title>Points de vente - Majdikarite<\/title>\n<meta name=\"description\" content=\"point de vente des produits Madjikarit\u00e9\" \/>\n<meta name=\"robots\" content=\"index, follow, max-snippet:-1, max-image-preview:large, max-video-preview:-1\" \/>\n<link rel=\"canonical\" href=\"https:\/\/madjikarite.com\/index.php\/points-de-vente-des-produits-madjikarite\/\" \/>\n<meta property=\"og:locale\" content=\"fr_FR\" \/>\n<meta property=\"og:type\" content=\"article\" \/>\n<meta property=\"og:title\" content=\"Points de vente - Majdikarite\" \/>\n<meta property=\"og:description\" content=\"point de vente des produits Madjikarit\u00e9\" \/>\n<meta property=\"og:url\" content=\"https:\/\/madjikarite.com\/index.php\/points-de-vente-des-produits-madjikarite\/\" \/>\n<meta property=\"og:site_name\" content=\"Majdikarite\" \/>\n<meta property=\"article:publisher\" content=\"https:\/\/www.facebook.com\/Madjikarite\" \/>\n<meta property=\"article:modified_time\" content=\"2024-03-24T10:34:51+00:00\" \/>\n<meta name=\"twitter:card\" content=\"summary_large_image\" \/>\n<meta name=\"twitter:label1\" content=\"Dur\u00e9e de lecture estim\u00e9e\" \/>\n\t<meta name=\"twitter:data1\" content=\"1 minute\" \/>\n<script type=\"application\/ld+json\" class=\"yoast-schema-graph\">{\"@context\":\"https:\\\/\\\/schema.org\",\"@graph\":[{\"@type\":\"WebPage\",\"@id\":\"https:\\\/\\\/madjikarite.com\\\/index.php\\\/points-de-vente-des-produits-madjikarite\\\/\",\"url\":\"https:\\\/\\\/madjikarite.com\\\/index.php\\\/points-de-vente-des-produits-madjikarite\\\/\",\"name\":\"Points de vente - Majdikarite\",\"isPartOf\":{\"@id\":\"https:\\\/\\\/madjikarite.com\\\/#website\"},\"datePublished\":\"2016-07-18T08:43:03+00:00\",\"dateModified\":\"2024-03-24T10:34:51+00:00\",\"description\":\"point de vente des produits Madjikarit\u00e9\",\"breadcrumb\":{\"@id\":\"https:\\\/\\\/madjikarite.com\\\/index.php\\\/points-de-vente-des-produits-madjikarite\\\/#breadcrumb\"},\"inLanguage\":\"fr-FR\",\"potentialAction\":[{\"@type\":\"ReadAction\",\"target\":[\"https:\\\/\\\/madjikarite.com\\\/index.php\\\/points-de-vente-des-produits-madjikarite\\\/\"]}]},{\"@type\":\"BreadcrumbList\",\"@id\":\"https:\\\/\\\/madjikarite.com\\\/index.php\\\/points-de-vente-des-produits-madjikarite\\\/#breadcrumb\",\"itemListElement\":[{\"@type\":\"ListItem\",\"position\":1,\"name\":\"Accueil\",\"item\":\"https:\\\/\\\/madjikarite.com\\\/\"},{\"@type\":\"ListItem\",\"position\":2,\"name\":\"Points de vente\"}]},{\"@type\":\"WebSite\",\"@id\":\"https:\\\/\\\/madjikarite.com\\\/#website\",\"url\":\"https:\\\/\\\/madjikarite.com\\\/\",\"name\":\"Majdikarite\",\"description\":\"\",\"publisher\":{\"@id\":\"https:\\\/\\\/madjikarite.com\\\/#organization\"},\"potentialAction\":[{\"@type\":\"SearchAction\",\"target\":{\"@type\":\"EntryPoint\",\"urlTemplate\":\"https:\\\/\\\/madjikarite.com\\\/?s={search_term_string}\"},\"query-input\":{\"@type\":\"PropertyValueSpecification\",\"valueRequired\":true,\"valueName\":\"search_term_string\"}}],\"inLanguage\":\"fr-FR\"},{\"@type\":\"Organization\",\"@id\":\"https:\\\/\\\/madjikarite.com\\\/#organization\",\"name\":\"Majdikarite\",\"url\":\"https:\\\/\\\/madjikarite.com\\\/\",\"logo\":{\"@type\":\"ImageObject\",\"inLanguage\":\"fr-FR\",\"@id\":\"https:\\\/\\\/madjikarite.com\\\/#\\\/schema\\\/logo\\\/image\\\/\",\"url\":\"https:\\\/\\\/madjikarite.com\\\/wp-content\\\/uploads\\\/2025\\\/01\\\/cropped-logo-moyen.webp\",\"contentUrl\":\"https:\\\/\\\/madjikarite.com\\\/wp-content\\\/uploads\\\/2025\\\/01\\\/cropped-logo-moyen.webp\",\"width\":491,\"height\":487,\"caption\":\"Majdikarite\"},\"image\":{\"@id\":\"https:\\\/\\\/madjikarite.com\\\/#\\\/schema\\\/logo\\\/image\\\/\"},\"sameAs\":[\"https:\\\/\\\/www.facebook.com\\\/Madjikarite\",\"https:\\\/\\\/www.instagram.com\\\/madjikarite\\\/\"]}]}<\/script>\n<!-- \/ Yoast SEO plugin. -->","yoast_head_json":{"title":"Points de vente - Majdikarite","description":"point de vente des produits Madjikarit\u00e9","robots":{"index":"index","follow":"follow","max-snippet":"max-snippet:-1","max-image-preview":"max-image-preview:large","max-video-preview":"max-video-preview:-1"},"canonical":"https:\/\/madjikarite.com\/index.php\/points-de-vente-des-produits-madjikarite\/","og_locale":"fr_FR","og_type":"article","og_title":"Points de vente - Majdikarite","og_description":"point de vente des produits Madjikarit\u00e9","og_url":"https:\/\/madjikarite.com\/index.php\/points-de-vente-des-produits-madjikarite\/","og_site_name":"Majdikarite","article_publisher":"https:\/\/www.facebook.com\/Madjikarite","article_modified_time":"2024-03-24T10:34:51+00:00","twitter_card":"summary_large_image","twitter_misc":{"Dur\u00e9e de lecture estim\u00e9e":"1 minute"},"schema":{"@context":"https:\/\/schema.org","@graph":[{"@type":"WebPage","@id":"https:\/\/madjikarite.com\/index.php\/points-de-vente-des-produits-madjikarite\/","url":"https:\/\/madjikarite.com\/index.php\/points-de-vente-des-produits-madjikarite\/","name":"Points de vente - Majdikarite","isPartOf":{"@id":"https:\/\/madjikarite.com\/#website"},"datePublished":"2016-07-18T08:43:03+00:00","dateModified":"2024-03-24T10:34:51+00:00","description":"point de vente des produits Madjikarit\u00e9","breadcrumb":{"@id":"https:\/\/madjikarite.com\/index.php\/points-de-vente-des-produits-madjikarite\/#breadcrumb"},"inLanguage":"fr-FR","potentialAction":[{"@type":"ReadAction","target":["https:\/\/madjikarite.com\/index.php\/points-de-vente-des-produits-madjikarite\/"]}]},{"@type":"BreadcrumbList","@id":"https:\/\/madjikarite.com\/index.php\/points-de-vente-des-produits-madjikarite\/#breadcrumb","itemListElement":[{"@type":"ListItem","position":1,"name":"Accueil","item":"https:\/\/madjikarite.com\/"},{"@type":"ListItem","position":2,"name":"Points de vente"}]},{"@type":"WebSite","@id":"https:\/\/madjikarite.com\/#website","url":"https:\/\/madjikarite.com\/","name":"Majdikarite","description":"","publisher":{"@id":"https:\/\/madjikarite.com\/#organization"},"potentialAction":[{"@type":"SearchAction","target":{"@type":"EntryPoint","urlTemplate":"https:\/\/madjikarite.com\/?s={search_term_string}"},"query-input":{"@type":"PropertyValueSpecification","valueRequired":true,"valueName":"search_term_string"}}],"inLanguage":"fr-FR"},{"@type":"Organization","@id":"https:\/\/madjikarite.com\/#organization","name":"Majdikarite","url":"https:\/\/madjikarite.com\/","logo":{"@type":"ImageObject","inLanguage":"fr-FR","@id":"https:\/\/madjikarite.com\/#\/schema\/logo\/image\/","url":"https:\/\/madjikarite.com\/wp-content\/uploads\/2025\/01\/cropped-logo-moyen.webp","contentUrl":"https:\/\/madjikarite.com\/wp-content\/uploads\/2025\/01\/cropped-logo-moyen.webp","width":491,"height":487,"caption":"Majdikarite"},"image":{"@id":"https:\/\/madjikarite.com\/#\/schema\/logo\/image\/"},"sameAs":["https:\/\/www.facebook.com\/Madjikarite","https:\/\/www.instagram.com\/madjikarite\/"]}]}},"post-meta":{"_edit_last":["1"],"_wp_page_template":["default"],"_et_pb_post_hide_nav":["default"],"_et_pb_page_layout":["et_right_sidebar"],"_et_pb_side_nav":["off"],"_et_pb_use_builder":["on"],"_et_pb_ab_bounce_rate_limit":["5"],"_et_pb_ab_stats_refresh_interval":["hourly"],"_et_pb_old_content":[""],"_et_pb_enable_shortcode_tracking":[""],"_et_pb_custom_css":[""],"_et_pb_light_text_color":["#FFFFFF"],"_et_pb_dark_text_color":["#666666"],"_et_pb_content_area_background_color":[""],"_et_pb_section_background_color":["#FFFFFF"],"_yoast_wpseo_focuskw_text_input":["point de vente des produits madjikarit\u00e9"],"_yoast_wpseo_focuskw":["point de vente des produits madjikarit\u00e9"],"_yoast_wpseo_metadesc":["point de vente des produits Madjikarit\u00e9"],"_yoast_wpseo_linkdex":["39"],"_yoast_wpseo_content_score":["60"],"slide_template":["default"],"tm_blog_list_posts_per_page":["5"],"tm_blog_box_display":["grid"],"tm_blog_box_columns":["two"],"tm_blog_box_posts_per_page":["5"],"tm_blog_filter_columns":["two"],"tm_content_show_page_title":["1"],"tm_content_position":["above"],"tm_page_layout":["box"],"tm_sidebar_position":["right"],"tm_testimonial_list_posts_per_page":["5"],"tm_testimonial_box_columns":["two"],"tm_testimonial_box_posts_per_page":["5"],"tm_staff_list_posts_per_page":["5"],"tm_staff_box_columns":["two"],"tm_staff_box_posts_per_page":["5"],"_edit_lock":["1711276491:1"]},"_links":{"self":[{"href":"https:\/\/madjikarite.com\/index.php\/wp-json\/wp\/v2\/pages\/258","targetHints":{"allow":["GET"]}}],"collection":[{"href":"https:\/\/madjikarite.com\/index.php\/wp-json\/wp\/v2\/pages"}],"about":[{"href":"https:\/\/madjikarite.com\/index.php\/wp-json\/wp\/v2\/types\/page"}],"author":[{"embeddable":true,"href":"https:\/\/madjikarite.com\/index.php\/wp-json\/wp\/v2\/users\/1"}],"replies":[{"embeddable":true,"href":"https:\/\/madjikarite.com\/index.php\/wp-json\/wp\/v2\/comments?post=258"}],"version-history":[{"count":1,"href":"https:\/\/madjikarite.com\/index.php\/wp-json\/wp\/v2\/pages\/258\/revisions"}],"predecessor-version":[{"id":6897,"href":"https:\/\/madjikarite.com\/index.php\/wp-json\/wp\/v2\/pages\/258\/revisions\/6897"}],"wp:attachment":[{"href":"https:\/\/madjikarite.com\/index.php\/wp-json\/wp\/v2\/media?parent=258"}],"curies":[{"name":"wp","href":"https:\/\/api.w.org\/{rel}","templated":true}]}}