{"id":3797,"date":"2017-01-15T16:24:06","date_gmt":"2017-01-15T15:24:06","guid":{"rendered":"http:\/\/madjikarite.com\/?page_id=3797"},"modified":"2024-04-13T21:37:52","modified_gmt":"2024-04-13T19:37:52","slug":"processus-de-pression-manuelle","status":"publish","type":"page","link":"https:\/\/madjikarite.com\/index.php\/processus-de-pression-manuelle\/","title":{"rendered":"Processus de pression manuelle"},"content":{"rendered":"\t\t<div data-elementor-type=\"wp-page\" data-elementor-id=\"3797\" class=\"elementor elementor-3797\">\n\t\t\t\t<div class=\"elementor-element elementor-element-f4b08a1 e-flex e-con-boxed e-con e-parent\" data-id=\"f4b08a1\" data-element_type=\"container\" data-e-type=\"container\">\n\t\t\t\t\t<div class=\"e-con-inner\">\n\t\t<div class=\"elementor-element elementor-element-5178669 e-con-full e-flex e-con e-child\" data-id=\"5178669\" data-element_type=\"container\" data-e-type=\"container\">\n\t\t\t\t<div class=\"elementor-element elementor-element-de944c6 elementor-widget elementor-widget-image\" data-id=\"de944c6\" data-element_type=\"widget\" data-e-type=\"widget\" data-widget_type=\"image.default\">\n\t\t\t\t<div class=\"elementor-widget-container\">\n\t\t\t\t\t\t\t\t\t\t\t\t\t\t\t<img fetchpriority=\"high\" decoding=\"async\" width=\"914\" height=\"1024\" src=\"https:\/\/madjikarite.com\/wp-content\/uploads\/2024\/04\/processus-de-pression-manuel-du-beurre-de-karite-914x1024.jpeg\" class=\"attachment-large size-large wp-image-7218\" alt=\"\" srcset=\"https:\/\/madjikarite.com\/wp-content\/uploads\/2024\/04\/processus-de-pression-manuel-du-beurre-de-karite-914x1024.jpeg 914w, https:\/\/madjikarite.com\/wp-content\/uploads\/2024\/04\/processus-de-pression-manuel-du-beurre-de-karite-400x448.jpeg 400w, https:\/\/madjikarite.com\/wp-content\/uploads\/2024\/04\/processus-de-pression-manuel-du-beurre-de-karite-268x300.jpeg 268w, https:\/\/madjikarite.com\/wp-content\/uploads\/2024\/04\/processus-de-pression-manuel-du-beurre-de-karite-768x860.jpeg 768w, https:\/\/madjikarite.com\/wp-content\/uploads\/2024\/04\/processus-de-pression-manuel-du-beurre-de-karite.jpeg 1080w\" sizes=\"(max-width: 914px) 100vw, 914px\" \/>\t\t\t\t\t\t\t\t\t\t\t\t\t\t\t<\/div>\n\t\t\t\t<\/div>\n\t\t\t\t<\/div>\n\t\t<div class=\"elementor-element elementor-element-6afd7d9 e-con-full e-flex e-con e-child\" data-id=\"6afd7d9\" data-element_type=\"container\" data-e-type=\"container\">\n\t\t\t\t<div class=\"elementor-element elementor-element-861e826 elementor-widget elementor-widget-text-editor\" data-id=\"861e826\" data-element_type=\"widget\" data-e-type=\"widget\" data-widget_type=\"text-editor.default\">\n\t\t\t\t<div class=\"elementor-widget-container\">\n\t\t\t\t\t\t\t\t\t<p class=\"Textbody\" style=\"page-break-before: always;\"><strong><span class=\"StrongEmphasis\"><span style=\"color: black;\">Processus de pr<\/span>ession manuelle du beurre de karit\u00e9<\/span>.<\/strong><\/p><p class=\"Textbody\">Au Tchad, il n&rsquo;y a pas de culture de l&rsquo;arbre \u00e0 karit\u00e9. C&rsquo;est un arbre tr\u00e8s commun dans le sud du pays, que l&rsquo;on trouve en brousse, autour des villages.<\/p><p class=\"Textbody\">Tout commence avec le<b> ramassage des fruits<\/b> qui ne sont m\u00fbrs que lorsqu&rsquo;ils sont tomb\u00e9s de l&rsquo;arbre.<\/p><p class=\"Textbody\">L\u2019\u00e9tape suivante est le<b> d\u00e9pulpage<\/b>\u00a0: la s\u00e9paration de la chair et de la noix. La chair est comestible, tr\u00e8s appr\u00e9ci\u00e9e des enfants.<\/p><p class=\"Textbody\">Les noix sont ensuite bouillies avant d&rsquo;\u00eatre pil\u00e9es pour enlever la coque et <b>r\u00e9cup\u00e9rer les amandes<\/b>.<\/p><p class=\"Textbody\"><span class=\"StrongEmphasis\">Les amandes sont grill\u00e9es puis <\/span><span class=\"StrongEmphasis\"><span style=\"font-weight: normal;\">broy\u00e9es au moulin<\/span>. La poudre est alors m\u00e9lang\u00e9e \u00e0 de l\u2019eau et malax\u00e9e pour obtenir une p\u00e2te blanc ivoire.<\/span><\/p><p class=\"Textbody\"><span class=\"StrongEmphasis\">Cette p\u00e2te est enfin plong\u00e9e dans de l&rsquo;eau bouillante afin de <\/span><span class=\"StrongEmphasis\"><span style=\"font-weight: normal;\">s\u00e9parer l&rsquo;huile des impuret\u00e9s<\/span>.<\/span><\/p><p class=\"Textbody\"><span class=\"StrongEmphasis\">Repos\u00e9e \u00e0 temp\u00e9rature ambiante, l\u2019huile devient beurre de karit\u00e9.<\/span><\/p>\t\t\t\t\t\t\t\t<\/div>\n\t\t\t\t<\/div>\n\t\t\t\t<\/div>\n\t\t\t\t\t<\/div>\n\t\t\t\t<\/div>\n\t\t\t\t<\/div>\n\t\t","protected":false},"excerpt":{"rendered":"<p>Processus de pression manuelle du beurre de karit\u00e9. Au Tchad, il n&rsquo;y a pas de culture de l&rsquo;arbre \u00e0 karit\u00e9&#8230;.<\/p>\n","protected":false},"author":1,"featured_media":3800,"parent":0,"menu_order":0,"comment_status":"closed","ping_status":"closed","template":"","meta":{"footnotes":""},"class_list":["post-3797","page","type-page","status-publish","has-post-thumbnail","hentry"],"yoast_head":"<!-- This site is optimized with the Yoast SEO plugin v27.5 - https:\/\/yoast.com\/product\/yoast-seo-wordpress\/ -->\n<title>Processus de pression manuelle - Majdikarite<\/title>\n<meta name=\"description\" content=\"Processus d&#039;extraction du Beurre de karit\u00e9\" \/>\n<meta name=\"robots\" content=\"index, follow, max-snippet:-1, max-image-preview:large, max-video-preview:-1\" \/>\n<link rel=\"canonical\" href=\"https:\/\/madjikarite.com\/index.php\/processus-de-pression-manuelle\/\" \/>\n<meta property=\"og:locale\" content=\"fr_FR\" \/>\n<meta property=\"og:type\" content=\"article\" \/>\n<meta property=\"og:title\" content=\"Processus de pression manuelle - Majdikarite\" \/>\n<meta property=\"og:description\" content=\"Processus d&#039;extraction du Beurre de karit\u00e9\" \/>\n<meta property=\"og:url\" content=\"https:\/\/madjikarite.com\/index.php\/processus-de-pression-manuelle\/\" \/>\n<meta property=\"og:site_name\" content=\"Majdikarite\" \/>\n<meta property=\"article:publisher\" content=\"https:\/\/www.facebook.com\/Madjikarite\" \/>\n<meta property=\"article:modified_time\" content=\"2024-04-13T19:37:52+00:00\" \/>\n<meta name=\"twitter:card\" content=\"summary_large_image\" \/>\n<meta name=\"twitter:label1\" content=\"Dur\u00e9e de lecture estim\u00e9e\" \/>\n\t<meta name=\"twitter:data1\" content=\"1 minute\" \/>\n<script type=\"application\/ld+json\" class=\"yoast-schema-graph\">{\"@context\":\"https:\\\/\\\/schema.org\",\"@graph\":[{\"@type\":\"WebPage\",\"@id\":\"https:\\\/\\\/madjikarite.com\\\/index.php\\\/processus-de-pression-manuelle\\\/\",\"url\":\"https:\\\/\\\/madjikarite.com\\\/index.php\\\/processus-de-pression-manuelle\\\/\",\"name\":\"Processus de pression manuelle - Majdikarite\",\"isPartOf\":{\"@id\":\"https:\\\/\\\/madjikarite.com\\\/#website\"},\"primaryImageOfPage\":{\"@id\":\"https:\\\/\\\/madjikarite.com\\\/index.php\\\/processus-de-pression-manuelle\\\/#primaryimage\"},\"image\":{\"@id\":\"https:\\\/\\\/madjikarite.com\\\/index.php\\\/processus-de-pression-manuelle\\\/#primaryimage\"},\"thumbnailUrl\":\"\",\"datePublished\":\"2017-01-15T15:24:06+00:00\",\"dateModified\":\"2024-04-13T19:37:52+00:00\",\"description\":\"Processus d'extraction du Beurre de karit\u00e9\",\"breadcrumb\":{\"@id\":\"https:\\\/\\\/madjikarite.com\\\/index.php\\\/processus-de-pression-manuelle\\\/#breadcrumb\"},\"inLanguage\":\"fr-FR\",\"potentialAction\":[{\"@type\":\"ReadAction\",\"target\":[\"https:\\\/\\\/madjikarite.com\\\/index.php\\\/processus-de-pression-manuelle\\\/\"]}]},{\"@type\":\"ImageObject\",\"inLanguage\":\"fr-FR\",\"@id\":\"https:\\\/\\\/madjikarite.com\\\/index.php\\\/processus-de-pression-manuelle\\\/#primaryimage\",\"url\":\"\",\"contentUrl\":\"\"},{\"@type\":\"BreadcrumbList\",\"@id\":\"https:\\\/\\\/madjikarite.com\\\/index.php\\\/processus-de-pression-manuelle\\\/#breadcrumb\",\"itemListElement\":[{\"@type\":\"ListItem\",\"position\":1,\"name\":\"Accueil\",\"item\":\"https:\\\/\\\/madjikarite.com\\\/\"},{\"@type\":\"ListItem\",\"position\":2,\"name\":\"Processus de pression manuelle\"}]},{\"@type\":\"WebSite\",\"@id\":\"https:\\\/\\\/madjikarite.com\\\/#website\",\"url\":\"https:\\\/\\\/madjikarite.com\\\/\",\"name\":\"Majdikarite\",\"description\":\"\",\"publisher\":{\"@id\":\"https:\\\/\\\/madjikarite.com\\\/#organization\"},\"potentialAction\":[{\"@type\":\"SearchAction\",\"target\":{\"@type\":\"EntryPoint\",\"urlTemplate\":\"https:\\\/\\\/madjikarite.com\\\/?s={search_term_string}\"},\"query-input\":{\"@type\":\"PropertyValueSpecification\",\"valueRequired\":true,\"valueName\":\"search_term_string\"}}],\"inLanguage\":\"fr-FR\"},{\"@type\":\"Organization\",\"@id\":\"https:\\\/\\\/madjikarite.com\\\/#organization\",\"name\":\"Majdikarite\",\"url\":\"https:\\\/\\\/madjikarite.com\\\/\",\"logo\":{\"@type\":\"ImageObject\",\"inLanguage\":\"fr-FR\",\"@id\":\"https:\\\/\\\/madjikarite.com\\\/#\\\/schema\\\/logo\\\/image\\\/\",\"url\":\"https:\\\/\\\/madjikarite.com\\\/wp-content\\\/uploads\\\/2025\\\/01\\\/cropped-logo-moyen.webp\",\"contentUrl\":\"https:\\\/\\\/madjikarite.com\\\/wp-content\\\/uploads\\\/2025\\\/01\\\/cropped-logo-moyen.webp\",\"width\":491,\"height\":487,\"caption\":\"Majdikarite\"},\"image\":{\"@id\":\"https:\\\/\\\/madjikarite.com\\\/#\\\/schema\\\/logo\\\/image\\\/\"},\"sameAs\":[\"https:\\\/\\\/www.facebook.com\\\/Madjikarite\",\"https:\\\/\\\/www.instagram.com\\\/madjikarite\\\/\"]}]}<\/script>\n<!-- \/ Yoast SEO plugin. -->","yoast_head_json":{"title":"Processus de pression manuelle - Majdikarite","description":"Processus d'extraction du Beurre de karit\u00e9","robots":{"index":"index","follow":"follow","max-snippet":"max-snippet:-1","max-image-preview":"max-image-preview:large","max-video-preview":"max-video-preview:-1"},"canonical":"https:\/\/madjikarite.com\/index.php\/processus-de-pression-manuelle\/","og_locale":"fr_FR","og_type":"article","og_title":"Processus de pression manuelle - Majdikarite","og_description":"Processus d'extraction du Beurre de karit\u00e9","og_url":"https:\/\/madjikarite.com\/index.php\/processus-de-pression-manuelle\/","og_site_name":"Majdikarite","article_publisher":"https:\/\/www.facebook.com\/Madjikarite","article_modified_time":"2024-04-13T19:37:52+00:00","twitter_card":"summary_large_image","twitter_misc":{"Dur\u00e9e de lecture estim\u00e9e":"1 minute"},"schema":{"@context":"https:\/\/schema.org","@graph":[{"@type":"WebPage","@id":"https:\/\/madjikarite.com\/index.php\/processus-de-pression-manuelle\/","url":"https:\/\/madjikarite.com\/index.php\/processus-de-pression-manuelle\/","name":"Processus de pression manuelle - Majdikarite","isPartOf":{"@id":"https:\/\/madjikarite.com\/#website"},"primaryImageOfPage":{"@id":"https:\/\/madjikarite.com\/index.php\/processus-de-pression-manuelle\/#primaryimage"},"image":{"@id":"https:\/\/madjikarite.com\/index.php\/processus-de-pression-manuelle\/#primaryimage"},"thumbnailUrl":"","datePublished":"2017-01-15T15:24:06+00:00","dateModified":"2024-04-13T19:37:52+00:00","description":"Processus d'extraction du Beurre de karit\u00e9","breadcrumb":{"@id":"https:\/\/madjikarite.com\/index.php\/processus-de-pression-manuelle\/#breadcrumb"},"inLanguage":"fr-FR","potentialAction":[{"@type":"ReadAction","target":["https:\/\/madjikarite.com\/index.php\/processus-de-pression-manuelle\/"]}]},{"@type":"ImageObject","inLanguage":"fr-FR","@id":"https:\/\/madjikarite.com\/index.php\/processus-de-pression-manuelle\/#primaryimage","url":"","contentUrl":""},{"@type":"BreadcrumbList","@id":"https:\/\/madjikarite.com\/index.php\/processus-de-pression-manuelle\/#breadcrumb","itemListElement":[{"@type":"ListItem","position":1,"name":"Accueil","item":"https:\/\/madjikarite.com\/"},{"@type":"ListItem","position":2,"name":"Processus de pression manuelle"}]},{"@type":"WebSite","@id":"https:\/\/madjikarite.com\/#website","url":"https:\/\/madjikarite.com\/","name":"Majdikarite","description":"","publisher":{"@id":"https:\/\/madjikarite.com\/#organization"},"potentialAction":[{"@type":"SearchAction","target":{"@type":"EntryPoint","urlTemplate":"https:\/\/madjikarite.com\/?s={search_term_string}"},"query-input":{"@type":"PropertyValueSpecification","valueRequired":true,"valueName":"search_term_string"}}],"inLanguage":"fr-FR"},{"@type":"Organization","@id":"https:\/\/madjikarite.com\/#organization","name":"Majdikarite","url":"https:\/\/madjikarite.com\/","logo":{"@type":"ImageObject","inLanguage":"fr-FR","@id":"https:\/\/madjikarite.com\/#\/schema\/logo\/image\/","url":"https:\/\/madjikarite.com\/wp-content\/uploads\/2025\/01\/cropped-logo-moyen.webp","contentUrl":"https:\/\/madjikarite.com\/wp-content\/uploads\/2025\/01\/cropped-logo-moyen.webp","width":491,"height":487,"caption":"Majdikarite"},"image":{"@id":"https:\/\/madjikarite.com\/#\/schema\/logo\/image\/"},"sameAs":["https:\/\/www.facebook.com\/Madjikarite","https:\/\/www.instagram.com\/madjikarite\/"]}]}},"post-meta":{"_yoast_wpseo_focuskw_text_input":["extraction du beurre de karit\u00e9"],"_yoast_wpseo_focuskw":["extraction du beurre de karit\u00e9"],"_yoast_wpseo_metadesc":["Processus d'extraction du Beurre de karit\u00e9"],"_yoast_wpseo_linkdex":["49"],"_edit_last":["1"],"_wp_page_template":["default"],"slide_template":["default"],"tm_content_show_page_title":["1"],"tm_content_position":["above"],"tm_page_layout":["box"],"tm_sidebar_position":["right"],"_yoast_wpseo_content_score":["60"],"_thumbnail_id":["3800"],"_edit_lock":["1713037119:1"],"_elementor_template_type":["wp-page"],"_elementor_version":["3.20.4"],"_elementor_data":["[{\"id\":\"f4b08a1\",\"elType\":\"container\",\"settings\":{\"flex_direction\":\"row\",\"flex_gap\":{\"unit\":\"px\",\"size\":0,\"column\":\"0\",\"row\":\"0\"}},\"elements\":[{\"id\":\"5178669\",\"elType\":\"container\",\"settings\":{\"flex_direction\":\"column\",\"content_width\":\"full\",\"width\":{\"unit\":\"%\",\"size\":40}},\"elements\":[{\"id\":\"de944c6\",\"elType\":\"widget\",\"settings\":{\"image\":{\"url\":\"https:\\\/\\\/madjikarite.com\\\/wp-content\\\/uploads\\\/2024\\\/04\\\/processus-de-pression-manuel-du-beurre-de-karite.jpeg\",\"id\":7218,\"size\":\"\",\"alt\":\"\",\"source\":\"library\"},\"width\":{\"unit\":\"%\",\"size\":100,\"sizes\":[]}},\"elements\":[],\"widgetType\":\"image\"}],\"isInner\":true},{\"id\":\"6afd7d9\",\"elType\":\"container\",\"settings\":{\"flex_direction\":\"column\",\"content_width\":\"full\",\"width\":{\"unit\":\"%\",\"size\":68}},\"elements\":[{\"id\":\"861e826\",\"elType\":\"widget\",\"settings\":{\"editor\":\"<p class=\\\"Textbody\\\" style=\\\"page-break-before: always;\\\"><strong><span class=\\\"StrongEmphasis\\\"><span style=\\\"color: black;\\\">Processus de pr<\\\/span>ession manuelle du beurre de karit\\u00e9<\\\/span>.<\\\/strong><\\\/p><p class=\\\"Textbody\\\">Au Tchad, il n'y a pas de culture de l'arbre \\u00e0 karit\\u00e9. C'est un arbre tr\\u00e8s commun dans le sud du pays, que l'on trouve en brousse, autour des villages.<\\\/p><p class=\\\"Textbody\\\">Tout commence avec le<b> ramassage des fruits<\\\/b> qui ne sont m\\u00fbrs que lorsqu'ils sont tomb\\u00e9s de l'arbre.<\\\/p><p class=\\\"Textbody\\\">L\\u2019\\u00e9tape suivante est le<b> d\\u00e9pulpage<\\\/b>\\u00a0: la s\\u00e9paration de la chair et de la noix. La chair est comestible, tr\\u00e8s appr\\u00e9ci\\u00e9e des enfants.<\\\/p><p class=\\\"Textbody\\\">Les noix sont ensuite bouillies avant d'\\u00eatre pil\\u00e9es pour enlever la coque et <b>r\\u00e9cup\\u00e9rer les amandes<\\\/b>.<\\\/p><p class=\\\"Textbody\\\"><span class=\\\"StrongEmphasis\\\">Les amandes sont grill\\u00e9es puis <\\\/span><span class=\\\"StrongEmphasis\\\"><span style=\\\"font-weight: normal;\\\">broy\\u00e9es au moulin<\\\/span>. La poudre est alors m\\u00e9lang\\u00e9e \\u00e0 de l\\u2019eau et malax\\u00e9e pour obtenir une p\\u00e2te blanc ivoire.<\\\/span><\\\/p><p class=\\\"Textbody\\\"><span class=\\\"StrongEmphasis\\\">Cette p\\u00e2te est enfin plong\\u00e9e dans de l'eau bouillante afin de <\\\/span><span class=\\\"StrongEmphasis\\\"><span style=\\\"font-weight: normal;\\\">s\\u00e9parer l'huile des impuret\\u00e9s<\\\/span>.<\\\/span><\\\/p><p class=\\\"Textbody\\\"><span class=\\\"StrongEmphasis\\\">Repos\\u00e9e \\u00e0 temp\\u00e9rature ambiante, l\\u2019huile devient beurre de karit\\u00e9.<\\\/span><\\\/p>\"},\"elements\":[],\"widgetType\":\"text-editor\"}],\"isInner\":true}],\"isInner\":false}]"],"site-container":["default"],"site-header-transparent":["default"],"site-page-header":["default"],"site-sidebar":["default"],"_elementor_edit_mode":["builder"],"_elementor_page_assets":["a:2:{s:6:\"styles\";a:1:{i:0;s:12:\"widget-image\";}s:7:\"scripts\";a:1:{i:0;s:18:\"elementor-frontend\";}}"],"_elementor_css":["a:6:{s:4:\"time\";i:1777710711;s:5:\"fonts\";a:0:{}s:5:\"icons\";a:0:{}s:20:\"dynamic_elements_ids\";a:0:{}s:6:\"status\";s:4:\"file\";i:0;s:0:\"\";}"],"_elementor_element_cache":["{\"timeout\":1777804311,\"value\":{\"content\":\"<div class=\\\"elementor-element elementor-element-f4b08a1 e-flex e-con-boxed e-con e-parent\\\" data-id=\\\"f4b08a1\\\" data-element_type=\\\"container\\\" data-e-type=\\\"container\\\">\\n\\t\\t\\t\\t\\t<div class=\\\"e-con-inner\\\">\\n\\t\\t<div class=\\\"elementor-element elementor-element-5178669 e-con-full e-flex e-con e-child\\\" data-id=\\\"5178669\\\" data-element_type=\\\"container\\\" data-e-type=\\\"container\\\">\\n\\t\\t\\t\\t<div class=\\\"elementor-element elementor-element-de944c6 elementor-widget elementor-widget-image\\\" data-id=\\\"de944c6\\\" data-element_type=\\\"widget\\\" data-e-type=\\\"widget\\\" data-widget_type=\\\"image.default\\\">\\n\\t\\t\\t\\t<div class=\\\"elementor-widget-container\\\">\\n\\t\\t\\t\\t\\t\\t\\t\\t\\t\\t\\t\\t\\t\\t\\t<img width=\\\"914\\\" height=\\\"1024\\\" src=\\\"https:\\\/\\\/madjikarite.com\\\/wp-content\\\/uploads\\\/2024\\\/04\\\/processus-de-pression-manuel-du-beurre-de-karite-914x1024.jpeg\\\" class=\\\"attachment-large size-large wp-image-7218\\\" alt=\\\"\\\" srcset=\\\"https:\\\/\\\/madjikarite.com\\\/wp-content\\\/uploads\\\/2024\\\/04\\\/processus-de-pression-manuel-du-beurre-de-karite-914x1024.jpeg 914w, https:\\\/\\\/madjikarite.com\\\/wp-content\\\/uploads\\\/2024\\\/04\\\/processus-de-pression-manuel-du-beurre-de-karite-400x448.jpeg 400w, https:\\\/\\\/madjikarite.com\\\/wp-content\\\/uploads\\\/2024\\\/04\\\/processus-de-pression-manuel-du-beurre-de-karite-268x300.jpeg 268w, https:\\\/\\\/madjikarite.com\\\/wp-content\\\/uploads\\\/2024\\\/04\\\/processus-de-pression-manuel-du-beurre-de-karite-768x860.jpeg 768w, https:\\\/\\\/madjikarite.com\\\/wp-content\\\/uploads\\\/2024\\\/04\\\/processus-de-pression-manuel-du-beurre-de-karite.jpeg 1080w\\\" sizes=\\\"(max-width: 914px) 100vw, 914px\\\" \\\/>\\t\\t\\t\\t\\t\\t\\t\\t\\t\\t\\t\\t\\t\\t\\t<\\\/div>\\n\\t\\t\\t\\t<\\\/div>\\n\\t\\t\\t\\t<\\\/div>\\n\\t\\t<div class=\\\"elementor-element elementor-element-6afd7d9 e-con-full e-flex e-con e-child\\\" data-id=\\\"6afd7d9\\\" data-element_type=\\\"container\\\" data-e-type=\\\"container\\\">\\n\\t\\t[elementor-element k=\\\"23847670ba1d2ea37ed816e80bde1de5\\\" data=\\\"eyJpZCI6Ijg2MWU4MjYiLCJlbFR5cGUiOiJ3aWRnZXQiLCJzZXR0aW5ncyI6eyJlZGl0b3IiOiI8cCBjbGFzcz1cIlRleHRib2R5XCIgc3R5bGU9XCJwYWdlLWJyZWFrLWJlZm9yZTogYWx3YXlzO1wiPjxzdHJvbmc+PHNwYW4gY2xhc3M9XCJTdHJvbmdFbXBoYXNpc1wiPjxzcGFuIHN0eWxlPVwiY29sb3I6IGJsYWNrO1wiPlByb2Nlc3N1cyBkZSBwcjxcL3NwYW4+ZXNzaW9uIG1hbnVlbGxlIGR1IGJldXJyZSBkZSBrYXJpdFx1MDBlOTxcL3NwYW4+LjxcL3N0cm9uZz48XC9wPjxwIGNsYXNzPVwiVGV4dGJvZHlcIj5BdSBUY2hhZCwgaWwgbid5IGEgcGFzIGRlIGN1bHR1cmUgZGUgbCdhcmJyZSBcdTAwZTAga2FyaXRcdTAwZTkuIEMnZXN0IHVuIGFyYnJlIHRyXHUwMGU4cyBjb21tdW4gZGFucyBsZSBzdWQgZHUgcGF5cywgcXVlIGwnb24gdHJvdXZlIGVuIGJyb3Vzc2UsIGF1dG91ciBkZXMgdmlsbGFnZXMuPFwvcD48cCBjbGFzcz1cIlRleHRib2R5XCI+VG91dCBjb21tZW5jZSBhdmVjIGxlPGI+IHJhbWFzc2FnZSBkZXMgZnJ1aXRzPFwvYj4gcXVpIG5lIHNvbnQgbVx1MDBmYnJzIHF1ZSBsb3JzcXUnaWxzIHNvbnQgdG9tYlx1MDBlOXMgZGUgbCdhcmJyZS48XC9wPjxwIGNsYXNzPVwiVGV4dGJvZHlcIj5MXHUyMDE5XHUwMGU5dGFwZSBzdWl2YW50ZSBlc3QgbGU8Yj4gZFx1MDBlOXB1bHBhZ2U8XC9iPlx1MDBhMDogbGEgc1x1MDBlOXBhcmF0aW9uIGRlIGxhIGNoYWlyIGV0IGRlIGxhIG5vaXguIExhIGNoYWlyIGVzdCBjb21lc3RpYmxlLCB0clx1MDBlOHMgYXBwclx1MDBlOWNpXHUwMGU5ZSBkZXMgZW5mYW50cy48XC9wPjxwIGNsYXNzPVwiVGV4dGJvZHlcIj5MZXMgbm9peCBzb250IGVuc3VpdGUgYm91aWxsaWVzIGF2YW50IGQnXHUwMGVhdHJlIHBpbFx1MDBlOWVzIHBvdXIgZW5sZXZlciBsYSBjb3F1ZSBldCA8Yj5yXHUwMGU5Y3VwXHUwMGU5cmVyIGxlcyBhbWFuZGVzPFwvYj4uPFwvcD48cCBjbGFzcz1cIlRleHRib2R5XCI+PHNwYW4gY2xhc3M9XCJTdHJvbmdFbXBoYXNpc1wiPkxlcyBhbWFuZGVzIHNvbnQgZ3JpbGxcdTAwZTllcyBwdWlzIDxcL3NwYW4+PHNwYW4gY2xhc3M9XCJTdHJvbmdFbXBoYXNpc1wiPjxzcGFuIHN0eWxlPVwiZm9udC13ZWlnaHQ6IG5vcm1hbDtcIj5icm95XHUwMGU5ZXMgYXUgbW91bGluPFwvc3Bhbj4uIExhIHBvdWRyZSBlc3QgYWxvcnMgbVx1MDBlOWxhbmdcdTAwZTllIFx1MDBlMCBkZSBsXHUyMDE5ZWF1IGV0IG1hbGF4XHUwMGU5ZSBwb3VyIG9idGVuaXIgdW5lIHBcdTAwZTJ0ZSBibGFuYyBpdm9pcmUuPFwvc3Bhbj48XC9wPjxwIGNsYXNzPVwiVGV4dGJvZHlcIj48c3BhbiBjbGFzcz1cIlN0cm9uZ0VtcGhhc2lzXCI+Q2V0dGUgcFx1MDBlMnRlIGVzdCBlbmZpbiBwbG9uZ1x1MDBlOWUgZGFucyBkZSBsJ2VhdSBib3VpbGxhbnRlIGFmaW4gZGUgPFwvc3Bhbj48c3BhbiBjbGFzcz1cIlN0cm9uZ0VtcGhhc2lzXCI+PHNwYW4gc3R5bGU9XCJmb250LXdlaWdodDogbm9ybWFsO1wiPnNcdTAwZTlwYXJlciBsJ2h1aWxlIGRlcyBpbXB1cmV0XHUwMGU5czxcL3NwYW4+LjxcL3NwYW4+PFwvcD48cCBjbGFzcz1cIlRleHRib2R5XCI+PHNwYW4gY2xhc3M9XCJTdHJvbmdFbXBoYXNpc1wiPlJlcG9zXHUwMGU5ZSBcdTAwZTAgdGVtcFx1MDBlOXJhdHVyZSBhbWJpYW50ZSwgbFx1MjAxOWh1aWxlIGRldmllbnQgYmV1cnJlIGRlIGthcml0XHUwMGU5LjxcL3NwYW4+PFwvcD4ifSwiZWxlbWVudHMiOltdLCJ3aWRnZXRUeXBlIjoidGV4dC1lZGl0b3IifQ==\\\"]\\t\\t<\\\/div>\\n\\t\\t\\t\\t\\t<\\\/div>\\n\\t\\t\\t\\t<\\\/div>\\n\\t\\t\",\"scripts\":[],\"styles\":[]}}"]},"_links":{"self":[{"href":"https:\/\/madjikarite.com\/index.php\/wp-json\/wp\/v2\/pages\/3797","targetHints":{"allow":["GET"]}}],"collection":[{"href":"https:\/\/madjikarite.com\/index.php\/wp-json\/wp\/v2\/pages"}],"about":[{"href":"https:\/\/madjikarite.com\/index.php\/wp-json\/wp\/v2\/types\/page"}],"author":[{"embeddable":true,"href":"https:\/\/madjikarite.com\/index.php\/wp-json\/wp\/v2\/users\/1"}],"replies":[{"embeddable":true,"href":"https:\/\/madjikarite.com\/index.php\/wp-json\/wp\/v2\/comments?post=3797"}],"version-history":[{"count":10,"href":"https:\/\/madjikarite.com\/index.php\/wp-json\/wp\/v2\/pages\/3797\/revisions"}],"predecessor-version":[{"id":7222,"href":"https:\/\/madjikarite.com\/index.php\/wp-json\/wp\/v2\/pages\/3797\/revisions\/7222"}],"wp:featuredmedia":[{"embeddable":true,"href":"https:\/\/madjikarite.com\/index.php\/wp-json\/"}],"wp:attachment":[{"href":"https:\/\/madjikarite.com\/index.php\/wp-json\/wp\/v2\/media?parent=3797"}],"curies":[{"name":"wp","href":"https:\/\/api.w.org\/{rel}","templated":true}]}}