{"id":7349,"date":"2024-06-09T18:06:08","date_gmt":"2024-06-09T16:06:08","guid":{"rendered":"https:\/\/madjikarite.com\/?page_id=7349"},"modified":"2025-06-03T10:54:12","modified_gmt":"2025-06-03T08:54:12","slug":"nos-points-de-vente","status":"publish","type":"page","link":"https:\/\/madjikarite.com\/index.php\/nos-points-de-vente\/","title":{"rendered":"Nos points de vente"},"content":{"rendered":"\t\t<div data-elementor-type=\"wp-page\" data-elementor-id=\"7349\" class=\"elementor elementor-7349\">\n\t\t\t\t<div class=\"elementor-element elementor-element-f443ec2 e-flex e-con-boxed e-con e-parent\" data-id=\"f443ec2\" data-element_type=\"container\" data-e-type=\"container\">\n\t\t\t\t\t<div class=\"e-con-inner\">\n\t\t<div class=\"elementor-element elementor-element-d25e243 e-con-full e-flex e-con e-child\" data-id=\"d25e243\" data-element_type=\"container\" data-e-type=\"container\">\n\t\t\t\t<div class=\"elementor-element elementor-element-059c008 elementor-widget elementor-widget-image\" data-id=\"059c008\" data-element_type=\"widget\" data-e-type=\"widget\" data-widget_type=\"image.default\">\n\t\t\t\t<div class=\"elementor-widget-container\">\n\t\t\t\t\t\t\t\t\t\t\t\t\t\t\t<img fetchpriority=\"high\" decoding=\"async\" width=\"600\" height=\"900\" src=\"https:\/\/madjikarite.com\/wp-content\/uploads\/2024\/06\/points-de-vente-1.jpg\" class=\"attachment-large size-large wp-image-7343\" alt=\"points de vente\" srcset=\"https:\/\/madjikarite.com\/wp-content\/uploads\/2024\/06\/points-de-vente-1.jpg 600w, https:\/\/madjikarite.com\/wp-content\/uploads\/2024\/06\/points-de-vente-1-400x600.jpg 400w, https:\/\/madjikarite.com\/wp-content\/uploads\/2024\/06\/points-de-vente-1-200x300.jpg 200w\" sizes=\"(max-width: 600px) 100vw, 600px\" \/>\t\t\t\t\t\t\t\t\t\t\t\t\t\t\t<\/div>\n\t\t\t\t<\/div>\n\t\t\t\t<\/div>\n\t\t\t\t<div class=\"elementor-element elementor-element-2f52a19 elementor-widget elementor-widget-text-editor\" data-id=\"2f52a19\" data-element_type=\"widget\" data-e-type=\"widget\" data-widget_type=\"text-editor.default\">\n\t\t\t\t<div class=\"elementor-widget-container\">\n\t\t\t\t\t\t\t\t\t<p>Nos produits sont disponibles en commande via notre site, mais vous pouvez \u00e9galement en retrouver dans les points de vente suivants :<\/p><p><span style=\"text-decoration: underline;\"><strong>CALVADOS (14)<\/strong><\/span><\/p><p><strong>Mezidon Vall\u00e9e <\/strong><strong>d\u2019Auge<\/strong> : Le pressoir Fleuri, 402 chemin des patriotes , saint Julien Le Faucon, 1440 Mezidon Vall\u00e9e d\u2019Auge<\/p><p><strong><span style=\"text-decoration: underline;\">ESSONE (91)<\/span><\/strong><\/p><p><strong>Dures sur Yvette :<\/strong> Artisan du monde, au 67 rue Charles Degaule 91440 Dures sur Yvette<\/p><p><span style=\"text-decoration: underline;\"><strong>NORD (59)<\/strong><\/span><\/p><p><strong>Tourcoing :<\/strong> Artisans du monde, 14 route nationale, 59200 Tourcoing<\/p><p><span style=\"text-decoration: underline;\"><strong>PARIS (75)<\/strong><\/span><\/p><p>Yoga et Beaut\u00e9 Lakshmi, 17 rue Albert Bayet, Paris<\/p><p><span style=\"text-decoration: underline;\"><strong>PAS-DE-CALAIS (62)<\/strong><\/span><\/p><p><strong>B\u00e9thune :<\/strong> Boko, 226 rue Sadi Carnot, 62400 B\u00e9thune<\/p><p><strong>B\u00e9thune :<\/strong> Pharmacie du Mont Liebaut, 121 Boulevard des Etats-Unis, 62400 B\u00e9thune<\/p><p><strong>B\u00e9thune: <\/strong>L\u2019office de Tourisme de B\u00e9thune- Bruay , 3 rue Aristote \u00a0Briand, 62400 B\u00e9thune<\/p><p><strong>B\u00e9thune<\/strong>: La Pharmacie Saint Eloi 227 Bd Jean Moulin, 62400 B\u00e9thune<\/p><p><strong>B\u00e9thune: <\/strong>L\u2019Atelier by Jessy, Amandine 390 Bd Jean Moulin, 62400 B\u00e9thune<\/p><p><strong>Boulogne-sur-Mer :<\/strong> Artisans du Monde, 49 grande rue, 62200 Boulogne sur Mer<\/p><p><strong>Isbergues<\/strong>:\u00a0 Pharmacie des Aci\u00e9ries, 13 rue Roger Salengro, 62330 Isbergues<\/p><p><strong>Lens :<\/strong> Int\u00e9rieur Jour \u00e0 Lens, au 3 Rue Ren\u00e9 Lanoy, 62300 Lens<\/p><p><strong>Lens<\/strong>:\u00a0 Le Toit Commun, 15 rue Rene lanoy, 62300 Lens<\/p><p><strong>Pharmacie de Souchez<\/strong>:\u00a0 41 rue carnot,\u00a0 62153 Souchez<\/p><p>\u00a0<strong>Vaudricourt<\/strong>:\u00a0 Saint Casimir, 103 chemin de l&rsquo;Eglise, 62131 Vaudricourt<\/p>\t\t\t\t\t\t\t\t<\/div>\n\t\t\t\t<\/div>\n\t\t\t\t\t<\/div>\n\t\t\t\t<\/div>\n\t\t\t\t<\/div>\n\t\t","protected":false},"excerpt":{"rendered":"<p>Nos produits sont disponibles en commande via notre site, mais vous pouvez \u00e9galement en retrouver dans les points de vente&#8230;<\/p>\n","protected":false},"author":1,"featured_media":0,"parent":0,"menu_order":0,"comment_status":"closed","ping_status":"closed","template":"","meta":{"footnotes":""},"class_list":["post-7349","page","type-page","status-publish","hentry"],"yoast_head":"<!-- This site is optimized with the Yoast SEO plugin v27.6 - https:\/\/yoast.com\/product\/yoast-seo-wordpress\/ -->\n<title>Nos points de vente - Majdikarite<\/title>\n<meta name=\"robots\" content=\"index, follow, max-snippet:-1, max-image-preview:large, max-video-preview:-1\" \/>\n<link rel=\"canonical\" href=\"https:\/\/madjikarite.com\/index.php\/nos-points-de-vente\/\" \/>\n<meta property=\"og:locale\" content=\"fr_FR\" \/>\n<meta property=\"og:type\" content=\"article\" \/>\n<meta property=\"og:title\" content=\"Nos points de vente - Majdikarite\" \/>\n<meta property=\"og:description\" content=\"Nos produits sont disponibles en commande via notre site, mais vous pouvez \u00e9galement en retrouver dans les points de vente...\" \/>\n<meta property=\"og:url\" content=\"https:\/\/madjikarite.com\/index.php\/nos-points-de-vente\/\" \/>\n<meta property=\"og:site_name\" content=\"Majdikarite\" \/>\n<meta property=\"article:publisher\" content=\"https:\/\/www.facebook.com\/Madjikarite\" \/>\n<meta property=\"article:modified_time\" content=\"2025-06-03T08:54:12+00:00\" \/>\n<meta property=\"og:image\" content=\"https:\/\/madjikarite.com\/wp-content\/uploads\/2024\/06\/points-de-vente-1.jpg\" \/>\n\t<meta property=\"og:image:width\" content=\"600\" \/>\n\t<meta property=\"og:image:height\" content=\"900\" \/>\n\t<meta property=\"og:image:type\" content=\"image\/jpeg\" \/>\n<meta name=\"twitter:card\" content=\"summary_large_image\" \/>\n<meta name=\"twitter:label1\" content=\"Dur\u00e9e de lecture estim\u00e9e\" \/>\n\t<meta name=\"twitter:data1\" content=\"2 minutes\" \/>\n<script type=\"application\/ld+json\" class=\"yoast-schema-graph\">{\"@context\":\"https:\\\/\\\/schema.org\",\"@graph\":[{\"@type\":\"WebPage\",\"@id\":\"https:\\\/\\\/madjikarite.com\\\/index.php\\\/nos-points-de-vente\\\/\",\"url\":\"https:\\\/\\\/madjikarite.com\\\/index.php\\\/nos-points-de-vente\\\/\",\"name\":\"Nos points de vente - Majdikarite\",\"isPartOf\":{\"@id\":\"https:\\\/\\\/madjikarite.com\\\/#website\"},\"primaryImageOfPage\":{\"@id\":\"https:\\\/\\\/madjikarite.com\\\/index.php\\\/nos-points-de-vente\\\/#primaryimage\"},\"image\":{\"@id\":\"https:\\\/\\\/madjikarite.com\\\/index.php\\\/nos-points-de-vente\\\/#primaryimage\"},\"thumbnailUrl\":\"https:\\\/\\\/madjikarite.com\\\/wp-content\\\/uploads\\\/2024\\\/06\\\/points-de-vente-1.jpg\",\"datePublished\":\"2024-06-09T16:06:08+00:00\",\"dateModified\":\"2025-06-03T08:54:12+00:00\",\"breadcrumb\":{\"@id\":\"https:\\\/\\\/madjikarite.com\\\/index.php\\\/nos-points-de-vente\\\/#breadcrumb\"},\"inLanguage\":\"fr-FR\",\"potentialAction\":[{\"@type\":\"ReadAction\",\"target\":[\"https:\\\/\\\/madjikarite.com\\\/index.php\\\/nos-points-de-vente\\\/\"]}]},{\"@type\":\"ImageObject\",\"inLanguage\":\"fr-FR\",\"@id\":\"https:\\\/\\\/madjikarite.com\\\/index.php\\\/nos-points-de-vente\\\/#primaryimage\",\"url\":\"https:\\\/\\\/madjikarite.com\\\/wp-content\\\/uploads\\\/2024\\\/06\\\/points-de-vente-1.jpg\",\"contentUrl\":\"https:\\\/\\\/madjikarite.com\\\/wp-content\\\/uploads\\\/2024\\\/06\\\/points-de-vente-1.jpg\",\"width\":600,\"height\":900,\"caption\":\"points de vente\"},{\"@type\":\"BreadcrumbList\",\"@id\":\"https:\\\/\\\/madjikarite.com\\\/index.php\\\/nos-points-de-vente\\\/#breadcrumb\",\"itemListElement\":[{\"@type\":\"ListItem\",\"position\":1,\"name\":\"Accueil\",\"item\":\"https:\\\/\\\/madjikarite.com\\\/\"},{\"@type\":\"ListItem\",\"position\":2,\"name\":\"Nos points de vente\"}]},{\"@type\":\"WebSite\",\"@id\":\"https:\\\/\\\/madjikarite.com\\\/#website\",\"url\":\"https:\\\/\\\/madjikarite.com\\\/\",\"name\":\"Majdikarite\",\"description\":\"\",\"publisher\":{\"@id\":\"https:\\\/\\\/madjikarite.com\\\/#organization\"},\"potentialAction\":[{\"@type\":\"SearchAction\",\"target\":{\"@type\":\"EntryPoint\",\"urlTemplate\":\"https:\\\/\\\/madjikarite.com\\\/?s={search_term_string}\"},\"query-input\":{\"@type\":\"PropertyValueSpecification\",\"valueRequired\":true,\"valueName\":\"search_term_string\"}}],\"inLanguage\":\"fr-FR\"},{\"@type\":\"Organization\",\"@id\":\"https:\\\/\\\/madjikarite.com\\\/#organization\",\"name\":\"Majdikarite\",\"url\":\"https:\\\/\\\/madjikarite.com\\\/\",\"logo\":{\"@type\":\"ImageObject\",\"inLanguage\":\"fr-FR\",\"@id\":\"https:\\\/\\\/madjikarite.com\\\/#\\\/schema\\\/logo\\\/image\\\/\",\"url\":\"https:\\\/\\\/madjikarite.com\\\/wp-content\\\/uploads\\\/2025\\\/01\\\/cropped-logo-moyen.webp\",\"contentUrl\":\"https:\\\/\\\/madjikarite.com\\\/wp-content\\\/uploads\\\/2025\\\/01\\\/cropped-logo-moyen.webp\",\"width\":491,\"height\":487,\"caption\":\"Majdikarite\"},\"image\":{\"@id\":\"https:\\\/\\\/madjikarite.com\\\/#\\\/schema\\\/logo\\\/image\\\/\"},\"sameAs\":[\"https:\\\/\\\/www.facebook.com\\\/Madjikarite\",\"https:\\\/\\\/www.instagram.com\\\/madjikarite\\\/\"]}]}<\/script>\n<!-- \/ Yoast SEO plugin. -->","yoast_head_json":{"title":"Nos points de vente - Majdikarite","robots":{"index":"index","follow":"follow","max-snippet":"max-snippet:-1","max-image-preview":"max-image-preview:large","max-video-preview":"max-video-preview:-1"},"canonical":"https:\/\/madjikarite.com\/index.php\/nos-points-de-vente\/","og_locale":"fr_FR","og_type":"article","og_title":"Nos points de vente - Majdikarite","og_description":"Nos produits sont disponibles en commande via notre site, mais vous pouvez \u00e9galement en retrouver dans les points de vente...","og_url":"https:\/\/madjikarite.com\/index.php\/nos-points-de-vente\/","og_site_name":"Majdikarite","article_publisher":"https:\/\/www.facebook.com\/Madjikarite","article_modified_time":"2025-06-03T08:54:12+00:00","og_image":[{"width":600,"height":900,"url":"https:\/\/madjikarite.com\/wp-content\/uploads\/2024\/06\/points-de-vente-1.jpg","type":"image\/jpeg"}],"twitter_card":"summary_large_image","twitter_misc":{"Dur\u00e9e de lecture estim\u00e9e":"2 minutes"},"schema":{"@context":"https:\/\/schema.org","@graph":[{"@type":"WebPage","@id":"https:\/\/madjikarite.com\/index.php\/nos-points-de-vente\/","url":"https:\/\/madjikarite.com\/index.php\/nos-points-de-vente\/","name":"Nos points de vente - Majdikarite","isPartOf":{"@id":"https:\/\/madjikarite.com\/#website"},"primaryImageOfPage":{"@id":"https:\/\/madjikarite.com\/index.php\/nos-points-de-vente\/#primaryimage"},"image":{"@id":"https:\/\/madjikarite.com\/index.php\/nos-points-de-vente\/#primaryimage"},"thumbnailUrl":"https:\/\/madjikarite.com\/wp-content\/uploads\/2024\/06\/points-de-vente-1.jpg","datePublished":"2024-06-09T16:06:08+00:00","dateModified":"2025-06-03T08:54:12+00:00","breadcrumb":{"@id":"https:\/\/madjikarite.com\/index.php\/nos-points-de-vente\/#breadcrumb"},"inLanguage":"fr-FR","potentialAction":[{"@type":"ReadAction","target":["https:\/\/madjikarite.com\/index.php\/nos-points-de-vente\/"]}]},{"@type":"ImageObject","inLanguage":"fr-FR","@id":"https:\/\/madjikarite.com\/index.php\/nos-points-de-vente\/#primaryimage","url":"https:\/\/madjikarite.com\/wp-content\/uploads\/2024\/06\/points-de-vente-1.jpg","contentUrl":"https:\/\/madjikarite.com\/wp-content\/uploads\/2024\/06\/points-de-vente-1.jpg","width":600,"height":900,"caption":"points de vente"},{"@type":"BreadcrumbList","@id":"https:\/\/madjikarite.com\/index.php\/nos-points-de-vente\/#breadcrumb","itemListElement":[{"@type":"ListItem","position":1,"name":"Accueil","item":"https:\/\/madjikarite.com\/"},{"@type":"ListItem","position":2,"name":"Nos points de vente"}]},{"@type":"WebSite","@id":"https:\/\/madjikarite.com\/#website","url":"https:\/\/madjikarite.com\/","name":"Majdikarite","description":"","publisher":{"@id":"https:\/\/madjikarite.com\/#organization"},"potentialAction":[{"@type":"SearchAction","target":{"@type":"EntryPoint","urlTemplate":"https:\/\/madjikarite.com\/?s={search_term_string}"},"query-input":{"@type":"PropertyValueSpecification","valueRequired":true,"valueName":"search_term_string"}}],"inLanguage":"fr-FR"},{"@type":"Organization","@id":"https:\/\/madjikarite.com\/#organization","name":"Majdikarite","url":"https:\/\/madjikarite.com\/","logo":{"@type":"ImageObject","inLanguage":"fr-FR","@id":"https:\/\/madjikarite.com\/#\/schema\/logo\/image\/","url":"https:\/\/madjikarite.com\/wp-content\/uploads\/2025\/01\/cropped-logo-moyen.webp","contentUrl":"https:\/\/madjikarite.com\/wp-content\/uploads\/2025\/01\/cropped-logo-moyen.webp","width":491,"height":487,"caption":"Majdikarite"},"image":{"@id":"https:\/\/madjikarite.com\/#\/schema\/logo\/image\/"},"sameAs":["https:\/\/www.facebook.com\/Madjikarite","https:\/\/www.instagram.com\/madjikarite\/"]}]}},"post-meta":{"_customize_changeset_uuid":["767d5e21-b61b-420b-916d-04633cebb204"],"_edit_lock":["1748942268:1"],"_elementor_edit_mode":["builder"],"_elementor_template_type":["wp-page"],"_elementor_version":["3.29.1"],"_wp_page_template":["default"],"_elementor_data":["[{\"id\":\"f443ec2\",\"elType\":\"container\",\"settings\":{\"flex_direction\":\"row\",\"flex_gap\":{\"unit\":\"px\",\"size\":37,\"column\":\"37\",\"row\":\"0\"},\"boxed_width\":{\"unit\":\"%\",\"size\":78,\"sizes\":[]},\"boxed_width_tablet\":{\"unit\":\"%\",\"size\":\"\",\"sizes\":[]},\"boxed_width_mobile\":{\"unit\":\"%\",\"size\":\"\",\"sizes\":[]}},\"elements\":[{\"id\":\"d25e243\",\"elType\":\"container\",\"settings\":{\"flex_direction\":\"column\",\"content_width\":\"full\",\"width\":{\"unit\":\"%\",\"size\":45}},\"elements\":[{\"id\":\"059c008\",\"elType\":\"widget\",\"settings\":{\"image\":{\"url\":\"https:\\\/\\\/madjikarite.com\\\/wp-content\\\/uploads\\\/2024\\\/06\\\/points-de-vente-1.jpg\",\"id\":7343,\"size\":\"\",\"alt\":\"points de vente\",\"source\":\"library\"}},\"elements\":[],\"widgetType\":\"image\"}],\"isInner\":true},{\"id\":\"2f52a19\",\"elType\":\"widget\",\"settings\":{\"editor\":\"<p>Nos produits sont disponibles en commande via notre site, mais vous pouvez \\u00e9galement en retrouver dans les points de vente suivants :<\\\/p><p><span style=\\\"text-decoration: underline;\\\"><strong>CALVADOS (14)<\\\/strong><\\\/span><\\\/p><p><strong>Mezidon Vall\\u00e9e <\\\/strong><strong>d\\u2019Auge<\\\/strong> : Le pressoir Fleuri, 402 chemin des patriotes , saint Julien Le Faucon, 1440 Mezidon Vall\\u00e9e d\\u2019Auge<\\\/p><p><strong><span style=\\\"text-decoration: underline;\\\">ESSONE (91)<\\\/span><\\\/strong><\\\/p><p><strong>Dures sur Yvette :<\\\/strong> Artisan du monde, au 67 rue Charles Degaule 91440 Dures sur Yvette<\\\/p><p><span style=\\\"text-decoration: underline;\\\"><strong>NORD (59)<\\\/strong><\\\/span><\\\/p><p><strong>Tourcoing :<\\\/strong> Artisans du monde, 14 route nationale, 59200 Tourcoing<\\\/p><p><span style=\\\"text-decoration: underline;\\\"><strong>PARIS (75)<\\\/strong><\\\/span><\\\/p><p>Yoga et Beaut\\u00e9 Lakshmi, 17 rue Albert Bayet, Paris<\\\/p><p><span style=\\\"text-decoration: underline;\\\"><strong>PAS-DE-CALAIS (62)<\\\/strong><\\\/span><\\\/p><p><strong>B\\u00e9thune :<\\\/strong> Boko, 226 rue Sadi Carnot, 62400 B\\u00e9thune<\\\/p><p><strong>B\\u00e9thune :<\\\/strong> Pharmacie du Mont Liebaut, 121 Boulevard des Etats-Unis, 62400 B\\u00e9thune<\\\/p><p><strong>B\\u00e9thune: <\\\/strong>L\\u2019office de Tourisme de B\\u00e9thune- Bruay , 3 rue Aristote \\u00a0Briand, 62400 B\\u00e9thune<\\\/p><p><strong>B\\u00e9thune<\\\/strong>: La Pharmacie Saint Eloi 227 Bd Jean Moulin, 62400 B\\u00e9thune<\\\/p><p><strong>B\\u00e9thune: <\\\/strong>L\\u2019Atelier by Jessy, Amandine 390 Bd Jean Moulin, 62400 B\\u00e9thune<\\\/p><p><strong>Boulogne-sur-Mer :<\\\/strong> Artisans du Monde, 49 grande rue, 62200 Boulogne sur Mer<\\\/p><p><strong>Isbergues<\\\/strong>:\\u00a0 Pharmacie des Aci\\u00e9ries, 13 rue Roger Salengro, 62330 Isbergues<\\\/p><p><strong>Lens :<\\\/strong> Int\\u00e9rieur Jour \\u00e0 Lens, au 3 Rue Ren\\u00e9 Lanoy, 62300 Lens<\\\/p><p><strong>Lens<\\\/strong>:\\u00a0 Le Toit Commun, 15 rue Rene lanoy, 62300 Lens<\\\/p><p><strong>Pharmacie de Souchez<\\\/strong>:\\u00a0 41 rue carnot,\\u00a0 62153 Souchez<\\\/p><p>\\u00a0<strong>Vaudricourt<\\\/strong>:\\u00a0 Saint Casimir, 103 chemin de l'Eglise, 62131 Vaudricourt<\\\/p>\"},\"elements\":[],\"widgetType\":\"text-editor\"}],\"isInner\":false}]"],"_yoast_wpseo_content_score":["90"],"_yoast_wpseo_estimated-reading-time-minutes":["2"],"_edit_last":["1"],"site-container":["default"],"site-header-transparent":["default"],"site-page-header":["default"],"site-sidebar":["default"],"_elementor_page_assets":["a:2:{s:6:\"styles\";a:1:{i:0;s:12:\"widget-image\";}s:7:\"scripts\";a:1:{i:0;s:18:\"elementor-frontend\";}}"],"_elementor_css":["a:6:{s:4:\"time\";i:1778691923;s:5:\"fonts\";a:0:{}s:5:\"icons\";a:0:{}s:20:\"dynamic_elements_ids\";a:0:{}s:6:\"status\";s:4:\"file\";i:0;s:0:\"\";}"],"_elementor_element_cache":["{\"timeout\":1778785523,\"value\":{\"content\":\"<div class=\\\"elementor-element elementor-element-f443ec2 e-flex e-con-boxed e-con e-parent\\\" data-id=\\\"f443ec2\\\" data-element_type=\\\"container\\\" data-e-type=\\\"container\\\">\\n\\t\\t\\t\\t\\t<div class=\\\"e-con-inner\\\">\\n\\t\\t<div class=\\\"elementor-element elementor-element-d25e243 e-con-full e-flex e-con e-child\\\" data-id=\\\"d25e243\\\" data-element_type=\\\"container\\\" data-e-type=\\\"container\\\">\\n\\t\\t\\t\\t<div class=\\\"elementor-element elementor-element-059c008 elementor-widget elementor-widget-image\\\" data-id=\\\"059c008\\\" data-element_type=\\\"widget\\\" data-e-type=\\\"widget\\\" data-widget_type=\\\"image.default\\\">\\n\\t\\t\\t\\t<div class=\\\"elementor-widget-container\\\">\\n\\t\\t\\t\\t\\t\\t\\t\\t\\t\\t\\t\\t\\t\\t\\t<img width=\\\"600\\\" height=\\\"900\\\" src=\\\"https:\\\/\\\/madjikarite.com\\\/wp-content\\\/uploads\\\/2024\\\/06\\\/points-de-vente-1.jpg\\\" class=\\\"attachment-large size-large wp-image-7343\\\" alt=\\\"points de vente\\\" srcset=\\\"https:\\\/\\\/madjikarite.com\\\/wp-content\\\/uploads\\\/2024\\\/06\\\/points-de-vente-1.jpg 600w, https:\\\/\\\/madjikarite.com\\\/wp-content\\\/uploads\\\/2024\\\/06\\\/points-de-vente-1-400x600.jpg 400w, https:\\\/\\\/madjikarite.com\\\/wp-content\\\/uploads\\\/2024\\\/06\\\/points-de-vente-1-200x300.jpg 200w\\\" sizes=\\\"(max-width: 600px) 100vw, 600px\\\" \\\/>\\t\\t\\t\\t\\t\\t\\t\\t\\t\\t\\t\\t\\t\\t\\t<\\\/div>\\n\\t\\t\\t\\t<\\\/div>\\n\\t\\t\\t\\t<\\\/div>\\n\\t\\t[elementor-element k=\\\"23847670ba1d2ea37ed816e80bde1de5\\\" data=\\\"eyJpZCI6IjJmNTJhMTkiLCJlbFR5cGUiOiJ3aWRnZXQiLCJzZXR0aW5ncyI6eyJlZGl0b3IiOiI8cD5Ob3MgcHJvZHVpdHMgc29udCBkaXNwb25pYmxlcyBlbiBjb21tYW5kZSB2aWEgbm90cmUgc2l0ZSwgbWFpcyB2b3VzIHBvdXZleiBcdTAwZTlnYWxlbWVudCBlbiByZXRyb3V2ZXIgZGFucyBsZXMgcG9pbnRzIGRlIHZlbnRlIHN1aXZhbnRzIDo8XC9wPjxwPjxzcGFuIHN0eWxlPVwidGV4dC1kZWNvcmF0aW9uOiB1bmRlcmxpbmU7XCI+PHN0cm9uZz5DQUxWQURPUyAoMTQpPFwvc3Ryb25nPjxcL3NwYW4+PFwvcD48cD48c3Ryb25nPk1lemlkb24gVmFsbFx1MDBlOWUgPFwvc3Ryb25nPjxzdHJvbmc+ZFx1MjAxOUF1Z2U8XC9zdHJvbmc+IDogTGUgcHJlc3NvaXIgRmxldXJpLCA0MDIgY2hlbWluIGRlcyBwYXRyaW90ZXMgLCBzYWludCBKdWxpZW4gTGUgRmF1Y29uLCAxNDQwIE1lemlkb24gVmFsbFx1MDBlOWUgZFx1MjAxOUF1Z2U8XC9wPjxwPjxzdHJvbmc+PHNwYW4gc3R5bGU9XCJ0ZXh0LWRlY29yYXRpb246IHVuZGVybGluZTtcIj5FU1NPTkUgKDkxKTxcL3NwYW4+PFwvc3Ryb25nPjxcL3A+PHA+PHN0cm9uZz5EdXJlcyBzdXIgWXZldHRlIDo8XC9zdHJvbmc+IEFydGlzYW4gZHUgbW9uZGUsIGF1IDY3IHJ1ZSBDaGFybGVzIERlZ2F1bGUgOTE0NDAgRHVyZXMgc3VyIFl2ZXR0ZTxcL3A+PHA+PHNwYW4gc3R5bGU9XCJ0ZXh0LWRlY29yYXRpb246IHVuZGVybGluZTtcIj48c3Ryb25nPk5PUkQgKDU5KTxcL3N0cm9uZz48XC9zcGFuPjxcL3A+PHA+PHN0cm9uZz5Ub3VyY29pbmcgOjxcL3N0cm9uZz4gQXJ0aXNhbnMgZHUgbW9uZGUsIDE0IHJvdXRlIG5hdGlvbmFsZSwgNTkyMDAgVG91cmNvaW5nPFwvcD48cD48c3BhbiBzdHlsZT1cInRleHQtZGVjb3JhdGlvbjogdW5kZXJsaW5lO1wiPjxzdHJvbmc+UEFSSVMgKDc1KTxcL3N0cm9uZz48XC9zcGFuPjxcL3A+PHA+WW9nYSBldCBCZWF1dFx1MDBlOSBMYWtzaG1pLCAxNyBydWUgQWxiZXJ0IEJheWV0LCBQYXJpczxcL3A+PHA+PHNwYW4gc3R5bGU9XCJ0ZXh0LWRlY29yYXRpb246IHVuZGVybGluZTtcIj48c3Ryb25nPlBBUy1ERS1DQUxBSVMgKDYyKTxcL3N0cm9uZz48XC9zcGFuPjxcL3A+PHA+PHN0cm9uZz5CXHUwMGU5dGh1bmUgOjxcL3N0cm9uZz4gQm9rbywgMjI2IHJ1ZSBTYWRpIENhcm5vdCwgNjI0MDAgQlx1MDBlOXRodW5lPFwvcD48cD48c3Ryb25nPkJcdTAwZTl0aHVuZSA6PFwvc3Ryb25nPiBQaGFybWFjaWUgZHUgTW9udCBMaWViYXV0LCAxMjEgQm91bGV2YXJkIGRlcyBFdGF0cy1VbmlzLCA2MjQwMCBCXHUwMGU5dGh1bmU8XC9wPjxwPjxzdHJvbmc+Qlx1MDBlOXRodW5lOiA8XC9zdHJvbmc+TFx1MjAxOW9mZmljZSBkZSBUb3VyaXNtZSBkZSBCXHUwMGU5dGh1bmUtIEJydWF5ICwgMyBydWUgQXJpc3RvdGUgXHUwMGEwQnJpYW5kLCA2MjQwMCBCXHUwMGU5dGh1bmU8XC9wPjxwPjxzdHJvbmc+Qlx1MDBlOXRodW5lPFwvc3Ryb25nPjogTGEgUGhhcm1hY2llIFNhaW50IEVsb2kgMjI3IEJkIEplYW4gTW91bGluLCA2MjQwMCBCXHUwMGU5dGh1bmU8XC9wPjxwPjxzdHJvbmc+Qlx1MDBlOXRodW5lOiA8XC9zdHJvbmc+TFx1MjAxOUF0ZWxpZXIgYnkgSmVzc3ksIEFtYW5kaW5lIDM5MCBCZCBKZWFuIE1vdWxpbiwgNjI0MDAgQlx1MDBlOXRodW5lPFwvcD48cD48c3Ryb25nPkJvdWxvZ25lLXN1ci1NZXIgOjxcL3N0cm9uZz4gQXJ0aXNhbnMgZHUgTW9uZGUsIDQ5IGdyYW5kZSBydWUsIDYyMjAwIEJvdWxvZ25lIHN1ciBNZXI8XC9wPjxwPjxzdHJvbmc+SXNiZXJndWVzPFwvc3Ryb25nPjpcdTAwYTAgUGhhcm1hY2llIGRlcyBBY2lcdTAwZTlyaWVzLCAxMyBydWUgUm9nZXIgU2FsZW5ncm8sIDYyMzMwIElzYmVyZ3VlczxcL3A+PHA+PHN0cm9uZz5MZW5zIDo8XC9zdHJvbmc+IEludFx1MDBlOXJpZXVyIEpvdXIgXHUwMGUwIExlbnMsIGF1IDMgUnVlIFJlblx1MDBlOSBMYW5veSwgNjIzMDAgTGVuczxcL3A+PHA+PHN0cm9uZz5MZW5zPFwvc3Ryb25nPjpcdTAwYTAgTGUgVG9pdCBDb21tdW4sIDE1IHJ1ZSBSZW5lIGxhbm95LCA2MjMwMCBMZW5zPFwvcD48cD48c3Ryb25nPlBoYXJtYWNpZSBkZSBTb3VjaGV6PFwvc3Ryb25nPjpcdTAwYTAgNDEgcnVlIGNhcm5vdCxcdTAwYTAgNjIxNTMgU291Y2hlejxcL3A+PHA+XHUwMGEwPHN0cm9uZz5WYXVkcmljb3VydDxcL3N0cm9uZz46XHUwMGEwIFNhaW50IENhc2ltaXIsIDEwMyBjaGVtaW4gZGUgbCdFZ2xpc2UsIDYyMTMxIFZhdWRyaWNvdXJ0PFwvcD4ifSwiZWxlbWVudHMiOltdLCJ3aWRnZXRUeXBlIjoidGV4dC1lZGl0b3IifQ==\\\"]\\t\\t\\t<\\\/div>\\n\\t\\t\\t\\t<\\\/div>\\n\\t\\t\",\"scripts\":[],\"styles\":[]}}"]},"_links":{"self":[{"href":"https:\/\/madjikarite.com\/index.php\/wp-json\/wp\/v2\/pages\/7349","targetHints":{"allow":["GET"]}}],"collection":[{"href":"https:\/\/madjikarite.com\/index.php\/wp-json\/wp\/v2\/pages"}],"about":[{"href":"https:\/\/madjikarite.com\/index.php\/wp-json\/wp\/v2\/types\/page"}],"author":[{"embeddable":true,"href":"https:\/\/madjikarite.com\/index.php\/wp-json\/wp\/v2\/users\/1"}],"replies":[{"embeddable":true,"href":"https:\/\/madjikarite.com\/index.php\/wp-json\/wp\/v2\/comments?post=7349"}],"version-history":[{"count":17,"href":"https:\/\/madjikarite.com\/index.php\/wp-json\/wp\/v2\/pages\/7349\/revisions"}],"predecessor-version":[{"id":7671,"href":"https:\/\/madjikarite.com\/index.php\/wp-json\/wp\/v2\/pages\/7349\/revisions\/7671"}],"wp:attachment":[{"href":"https:\/\/madjikarite.com\/index.php\/wp-json\/wp\/v2\/media?parent=7349"}],"curies":[{"name":"wp","href":"https:\/\/api.w.org\/{rel}","templated":true}]}}