{"id":7629,"date":"2025-03-10T20:35:46","date_gmt":"2025-03-10T19:35:46","guid":{"rendered":"https:\/\/madjikarite.com\/?page_id=7629"},"modified":"2025-03-10T20:41:24","modified_gmt":"2025-03-10T19:41:24","slug":"elementor-7629","status":"publish","type":"page","link":"https:\/\/madjikarite.com\/index.php\/elementor-7629\/","title":{"rendered":"Contact"},"content":{"rendered":"\t\t<div data-elementor-type=\"wp-page\" data-elementor-id=\"7629\" class=\"elementor elementor-7629\">\n\t\t\t\t<div class=\"elementor-element elementor-element-34de6ba e-flex e-con-boxed e-con e-parent\" data-id=\"34de6ba\" data-element_type=\"container\" data-e-type=\"container\">\n\t\t\t\t\t<div class=\"e-con-inner\">\n\t\t\t\t<div class=\"elementor-element elementor-element-65a9668 elementor-widget elementor-widget-wpforms\" data-id=\"65a9668\" data-element_type=\"widget\" data-e-type=\"widget\" data-widget_type=\"wpforms.default\">\n\t\t\t\t<div class=\"elementor-widget-container\">\n\t\t\t\t\t<style id=\"wpforms-css-vars-elementor-widget-65a9668\">\n\t\t\t\t.elementor-widget-wpforms.elementor-element-65a9668 {\n\t\t\t\t--wpforms-field-text-color: #000000;\n--wpforms-label-color: rgba(177,80,32,1);\n--wpforms-label-sublabel-color: #7A7A7A;\n--wpforms-button-background-color: rgba(177,80,32,1);\n\t\t\t}\n\t\t\t<\/style><div class=\"wpforms-container wpforms-container-full wpforms-render-modern\" id=\"wpforms-7625\"><form id=\"wpforms-form-7625\" class=\"wpforms-validate wpforms-form wpforms-ajax-form\" data-formid=\"7625\" method=\"post\" enctype=\"multipart\/form-data\" action=\"\/index.php\/wp-json\/wp\/v2\/pages\/7629\" data-token=\"74eef6f6bd531645b74eeb241bb22077\" data-token-time=\"1776272936\"><noscript class=\"wpforms-error-noscript\">Veuillez activer JavaScript dans votre navigateur pour remplir ce formulaire.<\/noscript><div id=\"wpforms-error-noscript\" style=\"display: none;\">Veuillez activer JavaScript dans votre navigateur pour remplir ce formulaire.<\/div><div class=\"wpforms-field-container\"><div id=\"wpforms-7625-field_1-container\" class=\"wpforms-field wpforms-field-name\" data-field-id=\"1\"><fieldset><legend class=\"wpforms-field-label\">Nom <span class=\"wpforms-required-label\" aria-hidden=\"true\">*<\/span><\/legend><div class=\"wpforms-field-row wpforms-field-medium\"><div class=\"wpforms-field-row-block wpforms-first wpforms-one-half\"><input type=\"text\" id=\"wpforms-7625-field_1\" class=\"wpforms-field-name-first wpforms-field-required\" name=\"wpforms[fields][1][first]\" aria-errormessage=\"wpforms-7625-field_1-error\" required><label for=\"wpforms-7625-field_1\" class=\"wpforms-field-sublabel after\">Pr\u00e9nom<\/label><\/div><div class=\"wpforms-field-row-block wpforms-one-half\"><input type=\"text\" id=\"wpforms-7625-field_1-last\" class=\"wpforms-field-name-last wpforms-field-required\" name=\"wpforms[fields][1][last]\" aria-errormessage=\"wpforms-7625-field_1-last-error\" required><label for=\"wpforms-7625-field_1-last\" class=\"wpforms-field-sublabel after\">Nom<\/label><\/div><\/div><\/fieldset><\/div><div id=\"wpforms-7625-field_2-container\" class=\"wpforms-field wpforms-field-email\" data-field-id=\"2\"><label class=\"wpforms-field-label\" for=\"wpforms-7625-field_2\">E-mail <span class=\"wpforms-required-label\" aria-hidden=\"true\">*<\/span><\/label><input type=\"email\" id=\"wpforms-7625-field_2\" class=\"wpforms-field-medium wpforms-field-required\" name=\"wpforms[fields][2]\" spellcheck=\"false\" aria-errormessage=\"wpforms-7625-field_2-error\" required><\/div><div id=\"wpforms-7625-field_3-container\" class=\"wpforms-field wpforms-field-textarea\" data-field-id=\"3\"><label class=\"wpforms-field-label\" for=\"wpforms-7625-field_3\">Commentaire ou message<\/label><textarea id=\"wpforms-7625-field_3\" class=\"wpforms-field-medium wpforms-limit-characters-enabled\" data-form-id=\"7625\" data-field-id=\"3\" data-text-limit=\"500\" name=\"wpforms[fields][3]\" aria-errormessage=\"wpforms-7625-field_3-error\" maxlength=\"500\" ><\/textarea><\/div>\t\t<div id=\"wpforms-7625-field_5-container\"\n\t\t\tclass=\"wpforms-field wpforms-field-text\"\n\t\t\tdata-field-type=\"text\"\n\t\t\tdata-field-id=\"5\"\n\t\t\t>\n\t\t\t<label class=\"wpforms-field-label\" for=\"wpforms-7625-field_5\" >E-mail Nom ou<\/label>\n\t\t\t<input type=\"text\" id=\"wpforms-7625-field_5\" class=\"wpforms-field-medium\" name=\"wpforms[fields][5]\" >\n\t\t<\/div>\n\t\t<div id=\"wpforms-7625-field_4-container\" class=\"wpforms-field wpforms-field-gdpr-checkbox\" data-field-id=\"4\"><label class=\"wpforms-field-label\">Accord RGPD <span class=\"wpforms-required-label\" aria-hidden=\"true\">*<\/span><\/label><ul id=\"wpforms-7625-field_4\" class=\"wpforms-field-required\"><li class=\"choice-1\"><input type=\"checkbox\" id=\"wpforms-7625-field_4_1\" name=\"wpforms[fields][4][]\" value=\"Je consens \u00e0 ce que ce site stocke mes informations envoy\u00e9es afin qu\u2019ils puissent r\u00e9pondre \u00e0 ma requ\u00eate.\" aria-errormessage=\"wpforms-7625-field_4_1-error\" required ><label class=\"wpforms-field-label-inline\" for=\"wpforms-7625-field_4_1\">Je consens \u00e0 ce que ce site stocke mes informations envoy\u00e9es afin qu\u2019ils puissent r\u00e9pondre \u00e0 ma requ\u00eate.<\/label><\/li><\/ul><\/div><script>\n\t\t\t\t( function() {\n\t\t\t\t\tconst style = document.createElement( 'style' );\n\t\t\t\t\tstyle.appendChild( document.createTextNode( '#wpforms-7625-field_5-container { position: absolute !important; overflow: hidden !important; display: inline !important; height: 1px !important; width: 1px !important; z-index: -1000 !important; padding: 0 !important; } #wpforms-7625-field_5-container input { visibility: hidden; } #wpforms-conversational-form-page #wpforms-7625-field_5-container label { counter-increment: none; }' ) );\n\t\t\t\t\tdocument.head.appendChild( style );\n\t\t\t\t\tdocument.currentScript?.remove();\n\t\t\t\t} )();\n\t\t\t<\/script><\/div><!-- .wpforms-field-container --><div class=\"wpforms-recaptcha-container wpforms-is-hcaptcha\" ><div class=\"h-captcha\" data-sitekey=\"605caab0-14f8-495c-abf6-1a00728075ba\"><\/div><input type=\"text\" name=\"g-recaptcha-hidden\" class=\"wpforms-recaptcha-hidden\" style=\"position:absolute!important;clip:rect(0,0,0,0)!important;height:1px!important;width:1px!important;border:0!important;overflow:hidden!important;padding:0!important;margin:0!important;\" data-rule-hcaptcha=\"1\"><\/div><div class=\"wpforms-submit-container\" ><input type=\"hidden\" name=\"wpforms[id]\" value=\"7625\"><input type=\"hidden\" name=\"page_title\" value=\"\"><input type=\"hidden\" name=\"page_url\" value=\"https:\/\/madjikarite.com\/index.php\/wp-json\/wp\/v2\/pages\/7629\"><input type=\"hidden\" name=\"url_referer\" value=\"\"><button type=\"submit\" name=\"wpforms[submit]\" id=\"wpforms-submit-7625\" class=\"wpforms-submit\" data-alt-text=\"Envoi...\" data-submit-text=\"Envoyer\" aria-live=\"assertive\" value=\"wpforms-submit\">Envoyer<\/button><img decoding=\"async\" src=\"https:\/\/madjikarite.com\/wp-content\/plugins\/wpforms-lite\/assets\/images\/submit-spin.svg\" class=\"wpforms-submit-spinner\" style=\"display: none;\" width=\"26\" height=\"26\" alt=\"Chargement en cours\"><\/div><\/form><\/div>  <!-- .wpforms-container -->\t\t\t\t<\/div>\n\t\t\t\t<\/div>\n\t\t\t\t\t<\/div>\n\t\t\t\t<\/div>\n\t\t\t\t<\/div>\n\t\t","protected":false},"excerpt":{"rendered":"<p>Veuillez activer JavaScript dans votre navigateur pour remplir ce formulaire.Veuillez activer JavaScript dans votre navigateur pour remplir ce formulaire. Nom&#8230;<\/p>\n","protected":false},"author":1,"featured_media":0,"parent":0,"menu_order":0,"comment_status":"closed","ping_status":"closed","template":"","meta":{"footnotes":""},"class_list":["post-7629","page","type-page","status-publish","hentry"],"yoast_head":"<!-- This site is optimized with the Yoast SEO plugin v27.4 - https:\/\/yoast.com\/product\/yoast-seo-wordpress\/ -->\n<title>Contact - Majdikarite<\/title>\n<meta name=\"robots\" content=\"index, follow, max-snippet:-1, max-image-preview:large, max-video-preview:-1\" \/>\n<link rel=\"canonical\" href=\"https:\/\/madjikarite.com\/index.php\/elementor-7629\/\" \/>\n<meta property=\"og:locale\" content=\"fr_FR\" \/>\n<meta property=\"og:type\" content=\"article\" \/>\n<meta property=\"og:title\" content=\"Contact - Majdikarite\" \/>\n<meta property=\"og:description\" content=\"Veuillez activer JavaScript dans votre navigateur pour remplir ce formulaire.Veuillez activer JavaScript dans votre navigateur pour remplir ce formulaire. Nom...\" \/>\n<meta property=\"og:url\" content=\"https:\/\/madjikarite.com\/index.php\/elementor-7629\/\" \/>\n<meta property=\"og:site_name\" content=\"Majdikarite\" \/>\n<meta property=\"article:publisher\" content=\"https:\/\/www.facebook.com\/Madjikarite\" \/>\n<meta property=\"article:modified_time\" content=\"2025-03-10T19:41:24+00:00\" \/>\n<meta property=\"og:image\" content=\"https:\/\/madjikarite.com\/wp-content\/plugins\/wpforms-lite\/assets\/images\/submit-spin.svg\" \/>\n<meta name=\"twitter:card\" content=\"summary_large_image\" \/>\n<meta name=\"twitter:label1\" content=\"Dur\u00e9e de lecture estim\u00e9e\" \/>\n\t<meta name=\"twitter:data1\" content=\"1 minute\" \/>\n<script type=\"application\/ld+json\" class=\"yoast-schema-graph\">{\"@context\":\"https:\\\/\\\/schema.org\",\"@graph\":[{\"@type\":\"WebPage\",\"@id\":\"https:\\\/\\\/madjikarite.com\\\/index.php\\\/elementor-7629\\\/\",\"url\":\"https:\\\/\\\/madjikarite.com\\\/index.php\\\/elementor-7629\\\/\",\"name\":\"Contact - Majdikarite\",\"isPartOf\":{\"@id\":\"https:\\\/\\\/madjikarite.com\\\/#website\"},\"primaryImageOfPage\":{\"@id\":\"https:\\\/\\\/madjikarite.com\\\/index.php\\\/elementor-7629\\\/#primaryimage\"},\"image\":{\"@id\":\"https:\\\/\\\/madjikarite.com\\\/index.php\\\/elementor-7629\\\/#primaryimage\"},\"thumbnailUrl\":\"https:\\\/\\\/madjikarite.com\\\/wp-content\\\/plugins\\\/wpforms-lite\\\/assets\\\/images\\\/submit-spin.svg\",\"datePublished\":\"2025-03-10T19:35:46+00:00\",\"dateModified\":\"2025-03-10T19:41:24+00:00\",\"breadcrumb\":{\"@id\":\"https:\\\/\\\/madjikarite.com\\\/index.php\\\/elementor-7629\\\/#breadcrumb\"},\"inLanguage\":\"fr-FR\",\"potentialAction\":[{\"@type\":\"ReadAction\",\"target\":[\"https:\\\/\\\/madjikarite.com\\\/index.php\\\/elementor-7629\\\/\"]}]},{\"@type\":\"ImageObject\",\"inLanguage\":\"fr-FR\",\"@id\":\"https:\\\/\\\/madjikarite.com\\\/index.php\\\/elementor-7629\\\/#primaryimage\",\"url\":\"https:\\\/\\\/madjikarite.com\\\/wp-content\\\/plugins\\\/wpforms-lite\\\/assets\\\/images\\\/submit-spin.svg\",\"contentUrl\":\"https:\\\/\\\/madjikarite.com\\\/wp-content\\\/plugins\\\/wpforms-lite\\\/assets\\\/images\\\/submit-spin.svg\"},{\"@type\":\"BreadcrumbList\",\"@id\":\"https:\\\/\\\/madjikarite.com\\\/index.php\\\/elementor-7629\\\/#breadcrumb\",\"itemListElement\":[{\"@type\":\"ListItem\",\"position\":1,\"name\":\"Accueil\",\"item\":\"https:\\\/\\\/madjikarite.com\\\/\"},{\"@type\":\"ListItem\",\"position\":2,\"name\":\"Contact\"}]},{\"@type\":\"WebSite\",\"@id\":\"https:\\\/\\\/madjikarite.com\\\/#website\",\"url\":\"https:\\\/\\\/madjikarite.com\\\/\",\"name\":\"Majdikarite\",\"description\":\"\",\"publisher\":{\"@id\":\"https:\\\/\\\/madjikarite.com\\\/#organization\"},\"potentialAction\":[{\"@type\":\"SearchAction\",\"target\":{\"@type\":\"EntryPoint\",\"urlTemplate\":\"https:\\\/\\\/madjikarite.com\\\/?s={search_term_string}\"},\"query-input\":{\"@type\":\"PropertyValueSpecification\",\"valueRequired\":true,\"valueName\":\"search_term_string\"}}],\"inLanguage\":\"fr-FR\"},{\"@type\":\"Organization\",\"@id\":\"https:\\\/\\\/madjikarite.com\\\/#organization\",\"name\":\"Majdikarite\",\"url\":\"https:\\\/\\\/madjikarite.com\\\/\",\"logo\":{\"@type\":\"ImageObject\",\"inLanguage\":\"fr-FR\",\"@id\":\"https:\\\/\\\/madjikarite.com\\\/#\\\/schema\\\/logo\\\/image\\\/\",\"url\":\"https:\\\/\\\/madjikarite.com\\\/wp-content\\\/uploads\\\/2025\\\/01\\\/cropped-logo-moyen.webp\",\"contentUrl\":\"https:\\\/\\\/madjikarite.com\\\/wp-content\\\/uploads\\\/2025\\\/01\\\/cropped-logo-moyen.webp\",\"width\":491,\"height\":487,\"caption\":\"Majdikarite\"},\"image\":{\"@id\":\"https:\\\/\\\/madjikarite.com\\\/#\\\/schema\\\/logo\\\/image\\\/\"},\"sameAs\":[\"https:\\\/\\\/www.facebook.com\\\/Madjikarite\",\"https:\\\/\\\/www.instagram.com\\\/madjikarite\\\/\"]}]}<\/script>\n<!-- \/ Yoast SEO plugin. -->","yoast_head_json":{"title":"Contact - Majdikarite","robots":{"index":"index","follow":"follow","max-snippet":"max-snippet:-1","max-image-preview":"max-image-preview:large","max-video-preview":"max-video-preview:-1"},"canonical":"https:\/\/madjikarite.com\/index.php\/elementor-7629\/","og_locale":"fr_FR","og_type":"article","og_title":"Contact - Majdikarite","og_description":"Veuillez activer JavaScript dans votre navigateur pour remplir ce formulaire.Veuillez activer JavaScript dans votre navigateur pour remplir ce formulaire. Nom...","og_url":"https:\/\/madjikarite.com\/index.php\/elementor-7629\/","og_site_name":"Majdikarite","article_publisher":"https:\/\/www.facebook.com\/Madjikarite","article_modified_time":"2025-03-10T19:41:24+00:00","og_image":[{"url":"https:\/\/madjikarite.com\/wp-content\/plugins\/wpforms-lite\/assets\/images\/submit-spin.svg","type":"","width":"","height":""}],"twitter_card":"summary_large_image","twitter_misc":{"Dur\u00e9e de lecture estim\u00e9e":"1 minute"},"schema":{"@context":"https:\/\/schema.org","@graph":[{"@type":"WebPage","@id":"https:\/\/madjikarite.com\/index.php\/elementor-7629\/","url":"https:\/\/madjikarite.com\/index.php\/elementor-7629\/","name":"Contact - Majdikarite","isPartOf":{"@id":"https:\/\/madjikarite.com\/#website"},"primaryImageOfPage":{"@id":"https:\/\/madjikarite.com\/index.php\/elementor-7629\/#primaryimage"},"image":{"@id":"https:\/\/madjikarite.com\/index.php\/elementor-7629\/#primaryimage"},"thumbnailUrl":"https:\/\/madjikarite.com\/wp-content\/plugins\/wpforms-lite\/assets\/images\/submit-spin.svg","datePublished":"2025-03-10T19:35:46+00:00","dateModified":"2025-03-10T19:41:24+00:00","breadcrumb":{"@id":"https:\/\/madjikarite.com\/index.php\/elementor-7629\/#breadcrumb"},"inLanguage":"fr-FR","potentialAction":[{"@type":"ReadAction","target":["https:\/\/madjikarite.com\/index.php\/elementor-7629\/"]}]},{"@type":"ImageObject","inLanguage":"fr-FR","@id":"https:\/\/madjikarite.com\/index.php\/elementor-7629\/#primaryimage","url":"https:\/\/madjikarite.com\/wp-content\/plugins\/wpforms-lite\/assets\/images\/submit-spin.svg","contentUrl":"https:\/\/madjikarite.com\/wp-content\/plugins\/wpforms-lite\/assets\/images\/submit-spin.svg"},{"@type":"BreadcrumbList","@id":"https:\/\/madjikarite.com\/index.php\/elementor-7629\/#breadcrumb","itemListElement":[{"@type":"ListItem","position":1,"name":"Accueil","item":"https:\/\/madjikarite.com\/"},{"@type":"ListItem","position":2,"name":"Contact"}]},{"@type":"WebSite","@id":"https:\/\/madjikarite.com\/#website","url":"https:\/\/madjikarite.com\/","name":"Majdikarite","description":"","publisher":{"@id":"https:\/\/madjikarite.com\/#organization"},"potentialAction":[{"@type":"SearchAction","target":{"@type":"EntryPoint","urlTemplate":"https:\/\/madjikarite.com\/?s={search_term_string}"},"query-input":{"@type":"PropertyValueSpecification","valueRequired":true,"valueName":"search_term_string"}}],"inLanguage":"fr-FR"},{"@type":"Organization","@id":"https:\/\/madjikarite.com\/#organization","name":"Majdikarite","url":"https:\/\/madjikarite.com\/","logo":{"@type":"ImageObject","inLanguage":"fr-FR","@id":"https:\/\/madjikarite.com\/#\/schema\/logo\/image\/","url":"https:\/\/madjikarite.com\/wp-content\/uploads\/2025\/01\/cropped-logo-moyen.webp","contentUrl":"https:\/\/madjikarite.com\/wp-content\/uploads\/2025\/01\/cropped-logo-moyen.webp","width":491,"height":487,"caption":"Majdikarite"},"image":{"@id":"https:\/\/madjikarite.com\/#\/schema\/logo\/image\/"},"sameAs":["https:\/\/www.facebook.com\/Madjikarite","https:\/\/www.instagram.com\/madjikarite\/"]}]}},"post-meta":{"_edit_lock":["1741635687:1"],"_edit_last":["1"],"site-container":["default"],"site-header-transparent":["default"],"site-page-header":["default"],"site-sidebar":["default"],"_yoast_wpseo_estimated-reading-time-minutes":["1"],"_elementor_edit_mode":["builder"],"_elementor_template_type":["wp-page"],"_elementor_version":["3.27.6"],"_wp_page_template":["default"],"_elementor_data":["[{\"id\":\"34de6ba\",\"elType\":\"container\",\"settings\":[],\"elements\":[{\"id\":\"65a9668\",\"elType\":\"widget\",\"settings\":{\"form_id\":\"7625\",\"fieldTextColor\":\"#000000\",\"labelColor\":\"rgba(177,80,32,1)\",\"labelSublabelColor\":\"#7A7A7A\",\"buttonBackgroundColor\":\"rgba(177,80,32,1)\",\"copyPasteJsonValue\":\"{\\\"fieldSize\\\":\\\"medium\\\",\\\"fieldBorderRadius\\\":\\\"3\\\",\\\"fieldBackgroundColor\\\":\\\"#ffffff\\\",\\\"fieldBorderColor\\\":\\\"rgba( 0, 0, 0, 0.25 )\\\",\\\"fieldTextColor\\\":\\\"#000000\\\",\\\"labelSize\\\":\\\"medium\\\",\\\"labelColor\\\":\\\"rgba(177,80,32,1)\\\",\\\"labelSublabelColor\\\":\\\"#7A7A7A\\\",\\\"labelErrorColor\\\":\\\"#d63637\\\",\\\"buttonSize\\\":\\\"medium\\\",\\\"buttonBorderRadius\\\":\\\"3\\\",\\\"buttonBackgroundColor\\\":\\\"rgba(177,80,32,1)\\\",\\\"buttonTextColor\\\":\\\"#ffffff\\\"}\",\"_element_custom_width\":{\"unit\":\"%\",\"size\":46,\"sizes\":[]},\"__globals__\":[]},\"elements\":[],\"widgetType\":\"wpforms\"}],\"isInner\":false}]"],"_yoast_wpseo_content_score":["90"],"_elementor_page_assets":["a:1:{s:7:\"scripts\";a:2:{i:0;s:17:\"wpforms-elementor\";i:1;s:18:\"elementor-frontend\";}}"],"_elementor_css":["a:6:{s:4:\"time\";i:1776272652;s:5:\"fonts\";a:0:{}s:5:\"icons\";a:0:{}s:20:\"dynamic_elements_ids\";a:0:{}s:6:\"status\";s:4:\"file\";i:0;s:0:\"\";}"],"_elementor_element_cache":["{\"timeout\":1776366252,\"value\":{\"content\":\"<div class=\\\"elementor-element elementor-element-34de6ba e-flex e-con-boxed e-con e-parent\\\" data-id=\\\"34de6ba\\\" data-element_type=\\\"container\\\" data-e-type=\\\"container\\\">\\n\\t\\t\\t\\t\\t<div class=\\\"e-con-inner\\\">\\n\\t\\t[elementor-element k=\\\"23847670ba1d2ea37ed816e80bde1de5\\\" data=\\\"eyJpZCI6IjY1YTk2NjgiLCJlbFR5cGUiOiJ3aWRnZXQiLCJzZXR0aW5ncyI6eyJmb3JtX2lkIjoiNzYyNSIsImZpZWxkVGV4dENvbG9yIjoiIzAwMDAwMCIsImxhYmVsQ29sb3IiOiJyZ2JhKDE3Nyw4MCwzMiwxKSIsImxhYmVsU3VibGFiZWxDb2xvciI6IiM3QTdBN0EiLCJidXR0b25CYWNrZ3JvdW5kQ29sb3IiOiJyZ2JhKDE3Nyw4MCwzMiwxKSIsImNvcHlQYXN0ZUpzb25WYWx1ZSI6IntcImZpZWxkU2l6ZVwiOlwibWVkaXVtXCIsXCJmaWVsZEJvcmRlclJhZGl1c1wiOlwiM1wiLFwiZmllbGRCYWNrZ3JvdW5kQ29sb3JcIjpcIiNmZmZmZmZcIixcImZpZWxkQm9yZGVyQ29sb3JcIjpcInJnYmEoIDAsIDAsIDAsIDAuMjUgKVwiLFwiZmllbGRUZXh0Q29sb3JcIjpcIiMwMDAwMDBcIixcImxhYmVsU2l6ZVwiOlwibWVkaXVtXCIsXCJsYWJlbENvbG9yXCI6XCJyZ2JhKDE3Nyw4MCwzMiwxKVwiLFwibGFiZWxTdWJsYWJlbENvbG9yXCI6XCIjN0E3QTdBXCIsXCJsYWJlbEVycm9yQ29sb3JcIjpcIiNkNjM2MzdcIixcImJ1dHRvblNpemVcIjpcIm1lZGl1bVwiLFwiYnV0dG9uQm9yZGVyUmFkaXVzXCI6XCIzXCIsXCJidXR0b25CYWNrZ3JvdW5kQ29sb3JcIjpcInJnYmEoMTc3LDgwLDMyLDEpXCIsXCJidXR0b25UZXh0Q29sb3JcIjpcIiNmZmZmZmZcIn0iLCJfZWxlbWVudF9jdXN0b21fd2lkdGgiOnsidW5pdCI6IiUiLCJzaXplIjo0Niwic2l6ZXMiOltdfSwiX19nbG9iYWxzX18iOltdfSwiZWxlbWVudHMiOltdLCJ3aWRnZXRUeXBlIjoid3Bmb3JtcyJ9\\\"]\\t\\t\\t<\\\/div>\\n\\t\\t\\t\\t<\\\/div>\\n\\t\\t\",\"scripts\":[],\"styles\":[]}}"]},"_links":{"self":[{"href":"https:\/\/madjikarite.com\/index.php\/wp-json\/wp\/v2\/pages\/7629","targetHints":{"allow":["GET"]}}],"collection":[{"href":"https:\/\/madjikarite.com\/index.php\/wp-json\/wp\/v2\/pages"}],"about":[{"href":"https:\/\/madjikarite.com\/index.php\/wp-json\/wp\/v2\/types\/page"}],"author":[{"embeddable":true,"href":"https:\/\/madjikarite.com\/index.php\/wp-json\/wp\/v2\/users\/1"}],"replies":[{"embeddable":true,"href":"https:\/\/madjikarite.com\/index.php\/wp-json\/wp\/v2\/comments?post=7629"}],"version-history":[{"count":5,"href":"https:\/\/madjikarite.com\/index.php\/wp-json\/wp\/v2\/pages\/7629\/revisions"}],"predecessor-version":[{"id":7634,"href":"https:\/\/madjikarite.com\/index.php\/wp-json\/wp\/v2\/pages\/7629\/revisions\/7634"}],"wp:attachment":[{"href":"https:\/\/madjikarite.com\/index.php\/wp-json\/wp\/v2\/media?parent=7629"}],"curies":[{"name":"wp","href":"https:\/\/api.w.org\/{rel}","templated":true}]}}