{"id":493,"date":"2016-07-26T18:06:50","date_gmt":"2016-07-26T17:06:50","guid":{"rendered":"http:\/\/madjikarite.com\/?post_type=product&#038;p=493"},"modified":"2024-11-06T11:37:33","modified_gmt":"2024-11-06T10:37:33","slug":"beurre-de-karite-pur-non-raffine","status":"publish","type":"product","link":"https:\/\/madjikarite.com\/index.php\/produit\/beurre-de-karite-pur-non-raffine\/","title":{"rendered":"Beurre de karit\u00e9 pur non raffin\u00e9 150g"},"content":{"rendered":"<p>Ce beurre de karit\u00e9 pur non raffin\u00e9 100% est naturel et v\u00e9g\u00e9talien. Id\u00e9al pour les peaux sensibles, une cr\u00e8me hydratante de qualit\u00e9 sup\u00e9rieure qui restaure l\u2019\u00e9lasticit\u00e9 naturelle de la peau. \u00c9molliente, il est utilis\u00e9\u00a0 pour un large \u00e9ventail de probl\u00e8mes de peau.<br \/>\nProtecteur de la peau quotidien pour une peau d\u2019apparence jeune et plus saine.<\/p>\n<p>Le beurre de karit\u00e9 provient de l\u2019arbre de Karit\u00e9, qui ne pousse que dans les r\u00e9gions de savane en l\u2019Afrique.<br \/>\nLes propri\u00e9t\u00e9s \u00e9mollientes de beurre de karit\u00e9 ont \u00e9t\u00e9 prouv\u00e9es depuis des si\u00e8cles en Afrique.<br \/>\nIl est traditionnellement utilis\u00e9 pour nourrir la peau et\u00a0 l&rsquo;a gard\u00e9e souple et jeune.<\/p>\n<p>Il est \u00e9galement utilis\u00e9 pour traiter une vari\u00e9t\u00e9 d\u2019affections cutan\u00e9es telles que: l\u2019ecz\u00e9ma, irritations, s\u00e9cheresse extr\u00eame, vergetures et la pr\u00e9vention des rides, des br\u00fblures, des coupures et des petites plaies de la peau, les soins apr\u00e8s-soleil, les piq\u00fbres d\u2019insectes.<\/p>\n<p>Le Beurre de Karit\u00e9 contient une abondance d\u2019ingr\u00e9dients de gu\u00e9rison, y compris les vitamines, min\u00e9raux, prot\u00e9ines, et un profil unique d\u2019acide gras. Il est un hydratant actif sup\u00e9rieur. Beurre de Karit\u00e9 r\u00e9tablit effectivement l\u2019\u00e9lasticit\u00e9 naturelle de la peau.<\/p>\n<p>Le beurre de karit\u00e9 permet \u00e0 votre peau d\u2019absorber l\u2019humidit\u00e9 de l\u2019air, et par cons\u00e9quent, elle\u00a0 devient plus douce et reste hydrat\u00e9e plus longtemps.<\/p>\n<p>Les utilisateurs r\u00e9guliers de pur beurre de karit\u00e9 non raffin\u00e9 ont\u00a0 une\u00a0 peau plus douce plus saine.<\/p>\n","protected":false},"excerpt":{"rendered":"<p>\u00c9mollient naturel( 100% biologique)\u00a0 qui prot\u00e8ge la peau. utilis\u00e9 pour : la s\u00e9cheresse extr\u00eame, Les vergetures( emp\u00eache totalement la formation des vergetures sur le ventre pendant la grosse) et la pr\u00e9vention des rides.\u00a0 Riche en vitamines A, D, E, F.Un pot \u00e0 avoir dans sa salle de bain!<\/p>\n","protected":false},"featured_media":6875,"template":"","meta":[],"product_brand":[],"product_cat":[59],"product_tag":[],"class_list":{"0":"post-493","1":"product","2":"type-product","3":"status-publish","4":"has-post-thumbnail","6":"product_cat-beurre-de-karite-pur-non-raffine","8":"first","9":"outofstock","10":"shipping-taxable","11":"purchasable","12":"product-type-simple"},"yoast_head":"<!-- This site is optimized with the Yoast SEO plugin v27.3 - https:\/\/yoast.com\/product\/yoast-seo-wordpress\/ -->\n<title>Beurre de karit\u00e9 pur non raffin\u00e9 150g - Majdikarite<\/title>\n<meta name=\"robots\" content=\"index, follow, max-snippet:-1, max-image-preview:large, max-video-preview:-1\" \/>\n<link rel=\"canonical\" href=\"https:\/\/madjikarite.com\/index.php\/produit\/beurre-de-karite-pur-non-raffine\/\" \/>\n<meta property=\"og:locale\" content=\"fr_FR\" \/>\n<meta property=\"og:type\" content=\"article\" \/>\n<meta property=\"og:title\" content=\"Beurre de karit\u00e9 pur non raffin\u00e9 150g - Majdikarite\" \/>\n<meta property=\"og:description\" content=\"\u00c9mollient naturel( 100% biologique)\u00a0 qui prot\u00e8ge la peau. utilis\u00e9 pour : la s\u00e9cheresse extr\u00eame, Les vergetures( emp\u00eache totalement la formation des vergetures sur le ventre pendant la grosse) et la pr\u00e9vention des rides.\u00a0 Riche en vitamines A, D, E, F.Un pot \u00e0 avoir dans sa salle de bain!\" \/>\n<meta property=\"og:url\" content=\"https:\/\/madjikarite.com\/index.php\/produit\/beurre-de-karite-pur-non-raffine\/\" \/>\n<meta property=\"og:site_name\" content=\"Majdikarite\" \/>\n<meta property=\"article:publisher\" content=\"https:\/\/www.facebook.com\/Madjikarite\" \/>\n<meta property=\"article:modified_time\" content=\"2024-11-06T10:37:33+00:00\" \/>\n<meta property=\"og:image\" content=\"https:\/\/madjikarite.com\/wp-content\/uploads\/2016\/07\/beurre-pur.jpg\" \/>\n\t<meta property=\"og:image:width\" content=\"1920\" \/>\n\t<meta property=\"og:image:height\" content=\"1280\" \/>\n\t<meta property=\"og:image:type\" content=\"image\/jpeg\" \/>\n<meta name=\"twitter:card\" content=\"summary_large_image\" \/>\n<meta name=\"twitter:label1\" content=\"Dur\u00e9e de lecture estim\u00e9e\" \/>\n\t<meta name=\"twitter:data1\" content=\"2 minutes\" \/>\n<script type=\"application\/ld+json\" class=\"yoast-schema-graph\">{\"@context\":\"https:\\\/\\\/schema.org\",\"@graph\":[{\"@type\":\"WebPage\",\"@id\":\"https:\\\/\\\/madjikarite.com\\\/index.php\\\/produit\\\/beurre-de-karite-pur-non-raffine\\\/\",\"url\":\"https:\\\/\\\/madjikarite.com\\\/index.php\\\/produit\\\/beurre-de-karite-pur-non-raffine\\\/\",\"name\":\"Beurre de karit\u00e9 pur non raffin\u00e9 150g - Majdikarite\",\"isPartOf\":{\"@id\":\"https:\\\/\\\/madjikarite.com\\\/#website\"},\"primaryImageOfPage\":{\"@id\":\"https:\\\/\\\/madjikarite.com\\\/index.php\\\/produit\\\/beurre-de-karite-pur-non-raffine\\\/#primaryimage\"},\"image\":{\"@id\":\"https:\\\/\\\/madjikarite.com\\\/index.php\\\/produit\\\/beurre-de-karite-pur-non-raffine\\\/#primaryimage\"},\"thumbnailUrl\":\"https:\\\/\\\/madjikarite.com\\\/wp-content\\\/uploads\\\/2016\\\/07\\\/beurre-pur.jpg\",\"datePublished\":\"2016-07-26T17:06:50+00:00\",\"dateModified\":\"2024-11-06T10:37:33+00:00\",\"breadcrumb\":{\"@id\":\"https:\\\/\\\/madjikarite.com\\\/index.php\\\/produit\\\/beurre-de-karite-pur-non-raffine\\\/#breadcrumb\"},\"inLanguage\":\"fr-FR\",\"potentialAction\":[{\"@type\":\"ReadAction\",\"target\":[\"https:\\\/\\\/madjikarite.com\\\/index.php\\\/produit\\\/beurre-de-karite-pur-non-raffine\\\/\"]}]},{\"@type\":\"ImageObject\",\"inLanguage\":\"fr-FR\",\"@id\":\"https:\\\/\\\/madjikarite.com\\\/index.php\\\/produit\\\/beurre-de-karite-pur-non-raffine\\\/#primaryimage\",\"url\":\"https:\\\/\\\/madjikarite.com\\\/wp-content\\\/uploads\\\/2016\\\/07\\\/beurre-pur.jpg\",\"contentUrl\":\"https:\\\/\\\/madjikarite.com\\\/wp-content\\\/uploads\\\/2016\\\/07\\\/beurre-pur.jpg\",\"width\":1920,\"height\":1280},{\"@type\":\"BreadcrumbList\",\"@id\":\"https:\\\/\\\/madjikarite.com\\\/index.php\\\/produit\\\/beurre-de-karite-pur-non-raffine\\\/#breadcrumb\",\"itemListElement\":[{\"@type\":\"ListItem\",\"position\":1,\"name\":\"Accueil\",\"item\":\"https:\\\/\\\/madjikarite.com\\\/\"},{\"@type\":\"ListItem\",\"position\":2,\"name\":\"Boutique\",\"item\":\"https:\\\/\\\/madjikarite.com\\\/index.php\\\/boutique\\\/\"},{\"@type\":\"ListItem\",\"position\":3,\"name\":\"Beurre de karit\u00e9 pur non raffin\u00e9 150g\"}]},{\"@type\":\"WebSite\",\"@id\":\"https:\\\/\\\/madjikarite.com\\\/#website\",\"url\":\"https:\\\/\\\/madjikarite.com\\\/\",\"name\":\"Majdikarite\",\"description\":\"\",\"publisher\":{\"@id\":\"https:\\\/\\\/madjikarite.com\\\/#organization\"},\"potentialAction\":[{\"@type\":\"SearchAction\",\"target\":{\"@type\":\"EntryPoint\",\"urlTemplate\":\"https:\\\/\\\/madjikarite.com\\\/?s={search_term_string}\"},\"query-input\":{\"@type\":\"PropertyValueSpecification\",\"valueRequired\":true,\"valueName\":\"search_term_string\"}}],\"inLanguage\":\"fr-FR\"},{\"@type\":\"Organization\",\"@id\":\"https:\\\/\\\/madjikarite.com\\\/#organization\",\"name\":\"Majdikarite\",\"url\":\"https:\\\/\\\/madjikarite.com\\\/\",\"logo\":{\"@type\":\"ImageObject\",\"inLanguage\":\"fr-FR\",\"@id\":\"https:\\\/\\\/madjikarite.com\\\/#\\\/schema\\\/logo\\\/image\\\/\",\"url\":\"https:\\\/\\\/madjikarite.com\\\/wp-content\\\/uploads\\\/2025\\\/01\\\/cropped-logo-moyen.webp\",\"contentUrl\":\"https:\\\/\\\/madjikarite.com\\\/wp-content\\\/uploads\\\/2025\\\/01\\\/cropped-logo-moyen.webp\",\"width\":491,\"height\":487,\"caption\":\"Majdikarite\"},\"image\":{\"@id\":\"https:\\\/\\\/madjikarite.com\\\/#\\\/schema\\\/logo\\\/image\\\/\"},\"sameAs\":[\"https:\\\/\\\/www.facebook.com\\\/Madjikarite\",\"https:\\\/\\\/www.instagram.com\\\/madjikarite\\\/\"]}]}<\/script>\n<!-- \/ Yoast SEO plugin. -->","yoast_head_json":{"title":"Beurre de karit\u00e9 pur non raffin\u00e9 150g - Majdikarite","robots":{"index":"index","follow":"follow","max-snippet":"max-snippet:-1","max-image-preview":"max-image-preview:large","max-video-preview":"max-video-preview:-1"},"canonical":"https:\/\/madjikarite.com\/index.php\/produit\/beurre-de-karite-pur-non-raffine\/","og_locale":"fr_FR","og_type":"article","og_title":"Beurre de karit\u00e9 pur non raffin\u00e9 150g - Majdikarite","og_description":"\u00c9mollient naturel( 100% biologique)\u00a0 qui prot\u00e8ge la peau. utilis\u00e9 pour : la s\u00e9cheresse extr\u00eame, Les vergetures( emp\u00eache totalement la formation des vergetures sur le ventre pendant la grosse) et la pr\u00e9vention des rides.\u00a0 Riche en vitamines A, D, E, F.Un pot \u00e0 avoir dans sa salle de bain!","og_url":"https:\/\/madjikarite.com\/index.php\/produit\/beurre-de-karite-pur-non-raffine\/","og_site_name":"Majdikarite","article_publisher":"https:\/\/www.facebook.com\/Madjikarite","article_modified_time":"2024-11-06T10:37:33+00:00","og_image":[{"width":1920,"height":1280,"url":"https:\/\/madjikarite.com\/wp-content\/uploads\/2016\/07\/beurre-pur.jpg","type":"image\/jpeg"}],"twitter_card":"summary_large_image","twitter_misc":{"Dur\u00e9e de lecture estim\u00e9e":"2 minutes"},"schema":{"@context":"https:\/\/schema.org","@graph":[{"@type":"WebPage","@id":"https:\/\/madjikarite.com\/index.php\/produit\/beurre-de-karite-pur-non-raffine\/","url":"https:\/\/madjikarite.com\/index.php\/produit\/beurre-de-karite-pur-non-raffine\/","name":"Beurre de karit\u00e9 pur non raffin\u00e9 150g - Majdikarite","isPartOf":{"@id":"https:\/\/madjikarite.com\/#website"},"primaryImageOfPage":{"@id":"https:\/\/madjikarite.com\/index.php\/produit\/beurre-de-karite-pur-non-raffine\/#primaryimage"},"image":{"@id":"https:\/\/madjikarite.com\/index.php\/produit\/beurre-de-karite-pur-non-raffine\/#primaryimage"},"thumbnailUrl":"https:\/\/madjikarite.com\/wp-content\/uploads\/2016\/07\/beurre-pur.jpg","datePublished":"2016-07-26T17:06:50+00:00","dateModified":"2024-11-06T10:37:33+00:00","breadcrumb":{"@id":"https:\/\/madjikarite.com\/index.php\/produit\/beurre-de-karite-pur-non-raffine\/#breadcrumb"},"inLanguage":"fr-FR","potentialAction":[{"@type":"ReadAction","target":["https:\/\/madjikarite.com\/index.php\/produit\/beurre-de-karite-pur-non-raffine\/"]}]},{"@type":"ImageObject","inLanguage":"fr-FR","@id":"https:\/\/madjikarite.com\/index.php\/produit\/beurre-de-karite-pur-non-raffine\/#primaryimage","url":"https:\/\/madjikarite.com\/wp-content\/uploads\/2016\/07\/beurre-pur.jpg","contentUrl":"https:\/\/madjikarite.com\/wp-content\/uploads\/2016\/07\/beurre-pur.jpg","width":1920,"height":1280},{"@type":"BreadcrumbList","@id":"https:\/\/madjikarite.com\/index.php\/produit\/beurre-de-karite-pur-non-raffine\/#breadcrumb","itemListElement":[{"@type":"ListItem","position":1,"name":"Accueil","item":"https:\/\/madjikarite.com\/"},{"@type":"ListItem","position":2,"name":"Boutique","item":"https:\/\/madjikarite.com\/index.php\/boutique\/"},{"@type":"ListItem","position":3,"name":"Beurre de karit\u00e9 pur non raffin\u00e9 150g"}]},{"@type":"WebSite","@id":"https:\/\/madjikarite.com\/#website","url":"https:\/\/madjikarite.com\/","name":"Majdikarite","description":"","publisher":{"@id":"https:\/\/madjikarite.com\/#organization"},"potentialAction":[{"@type":"SearchAction","target":{"@type":"EntryPoint","urlTemplate":"https:\/\/madjikarite.com\/?s={search_term_string}"},"query-input":{"@type":"PropertyValueSpecification","valueRequired":true,"valueName":"search_term_string"}}],"inLanguage":"fr-FR"},{"@type":"Organization","@id":"https:\/\/madjikarite.com\/#organization","name":"Majdikarite","url":"https:\/\/madjikarite.com\/","logo":{"@type":"ImageObject","inLanguage":"fr-FR","@id":"https:\/\/madjikarite.com\/#\/schema\/logo\/image\/","url":"https:\/\/madjikarite.com\/wp-content\/uploads\/2025\/01\/cropped-logo-moyen.webp","contentUrl":"https:\/\/madjikarite.com\/wp-content\/uploads\/2025\/01\/cropped-logo-moyen.webp","width":491,"height":487,"caption":"Majdikarite"},"image":{"@id":"https:\/\/madjikarite.com\/#\/schema\/logo\/image\/"},"sameAs":["https:\/\/www.facebook.com\/Madjikarite","https:\/\/www.instagram.com\/madjikarite\/"]}]}},"_links":{"self":[{"href":"https:\/\/madjikarite.com\/index.php\/wp-json\/wp\/v2\/product\/493","targetHints":{"allow":["GET"]}}],"collection":[{"href":"https:\/\/madjikarite.com\/index.php\/wp-json\/wp\/v2\/product"}],"about":[{"href":"https:\/\/madjikarite.com\/index.php\/wp-json\/wp\/v2\/types\/product"}],"wp:featuredmedia":[{"embeddable":true,"href":"https:\/\/madjikarite.com\/index.php\/wp-json\/wp\/v2\/media\/6875"}],"wp:attachment":[{"href":"https:\/\/madjikarite.com\/index.php\/wp-json\/wp\/v2\/media?parent=493"}],"wp:term":[{"taxonomy":"product_brand","embeddable":true,"href":"https:\/\/madjikarite.com\/index.php\/wp-json\/wp\/v2\/product_brand?post=493"},{"taxonomy":"product_cat","embeddable":true,"href":"https:\/\/madjikarite.com\/index.php\/wp-json\/wp\/v2\/product_cat?post=493"},{"taxonomy":"product_tag","embeddable":true,"href":"https:\/\/madjikarite.com\/index.php\/wp-json\/wp\/v2\/product_tag?post=493"}],"curies":[{"name":"wp","href":"https:\/\/api.w.org\/{rel}","templated":true}]}}