{"id":497,"date":"2016-07-26T23:04:39","date_gmt":"2016-07-26T22:04:39","guid":{"rendered":"http:\/\/madjikarite.com\/?post_type=product&#038;p=497"},"modified":"2026-03-27T13:12:36","modified_gmt":"2026-03-27T12:12:36","slug":"beurre-a-levres-au-karite-a-la-mangue-et-au-citron","status":"publish","type":"product","link":"https:\/\/madjikarite.com\/index.php\/produit\/beurre-a-levres-au-karite-a-la-mangue-et-au-citron\/","title":{"rendered":"Stick Citron &#038; mangue 5g"},"content":{"rendered":"<p><strong>Ingredients<\/strong>: Butyrospermum parkii butter (beurre de karit\u00e9),sunflower seed oil, theobrom cacao, cire d\u2019abeille, gout mangue et citron, Tocopheryl acetate.<\/p>\n","protected":false},"excerpt":{"rendered":"<p>Au d\u00e9licieuse mangue et citron vert, Ce baume \u00e0 l\u00e8vres\u00a0 prot\u00e8ge vos l\u00e8vres tout en les hydratant\u00a0 toute la journ\u00e9e. Incroyable douceur \u00e0 vos l\u00e8vres. Pour tous types de peau. Fabriqu\u00e9 \u00e0 la main \u00e0 partir d\u2019ingr\u00e9dients naturels et biologiques\u00a0\u00bb<\/p>\n","protected":false},"featured_media":7511,"template":"","meta":[],"product_brand":[],"product_cat":[60],"product_tag":[],"class_list":{"0":"post-497","1":"product","2":"type-product","3":"status-publish","4":"has-post-thumbnail","6":"product_cat-beurres-a-levres","8":"first","9":"onbackorder","10":"shipping-taxable","11":"purchasable","12":"product-type-simple"},"yoast_head":"<!-- This site is optimized with the Yoast SEO plugin v27.5 - https:\/\/yoast.com\/product\/yoast-seo-wordpress\/ -->\n<title>Stick Citron &amp; mangue 5g - Majdikarite<\/title>\n<meta name=\"description\" content=\"Beurre \u00e0 l\u00e8vres au karit\u00e9, \u00e0 la mangue et au citron\" \/>\n<meta name=\"robots\" content=\"index, follow, max-snippet:-1, max-image-preview:large, max-video-preview:-1\" \/>\n<link rel=\"canonical\" href=\"https:\/\/madjikarite.com\/index.php\/produit\/beurre-a-levres-au-karite-a-la-mangue-et-au-citron\/\" \/>\n<meta property=\"og:locale\" content=\"fr_FR\" \/>\n<meta property=\"og:type\" content=\"article\" \/>\n<meta property=\"og:title\" content=\"Stick Citron &amp; mangue 5g - Majdikarite\" \/>\n<meta property=\"og:description\" content=\"Beurre \u00e0 l\u00e8vres au karit\u00e9, \u00e0 la mangue et au citron\" \/>\n<meta property=\"og:url\" content=\"https:\/\/madjikarite.com\/index.php\/produit\/beurre-a-levres-au-karite-a-la-mangue-et-au-citron\/\" \/>\n<meta property=\"og:site_name\" content=\"Majdikarite\" \/>\n<meta property=\"article:publisher\" content=\"https:\/\/www.facebook.com\/Madjikarite\" \/>\n<meta property=\"article:modified_time\" content=\"2026-03-27T12:12:36+00:00\" \/>\n<meta property=\"og:image\" content=\"https:\/\/madjikarite.com\/wp-content\/uploads\/2025\/01\/stick-a-levres-manguet-et-citron.webp\" \/>\n\t<meta property=\"og:image:width\" content=\"1720\" \/>\n\t<meta property=\"og:image:height\" content=\"1720\" \/>\n\t<meta property=\"og:image:type\" content=\"image\/webp\" \/>\n<meta name=\"twitter:card\" content=\"summary_large_image\" \/>\n<meta name=\"twitter:label1\" content=\"Dur\u00e9e de lecture estim\u00e9e\" \/>\n\t<meta name=\"twitter:data1\" content=\"1 minute\" \/>\n<script type=\"application\/ld+json\" class=\"yoast-schema-graph\">{\"@context\":\"https:\\\/\\\/schema.org\",\"@graph\":[{\"@type\":\"WebPage\",\"@id\":\"https:\\\/\\\/madjikarite.com\\\/index.php\\\/produit\\\/beurre-a-levres-au-karite-a-la-mangue-et-au-citron\\\/\",\"url\":\"https:\\\/\\\/madjikarite.com\\\/index.php\\\/produit\\\/beurre-a-levres-au-karite-a-la-mangue-et-au-citron\\\/\",\"name\":\"Stick Citron & mangue 5g - Majdikarite\",\"isPartOf\":{\"@id\":\"https:\\\/\\\/madjikarite.com\\\/#website\"},\"primaryImageOfPage\":{\"@id\":\"https:\\\/\\\/madjikarite.com\\\/index.php\\\/produit\\\/beurre-a-levres-au-karite-a-la-mangue-et-au-citron\\\/#primaryimage\"},\"image\":{\"@id\":\"https:\\\/\\\/madjikarite.com\\\/index.php\\\/produit\\\/beurre-a-levres-au-karite-a-la-mangue-et-au-citron\\\/#primaryimage\"},\"thumbnailUrl\":\"https:\\\/\\\/madjikarite.com\\\/wp-content\\\/uploads\\\/2025\\\/01\\\/stick-a-levres-manguet-et-citron.webp\",\"datePublished\":\"2016-07-26T22:04:39+00:00\",\"dateModified\":\"2026-03-27T12:12:36+00:00\",\"description\":\"Beurre \u00e0 l\u00e8vres au karit\u00e9, \u00e0 la mangue et au citron\",\"breadcrumb\":{\"@id\":\"https:\\\/\\\/madjikarite.com\\\/index.php\\\/produit\\\/beurre-a-levres-au-karite-a-la-mangue-et-au-citron\\\/#breadcrumb\"},\"inLanguage\":\"fr-FR\",\"potentialAction\":[{\"@type\":\"ReadAction\",\"target\":[\"https:\\\/\\\/madjikarite.com\\\/index.php\\\/produit\\\/beurre-a-levres-au-karite-a-la-mangue-et-au-citron\\\/\"]}]},{\"@type\":\"ImageObject\",\"inLanguage\":\"fr-FR\",\"@id\":\"https:\\\/\\\/madjikarite.com\\\/index.php\\\/produit\\\/beurre-a-levres-au-karite-a-la-mangue-et-au-citron\\\/#primaryimage\",\"url\":\"https:\\\/\\\/madjikarite.com\\\/wp-content\\\/uploads\\\/2025\\\/01\\\/stick-a-levres-manguet-et-citron.webp\",\"contentUrl\":\"https:\\\/\\\/madjikarite.com\\\/wp-content\\\/uploads\\\/2025\\\/01\\\/stick-a-levres-manguet-et-citron.webp\",\"width\":1720,\"height\":1720,\"caption\":\"stick levres citron\"},{\"@type\":\"BreadcrumbList\",\"@id\":\"https:\\\/\\\/madjikarite.com\\\/index.php\\\/produit\\\/beurre-a-levres-au-karite-a-la-mangue-et-au-citron\\\/#breadcrumb\",\"itemListElement\":[{\"@type\":\"ListItem\",\"position\":1,\"name\":\"Accueil\",\"item\":\"https:\\\/\\\/madjikarite.com\\\/\"},{\"@type\":\"ListItem\",\"position\":2,\"name\":\"Boutique\",\"item\":\"https:\\\/\\\/madjikarite.com\\\/index.php\\\/boutique\\\/\"},{\"@type\":\"ListItem\",\"position\":3,\"name\":\"Stick Citron &#038; mangue 5g\"}]},{\"@type\":\"WebSite\",\"@id\":\"https:\\\/\\\/madjikarite.com\\\/#website\",\"url\":\"https:\\\/\\\/madjikarite.com\\\/\",\"name\":\"Majdikarite\",\"description\":\"\",\"publisher\":{\"@id\":\"https:\\\/\\\/madjikarite.com\\\/#organization\"},\"potentialAction\":[{\"@type\":\"SearchAction\",\"target\":{\"@type\":\"EntryPoint\",\"urlTemplate\":\"https:\\\/\\\/madjikarite.com\\\/?s={search_term_string}\"},\"query-input\":{\"@type\":\"PropertyValueSpecification\",\"valueRequired\":true,\"valueName\":\"search_term_string\"}}],\"inLanguage\":\"fr-FR\"},{\"@type\":\"Organization\",\"@id\":\"https:\\\/\\\/madjikarite.com\\\/#organization\",\"name\":\"Majdikarite\",\"url\":\"https:\\\/\\\/madjikarite.com\\\/\",\"logo\":{\"@type\":\"ImageObject\",\"inLanguage\":\"fr-FR\",\"@id\":\"https:\\\/\\\/madjikarite.com\\\/#\\\/schema\\\/logo\\\/image\\\/\",\"url\":\"https:\\\/\\\/madjikarite.com\\\/wp-content\\\/uploads\\\/2025\\\/01\\\/cropped-logo-moyen.webp\",\"contentUrl\":\"https:\\\/\\\/madjikarite.com\\\/wp-content\\\/uploads\\\/2025\\\/01\\\/cropped-logo-moyen.webp\",\"width\":491,\"height\":487,\"caption\":\"Majdikarite\"},\"image\":{\"@id\":\"https:\\\/\\\/madjikarite.com\\\/#\\\/schema\\\/logo\\\/image\\\/\"},\"sameAs\":[\"https:\\\/\\\/www.facebook.com\\\/Madjikarite\",\"https:\\\/\\\/www.instagram.com\\\/madjikarite\\\/\"]}]}<\/script>\n<!-- \/ Yoast SEO plugin. -->","yoast_head_json":{"title":"Stick Citron & mangue 5g - Majdikarite","description":"Beurre \u00e0 l\u00e8vres au karit\u00e9, \u00e0 la mangue et au citron","robots":{"index":"index","follow":"follow","max-snippet":"max-snippet:-1","max-image-preview":"max-image-preview:large","max-video-preview":"max-video-preview:-1"},"canonical":"https:\/\/madjikarite.com\/index.php\/produit\/beurre-a-levres-au-karite-a-la-mangue-et-au-citron\/","og_locale":"fr_FR","og_type":"article","og_title":"Stick Citron & mangue 5g - Majdikarite","og_description":"Beurre \u00e0 l\u00e8vres au karit\u00e9, \u00e0 la mangue et au citron","og_url":"https:\/\/madjikarite.com\/index.php\/produit\/beurre-a-levres-au-karite-a-la-mangue-et-au-citron\/","og_site_name":"Majdikarite","article_publisher":"https:\/\/www.facebook.com\/Madjikarite","article_modified_time":"2026-03-27T12:12:36+00:00","og_image":[{"width":1720,"height":1720,"url":"https:\/\/madjikarite.com\/wp-content\/uploads\/2025\/01\/stick-a-levres-manguet-et-citron.webp","type":"image\/webp"}],"twitter_card":"summary_large_image","twitter_misc":{"Dur\u00e9e de lecture estim\u00e9e":"1 minute"},"schema":{"@context":"https:\/\/schema.org","@graph":[{"@type":"WebPage","@id":"https:\/\/madjikarite.com\/index.php\/produit\/beurre-a-levres-au-karite-a-la-mangue-et-au-citron\/","url":"https:\/\/madjikarite.com\/index.php\/produit\/beurre-a-levres-au-karite-a-la-mangue-et-au-citron\/","name":"Stick Citron & mangue 5g - Majdikarite","isPartOf":{"@id":"https:\/\/madjikarite.com\/#website"},"primaryImageOfPage":{"@id":"https:\/\/madjikarite.com\/index.php\/produit\/beurre-a-levres-au-karite-a-la-mangue-et-au-citron\/#primaryimage"},"image":{"@id":"https:\/\/madjikarite.com\/index.php\/produit\/beurre-a-levres-au-karite-a-la-mangue-et-au-citron\/#primaryimage"},"thumbnailUrl":"https:\/\/madjikarite.com\/wp-content\/uploads\/2025\/01\/stick-a-levres-manguet-et-citron.webp","datePublished":"2016-07-26T22:04:39+00:00","dateModified":"2026-03-27T12:12:36+00:00","description":"Beurre \u00e0 l\u00e8vres au karit\u00e9, \u00e0 la mangue et au citron","breadcrumb":{"@id":"https:\/\/madjikarite.com\/index.php\/produit\/beurre-a-levres-au-karite-a-la-mangue-et-au-citron\/#breadcrumb"},"inLanguage":"fr-FR","potentialAction":[{"@type":"ReadAction","target":["https:\/\/madjikarite.com\/index.php\/produit\/beurre-a-levres-au-karite-a-la-mangue-et-au-citron\/"]}]},{"@type":"ImageObject","inLanguage":"fr-FR","@id":"https:\/\/madjikarite.com\/index.php\/produit\/beurre-a-levres-au-karite-a-la-mangue-et-au-citron\/#primaryimage","url":"https:\/\/madjikarite.com\/wp-content\/uploads\/2025\/01\/stick-a-levres-manguet-et-citron.webp","contentUrl":"https:\/\/madjikarite.com\/wp-content\/uploads\/2025\/01\/stick-a-levres-manguet-et-citron.webp","width":1720,"height":1720,"caption":"stick levres citron"},{"@type":"BreadcrumbList","@id":"https:\/\/madjikarite.com\/index.php\/produit\/beurre-a-levres-au-karite-a-la-mangue-et-au-citron\/#breadcrumb","itemListElement":[{"@type":"ListItem","position":1,"name":"Accueil","item":"https:\/\/madjikarite.com\/"},{"@type":"ListItem","position":2,"name":"Boutique","item":"https:\/\/madjikarite.com\/index.php\/boutique\/"},{"@type":"ListItem","position":3,"name":"Stick Citron &#038; mangue 5g"}]},{"@type":"WebSite","@id":"https:\/\/madjikarite.com\/#website","url":"https:\/\/madjikarite.com\/","name":"Majdikarite","description":"","publisher":{"@id":"https:\/\/madjikarite.com\/#organization"},"potentialAction":[{"@type":"SearchAction","target":{"@type":"EntryPoint","urlTemplate":"https:\/\/madjikarite.com\/?s={search_term_string}"},"query-input":{"@type":"PropertyValueSpecification","valueRequired":true,"valueName":"search_term_string"}}],"inLanguage":"fr-FR"},{"@type":"Organization","@id":"https:\/\/madjikarite.com\/#organization","name":"Majdikarite","url":"https:\/\/madjikarite.com\/","logo":{"@type":"ImageObject","inLanguage":"fr-FR","@id":"https:\/\/madjikarite.com\/#\/schema\/logo\/image\/","url":"https:\/\/madjikarite.com\/wp-content\/uploads\/2025\/01\/cropped-logo-moyen.webp","contentUrl":"https:\/\/madjikarite.com\/wp-content\/uploads\/2025\/01\/cropped-logo-moyen.webp","width":491,"height":487,"caption":"Majdikarite"},"image":{"@id":"https:\/\/madjikarite.com\/#\/schema\/logo\/image\/"},"sameAs":["https:\/\/www.facebook.com\/Madjikarite","https:\/\/www.instagram.com\/madjikarite\/"]}]}},"_links":{"self":[{"href":"https:\/\/madjikarite.com\/index.php\/wp-json\/wp\/v2\/product\/497","targetHints":{"allow":["GET"]}}],"collection":[{"href":"https:\/\/madjikarite.com\/index.php\/wp-json\/wp\/v2\/product"}],"about":[{"href":"https:\/\/madjikarite.com\/index.php\/wp-json\/wp\/v2\/types\/product"}],"wp:featuredmedia":[{"embeddable":true,"href":"https:\/\/madjikarite.com\/index.php\/wp-json\/wp\/v2\/media\/7511"}],"wp:attachment":[{"href":"https:\/\/madjikarite.com\/index.php\/wp-json\/wp\/v2\/media?parent=497"}],"wp:term":[{"taxonomy":"product_brand","embeddable":true,"href":"https:\/\/madjikarite.com\/index.php\/wp-json\/wp\/v2\/product_brand?post=497"},{"taxonomy":"product_cat","embeddable":true,"href":"https:\/\/madjikarite.com\/index.php\/wp-json\/wp\/v2\/product_cat?post=497"},{"taxonomy":"product_tag","embeddable":true,"href":"https:\/\/madjikarite.com\/index.php\/wp-json\/wp\/v2\/product_tag?post=497"}],"curies":[{"name":"wp","href":"https:\/\/api.w.org\/{rel}","templated":true}]}}