{"id":499,"date":"2016-07-26T23:14:03","date_gmt":"2016-07-26T22:14:03","guid":{"rendered":"http:\/\/madjikarite.com\/?post_type=product&#038;p=499"},"modified":"2024-04-13T19:32:32","modified_gmt":"2024-04-13T17:32:32","slug":"karite-et-chocolat","status":"publish","type":"product","link":"https:\/\/madjikarite.com\/index.php\/produit\/karite-et-chocolat\/","title":{"rendered":"Chocolat 3.5g"},"content":{"rendered":"<p><strong>Ingredients<\/strong>: Butyrospermum parkii butter (beurre de karit\u00e9),sunflower seed oil, theobrom cacao, cire d\u2019abeille, gout chocolat, Tocopheryl acetate.<\/p>\n","protected":false},"excerpt":{"rendered":"<p>Au d\u00e9licieux chocolat,\u00a0\u00a0 prot\u00e8ge vos l\u00e8vres tout en les\u00a0 hydratant\u00a0 toute la journ\u00e9e. Incroyable douceur \u00e0 vos l\u00e8vres.\u00a0Pour tous types de peau. Fabriqu\u00e9 \u00e0 la main \u00e0 partir d\u2019ingr\u00e9dients naturels et biologiques\u00a0\u00bb<\/p>\n","protected":false},"featured_media":7187,"template":"","meta":[],"product_brand":[],"product_cat":[60],"product_tag":[],"class_list":{"0":"post-499","1":"product","2":"type-product","3":"status-publish","4":"has-post-thumbnail","6":"product_cat-beurres-a-levres","8":"first","9":"outofstock","10":"shipping-taxable","11":"purchasable","12":"product-type-simple"},"yoast_head":"<!-- This site is optimized with the Yoast SEO plugin v27.5 - https:\/\/yoast.com\/product\/yoast-seo-wordpress\/ -->\n<title>Chocolat 3.5g - Majdikarite<\/title>\n<meta name=\"description\" content=\"karit\u00e9 et chocolat\" \/>\n<meta name=\"robots\" content=\"index, follow, max-snippet:-1, max-image-preview:large, max-video-preview:-1\" \/>\n<link rel=\"canonical\" href=\"https:\/\/madjikarite.com\/index.php\/produit\/karite-et-chocolat\/\" \/>\n<meta property=\"og:locale\" content=\"fr_FR\" \/>\n<meta property=\"og:type\" content=\"article\" \/>\n<meta property=\"og:title\" content=\"Chocolat 3.5g - Majdikarite\" \/>\n<meta property=\"og:description\" content=\"karit\u00e9 et chocolat\" \/>\n<meta property=\"og:url\" content=\"https:\/\/madjikarite.com\/index.php\/produit\/karite-et-chocolat\/\" \/>\n<meta property=\"og:site_name\" content=\"Majdikarite\" \/>\n<meta property=\"article:publisher\" content=\"https:\/\/www.facebook.com\/Madjikarite\" \/>\n<meta property=\"article:modified_time\" content=\"2024-04-13T17:32:32+00:00\" \/>\n<meta property=\"og:image\" content=\"https:\/\/madjikarite.com\/wp-content\/uploads\/2016\/07\/beurre-levres-chocolat.jpg\" \/>\n\t<meta property=\"og:image:width\" content=\"730\" \/>\n\t<meta property=\"og:image:height\" content=\"518\" \/>\n\t<meta property=\"og:image:type\" content=\"image\/jpeg\" \/>\n<meta name=\"twitter:card\" content=\"summary_large_image\" \/>\n<script type=\"application\/ld+json\" class=\"yoast-schema-graph\">{\"@context\":\"https:\\\/\\\/schema.org\",\"@graph\":[{\"@type\":\"WebPage\",\"@id\":\"https:\\\/\\\/madjikarite.com\\\/index.php\\\/produit\\\/karite-et-chocolat\\\/\",\"url\":\"https:\\\/\\\/madjikarite.com\\\/index.php\\\/produit\\\/karite-et-chocolat\\\/\",\"name\":\"Chocolat 3.5g - Majdikarite\",\"isPartOf\":{\"@id\":\"https:\\\/\\\/madjikarite.com\\\/#website\"},\"primaryImageOfPage\":{\"@id\":\"https:\\\/\\\/madjikarite.com\\\/index.php\\\/produit\\\/karite-et-chocolat\\\/#primaryimage\"},\"image\":{\"@id\":\"https:\\\/\\\/madjikarite.com\\\/index.php\\\/produit\\\/karite-et-chocolat\\\/#primaryimage\"},\"thumbnailUrl\":\"https:\\\/\\\/madjikarite.com\\\/wp-content\\\/uploads\\\/2016\\\/07\\\/beurre-levres-chocolat.jpg\",\"datePublished\":\"2016-07-26T22:14:03+00:00\",\"dateModified\":\"2024-04-13T17:32:32+00:00\",\"description\":\"karit\u00e9 et chocolat\",\"breadcrumb\":{\"@id\":\"https:\\\/\\\/madjikarite.com\\\/index.php\\\/produit\\\/karite-et-chocolat\\\/#breadcrumb\"},\"inLanguage\":\"fr-FR\",\"potentialAction\":[{\"@type\":\"ReadAction\",\"target\":[\"https:\\\/\\\/madjikarite.com\\\/index.php\\\/produit\\\/karite-et-chocolat\\\/\"]}]},{\"@type\":\"ImageObject\",\"inLanguage\":\"fr-FR\",\"@id\":\"https:\\\/\\\/madjikarite.com\\\/index.php\\\/produit\\\/karite-et-chocolat\\\/#primaryimage\",\"url\":\"https:\\\/\\\/madjikarite.com\\\/wp-content\\\/uploads\\\/2016\\\/07\\\/beurre-levres-chocolat.jpg\",\"contentUrl\":\"https:\\\/\\\/madjikarite.com\\\/wp-content\\\/uploads\\\/2016\\\/07\\\/beurre-levres-chocolat.jpg\",\"width\":730,\"height\":518},{\"@type\":\"BreadcrumbList\",\"@id\":\"https:\\\/\\\/madjikarite.com\\\/index.php\\\/produit\\\/karite-et-chocolat\\\/#breadcrumb\",\"itemListElement\":[{\"@type\":\"ListItem\",\"position\":1,\"name\":\"Accueil\",\"item\":\"https:\\\/\\\/madjikarite.com\\\/\"},{\"@type\":\"ListItem\",\"position\":2,\"name\":\"Boutique\",\"item\":\"https:\\\/\\\/madjikarite.com\\\/index.php\\\/boutique\\\/\"},{\"@type\":\"ListItem\",\"position\":3,\"name\":\"Chocolat 3.5g\"}]},{\"@type\":\"WebSite\",\"@id\":\"https:\\\/\\\/madjikarite.com\\\/#website\",\"url\":\"https:\\\/\\\/madjikarite.com\\\/\",\"name\":\"Majdikarite\",\"description\":\"\",\"publisher\":{\"@id\":\"https:\\\/\\\/madjikarite.com\\\/#organization\"},\"potentialAction\":[{\"@type\":\"SearchAction\",\"target\":{\"@type\":\"EntryPoint\",\"urlTemplate\":\"https:\\\/\\\/madjikarite.com\\\/?s={search_term_string}\"},\"query-input\":{\"@type\":\"PropertyValueSpecification\",\"valueRequired\":true,\"valueName\":\"search_term_string\"}}],\"inLanguage\":\"fr-FR\"},{\"@type\":\"Organization\",\"@id\":\"https:\\\/\\\/madjikarite.com\\\/#organization\",\"name\":\"Majdikarite\",\"url\":\"https:\\\/\\\/madjikarite.com\\\/\",\"logo\":{\"@type\":\"ImageObject\",\"inLanguage\":\"fr-FR\",\"@id\":\"https:\\\/\\\/madjikarite.com\\\/#\\\/schema\\\/logo\\\/image\\\/\",\"url\":\"https:\\\/\\\/madjikarite.com\\\/wp-content\\\/uploads\\\/2025\\\/01\\\/cropped-logo-moyen.webp\",\"contentUrl\":\"https:\\\/\\\/madjikarite.com\\\/wp-content\\\/uploads\\\/2025\\\/01\\\/cropped-logo-moyen.webp\",\"width\":491,\"height\":487,\"caption\":\"Majdikarite\"},\"image\":{\"@id\":\"https:\\\/\\\/madjikarite.com\\\/#\\\/schema\\\/logo\\\/image\\\/\"},\"sameAs\":[\"https:\\\/\\\/www.facebook.com\\\/Madjikarite\",\"https:\\\/\\\/www.instagram.com\\\/madjikarite\\\/\"]}]}<\/script>\n<!-- \/ Yoast SEO plugin. -->","yoast_head_json":{"title":"Chocolat 3.5g - Majdikarite","description":"karit\u00e9 et chocolat","robots":{"index":"index","follow":"follow","max-snippet":"max-snippet:-1","max-image-preview":"max-image-preview:large","max-video-preview":"max-video-preview:-1"},"canonical":"https:\/\/madjikarite.com\/index.php\/produit\/karite-et-chocolat\/","og_locale":"fr_FR","og_type":"article","og_title":"Chocolat 3.5g - Majdikarite","og_description":"karit\u00e9 et chocolat","og_url":"https:\/\/madjikarite.com\/index.php\/produit\/karite-et-chocolat\/","og_site_name":"Majdikarite","article_publisher":"https:\/\/www.facebook.com\/Madjikarite","article_modified_time":"2024-04-13T17:32:32+00:00","og_image":[{"width":730,"height":518,"url":"https:\/\/madjikarite.com\/wp-content\/uploads\/2016\/07\/beurre-levres-chocolat.jpg","type":"image\/jpeg"}],"twitter_card":"summary_large_image","schema":{"@context":"https:\/\/schema.org","@graph":[{"@type":"WebPage","@id":"https:\/\/madjikarite.com\/index.php\/produit\/karite-et-chocolat\/","url":"https:\/\/madjikarite.com\/index.php\/produit\/karite-et-chocolat\/","name":"Chocolat 3.5g - Majdikarite","isPartOf":{"@id":"https:\/\/madjikarite.com\/#website"},"primaryImageOfPage":{"@id":"https:\/\/madjikarite.com\/index.php\/produit\/karite-et-chocolat\/#primaryimage"},"image":{"@id":"https:\/\/madjikarite.com\/index.php\/produit\/karite-et-chocolat\/#primaryimage"},"thumbnailUrl":"https:\/\/madjikarite.com\/wp-content\/uploads\/2016\/07\/beurre-levres-chocolat.jpg","datePublished":"2016-07-26T22:14:03+00:00","dateModified":"2024-04-13T17:32:32+00:00","description":"karit\u00e9 et chocolat","breadcrumb":{"@id":"https:\/\/madjikarite.com\/index.php\/produit\/karite-et-chocolat\/#breadcrumb"},"inLanguage":"fr-FR","potentialAction":[{"@type":"ReadAction","target":["https:\/\/madjikarite.com\/index.php\/produit\/karite-et-chocolat\/"]}]},{"@type":"ImageObject","inLanguage":"fr-FR","@id":"https:\/\/madjikarite.com\/index.php\/produit\/karite-et-chocolat\/#primaryimage","url":"https:\/\/madjikarite.com\/wp-content\/uploads\/2016\/07\/beurre-levres-chocolat.jpg","contentUrl":"https:\/\/madjikarite.com\/wp-content\/uploads\/2016\/07\/beurre-levres-chocolat.jpg","width":730,"height":518},{"@type":"BreadcrumbList","@id":"https:\/\/madjikarite.com\/index.php\/produit\/karite-et-chocolat\/#breadcrumb","itemListElement":[{"@type":"ListItem","position":1,"name":"Accueil","item":"https:\/\/madjikarite.com\/"},{"@type":"ListItem","position":2,"name":"Boutique","item":"https:\/\/madjikarite.com\/index.php\/boutique\/"},{"@type":"ListItem","position":3,"name":"Chocolat 3.5g"}]},{"@type":"WebSite","@id":"https:\/\/madjikarite.com\/#website","url":"https:\/\/madjikarite.com\/","name":"Majdikarite","description":"","publisher":{"@id":"https:\/\/madjikarite.com\/#organization"},"potentialAction":[{"@type":"SearchAction","target":{"@type":"EntryPoint","urlTemplate":"https:\/\/madjikarite.com\/?s={search_term_string}"},"query-input":{"@type":"PropertyValueSpecification","valueRequired":true,"valueName":"search_term_string"}}],"inLanguage":"fr-FR"},{"@type":"Organization","@id":"https:\/\/madjikarite.com\/#organization","name":"Majdikarite","url":"https:\/\/madjikarite.com\/","logo":{"@type":"ImageObject","inLanguage":"fr-FR","@id":"https:\/\/madjikarite.com\/#\/schema\/logo\/image\/","url":"https:\/\/madjikarite.com\/wp-content\/uploads\/2025\/01\/cropped-logo-moyen.webp","contentUrl":"https:\/\/madjikarite.com\/wp-content\/uploads\/2025\/01\/cropped-logo-moyen.webp","width":491,"height":487,"caption":"Majdikarite"},"image":{"@id":"https:\/\/madjikarite.com\/#\/schema\/logo\/image\/"},"sameAs":["https:\/\/www.facebook.com\/Madjikarite","https:\/\/www.instagram.com\/madjikarite\/"]}]}},"_links":{"self":[{"href":"https:\/\/madjikarite.com\/index.php\/wp-json\/wp\/v2\/product\/499","targetHints":{"allow":["GET"]}}],"collection":[{"href":"https:\/\/madjikarite.com\/index.php\/wp-json\/wp\/v2\/product"}],"about":[{"href":"https:\/\/madjikarite.com\/index.php\/wp-json\/wp\/v2\/types\/product"}],"wp:featuredmedia":[{"embeddable":true,"href":"https:\/\/madjikarite.com\/index.php\/wp-json\/wp\/v2\/media\/7187"}],"wp:attachment":[{"href":"https:\/\/madjikarite.com\/index.php\/wp-json\/wp\/v2\/media?parent=499"}],"wp:term":[{"taxonomy":"product_brand","embeddable":true,"href":"https:\/\/madjikarite.com\/index.php\/wp-json\/wp\/v2\/product_brand?post=499"},{"taxonomy":"product_cat","embeddable":true,"href":"https:\/\/madjikarite.com\/index.php\/wp-json\/wp\/v2\/product_cat?post=499"},{"taxonomy":"product_tag","embeddable":true,"href":"https:\/\/madjikarite.com\/index.php\/wp-json\/wp\/v2\/product_tag?post=499"}],"curies":[{"name":"wp","href":"https:\/\/api.w.org\/{rel}","templated":true}]}}