{"id":530,"date":"2016-07-27T13:09:45","date_gmt":"2016-07-27T12:09:45","guid":{"rendered":"http:\/\/madjikarite.com\/?post_type=product&#038;p=530"},"modified":"2026-03-31T16:04:14","modified_gmt":"2026-03-31T14:04:14","slug":"savon-karite-a-largile-verte","status":"publish","type":"product","link":"https:\/\/madjikarite.com\/index.php\/produit\/savon-karite-a-largile-verte\/","title":{"rendered":"Purifiant \/Argile verte \/ Orange &#038; Abricot 100g"},"content":{"rendered":"<p><strong>Les ingr\u00e9dients cl\u00e9s comprennent<\/strong> : le beurre de karit\u00e9 bio, huile de coco, l\u2019huile d\u2019olive, l\u2019huile de tournesol, parfum de d\u2019orange et d\u2019abricot.<\/p>\n<p><strong>Beurre de karit\u00e9<\/strong><br \/>\nLe beurre de karit\u00e9 pur est un \u00e9mollient naturel qui, gu\u00e9rit et prot\u00e8ge la peau. il prot\u00e8ge la peau des m\u00e9faits du soleil, l\u2019adoucit et r\u00e9g\u00e9n\u00e8re les peaux ab\u00eem\u00e9es. Il nourrit \u00e9galement les cheveux et leur redonne brillance et beaut\u00e9. Il est traditionnellement utilis\u00e9 pour nourrir la peau, pour le garder souple et jeune. Il est \u00e9galement utilis\u00e9 pour traiter une vari\u00e9t\u00e9 d\u2019affections cutan\u00e9es telles que: l\u2019ecz\u00e9ma, irritations, s\u00e9cheresse extr\u00eame, vergetures et la pr\u00e9vention des rides, des br\u00fblures, des coupures et des petites plaies de la peau, les soins apr\u00e8s-soleil, les piq\u00fbres d\u2019insectes. Le Beurre de Karit\u00e9 r\u00e9tablit l\u2019\u00e9lasticit\u00e9 naturelle de la peau. Riche en vitamines A, D, E, F mais aussi en latex et en insaponifiables (qui emp\u00eache la transformation en savon),<\/p>\n<p><strong>L\u2019huile de noix de coco<\/strong><br \/>\nCette huile poss\u00e8de des vertus \u00e9mollientes et adoucissantes exceptionnelles. Elle est un antioxydant naturel, qui aide \u00e0 lutter contre les radicaux libres, ralentir le processus de vieillissement de la peau et rajeunir les cellules.<br \/>\n<strong>l&rsquo;huile d\u2019olive<\/strong><br \/>\nL\u2019huile d\u2019olive est un excellent hydratant et convient \u00e0 tous types de peau. Elle aide \u00e0 pr\u00e9server l\u2019hydratation naturelle de la peau et la laisse hydrat\u00e9e et \u00e9clatante. Le pouvoir hydratant de l\u2019huile d\u2019olive en fait un excellent soin pour les peaux tr\u00e8s s\u00e8ches. Riche en vitamine E.<br \/>\n<strong>l&rsquo;huile de tournesol<\/strong><br \/>\nElle adoucit la peau, pr\u00e9vient son vieillissement, renforce le syst\u00e8me immunitaire, rend les cheveux doux, souples et brillants, limite leur perte et leur casse et favorise leur croissance.<\/p>\n<p>&nbsp;<\/p>\n<p><strong>INCI<\/strong> : sodium oliveate (huile d\u2019olive bio saponifi\u00e9e), sodium cocate (huile de noix de coco bio saponifi\u00e9e), aqua (eau), butyrospermum parkii butter (beurre de karit\u00e9 bio saponifi\u00e9), sunflower seed oil (huile de tournesol bio saponifi\u00e9e),\u00a0 citrus aurantium dulcis oil (huilee essentielle d\u2019orange bio) prunus armeniaca oil (extrait naturel\u00a0 d\u2019abricot )\/linalol, tocopheryl acetate (vitaine E naturelle), illite (argile verte).<\/p>\n<p>Allerg\u00e8nes : benzyl benzoate, benzyl salicylate, linalool, citronellol, geraniol, citral, limonene.<\/p>\n<p>&nbsp;<\/p>\n<p><strong>Les bienfaits de la saponification \u00e0 froid<\/strong><br \/>\nQu\u2019est-ce que\u00a0 La saponification \u00e0 froid ?<br \/>\nC\u2019est une m\u00e9thode artisanale douce et tr\u00e8s \u00e9cologique. Le savon est pr\u00e9par\u00e9 sans cuisson pour pr\u00e9server les bienfaits des huiles et beurres v\u00e9g\u00e9taux. Cette m\u00e9thode n\u00e9cessite un s\u00e9chage lent \u00e0 l\u2019air ambiant. A la diff\u00e9rence des savons industriels, la glyc\u00e9rine naturelle n\u2019est pas retir\u00e9e pendant la saponification, elle reste dans le savon offrant tous ses bienfaits \u00e0 la peau. Le savon est donc dit \u00ab sur-gras \u00bb car une partie de ses huiles (karit\u00e9, coco, olive, tournesol) ne sont pas saponifi\u00e9es pour b\u00e9n\u00e9ficier de toutes leurs vertus sur la peau. Le savon est complet et donc parfait pour prendre soin de vos peaux.<br \/>\n<strong>Propri\u00e9t\u00e9s<\/strong><br \/>\nUn savon id\u00e9al pour un soin du visage, la peau retrouve sa douceur et son velout\u00e9. Utiliser 2 fois par semaine sur le visage.<\/p>\n","protected":false},"excerpt":{"rendered":"<p>L\u2019id\u00e9al pour le visage. Gomme les peaux mortes. L\u2019argile est une mati\u00e8re vivante : elle enrichie, r\u00e9\u00e9quilibre, prot\u00e8ge, r\u00e9g\u00e9n\u00e8re chaque cellule du corps.\u00a0 l\u2019orange et l\u2019abricot redonnent\u00a0 de \u00e9clat \u00e0 votre visage.utiliser 2fois\/semaine. Fabriqu\u00e9 \u00e0 partir des ingr\u00e9dients naturels\/biologiques.<\/p>\n<p>Hydratant. Adoucissant. Pour tous types de peau. Saponification \u00e0 froid. Fabriqu\u00e9 \u00e0 la main \u00e0 partir d\u2019ingr\u00e9dients naturels et biologiques. Riche en vitamine E<\/p>\n<p>&nbsp;<\/p>\n","protected":false},"featured_media":7510,"template":"","meta":[],"product_brand":[],"product_cat":[66],"product_tag":[],"class_list":{"0":"post-530","1":"product","2":"type-product","3":"status-publish","4":"has-post-thumbnail","6":"product_cat-savons-artisanaux-sur-gras","8":"first","9":"instock","10":"shipping-taxable","11":"purchasable","12":"product-type-simple"},"yoast_head":"<!-- This site is optimized with the Yoast SEO plugin v27.4 - https:\/\/yoast.com\/product\/yoast-seo-wordpress\/ -->\n<title>Purifiant \/Argile verte \/ Orange &amp; Abricot 100g - Majdikarite<\/title>\n<meta name=\"description\" content=\"savon karit\u00e9 \u00e0 l&#039;argile verte\" \/>\n<meta name=\"robots\" content=\"index, follow, max-snippet:-1, max-image-preview:large, max-video-preview:-1\" \/>\n<link rel=\"canonical\" href=\"https:\/\/madjikarite.com\/index.php\/produit\/savon-karite-a-largile-verte\/\" \/>\n<meta property=\"og:locale\" content=\"fr_FR\" \/>\n<meta property=\"og:type\" content=\"article\" \/>\n<meta property=\"og:title\" content=\"Purifiant \/Argile verte \/ Orange &amp; Abricot 100g - Majdikarite\" \/>\n<meta property=\"og:description\" content=\"savon karit\u00e9 \u00e0 l&#039;argile verte\" \/>\n<meta property=\"og:url\" content=\"https:\/\/madjikarite.com\/index.php\/produit\/savon-karite-a-largile-verte\/\" \/>\n<meta property=\"og:site_name\" content=\"Majdikarite\" \/>\n<meta property=\"article:publisher\" content=\"https:\/\/www.facebook.com\/Madjikarite\" \/>\n<meta property=\"article:modified_time\" content=\"2026-03-31T14:04:14+00:00\" \/>\n<meta property=\"og:image\" content=\"https:\/\/madjikarite.com\/wp-content\/uploads\/2025\/01\/savon-orange-et-abricot-100g.webp\" \/>\n\t<meta property=\"og:image:width\" content=\"1781\" \/>\n\t<meta property=\"og:image:height\" content=\"1781\" \/>\n\t<meta property=\"og:image:type\" content=\"image\/webp\" \/>\n<meta name=\"twitter:card\" content=\"summary_large_image\" \/>\n<meta name=\"twitter:label1\" content=\"Dur\u00e9e de lecture estim\u00e9e\" \/>\n\t<meta name=\"twitter:data1\" content=\"3 minutes\" \/>\n<script type=\"application\/ld+json\" class=\"yoast-schema-graph\">{\"@context\":\"https:\\\/\\\/schema.org\",\"@graph\":[{\"@type\":\"WebPage\",\"@id\":\"https:\\\/\\\/madjikarite.com\\\/index.php\\\/produit\\\/savon-karite-a-largile-verte\\\/\",\"url\":\"https:\\\/\\\/madjikarite.com\\\/index.php\\\/produit\\\/savon-karite-a-largile-verte\\\/\",\"name\":\"Purifiant \\\/Argile verte \\\/ Orange & Abricot 100g - Majdikarite\",\"isPartOf\":{\"@id\":\"https:\\\/\\\/madjikarite.com\\\/#website\"},\"primaryImageOfPage\":{\"@id\":\"https:\\\/\\\/madjikarite.com\\\/index.php\\\/produit\\\/savon-karite-a-largile-verte\\\/#primaryimage\"},\"image\":{\"@id\":\"https:\\\/\\\/madjikarite.com\\\/index.php\\\/produit\\\/savon-karite-a-largile-verte\\\/#primaryimage\"},\"thumbnailUrl\":\"https:\\\/\\\/madjikarite.com\\\/wp-content\\\/uploads\\\/2025\\\/01\\\/savon-orange-et-abricot-100g.webp\",\"datePublished\":\"2016-07-27T12:09:45+00:00\",\"dateModified\":\"2026-03-31T14:04:14+00:00\",\"description\":\"savon karit\u00e9 \u00e0 l'argile verte\",\"breadcrumb\":{\"@id\":\"https:\\\/\\\/madjikarite.com\\\/index.php\\\/produit\\\/savon-karite-a-largile-verte\\\/#breadcrumb\"},\"inLanguage\":\"fr-FR\",\"potentialAction\":[{\"@type\":\"ReadAction\",\"target\":[\"https:\\\/\\\/madjikarite.com\\\/index.php\\\/produit\\\/savon-karite-a-largile-verte\\\/\"]}]},{\"@type\":\"ImageObject\",\"inLanguage\":\"fr-FR\",\"@id\":\"https:\\\/\\\/madjikarite.com\\\/index.php\\\/produit\\\/savon-karite-a-largile-verte\\\/#primaryimage\",\"url\":\"https:\\\/\\\/madjikarite.com\\\/wp-content\\\/uploads\\\/2025\\\/01\\\/savon-orange-et-abricot-100g.webp\",\"contentUrl\":\"https:\\\/\\\/madjikarite.com\\\/wp-content\\\/uploads\\\/2025\\\/01\\\/savon-orange-et-abricot-100g.webp\",\"width\":1781,\"height\":1781,\"caption\":\"savon orange et abricot\"},{\"@type\":\"BreadcrumbList\",\"@id\":\"https:\\\/\\\/madjikarite.com\\\/index.php\\\/produit\\\/savon-karite-a-largile-verte\\\/#breadcrumb\",\"itemListElement\":[{\"@type\":\"ListItem\",\"position\":1,\"name\":\"Accueil\",\"item\":\"https:\\\/\\\/madjikarite.com\\\/\"},{\"@type\":\"ListItem\",\"position\":2,\"name\":\"Boutique\",\"item\":\"https:\\\/\\\/madjikarite.com\\\/index.php\\\/boutique\\\/\"},{\"@type\":\"ListItem\",\"position\":3,\"name\":\"Purifiant \\\/Argile verte \\\/ Orange &#038; Abricot 100g\"}]},{\"@type\":\"WebSite\",\"@id\":\"https:\\\/\\\/madjikarite.com\\\/#website\",\"url\":\"https:\\\/\\\/madjikarite.com\\\/\",\"name\":\"Majdikarite\",\"description\":\"\",\"publisher\":{\"@id\":\"https:\\\/\\\/madjikarite.com\\\/#organization\"},\"potentialAction\":[{\"@type\":\"SearchAction\",\"target\":{\"@type\":\"EntryPoint\",\"urlTemplate\":\"https:\\\/\\\/madjikarite.com\\\/?s={search_term_string}\"},\"query-input\":{\"@type\":\"PropertyValueSpecification\",\"valueRequired\":true,\"valueName\":\"search_term_string\"}}],\"inLanguage\":\"fr-FR\"},{\"@type\":\"Organization\",\"@id\":\"https:\\\/\\\/madjikarite.com\\\/#organization\",\"name\":\"Majdikarite\",\"url\":\"https:\\\/\\\/madjikarite.com\\\/\",\"logo\":{\"@type\":\"ImageObject\",\"inLanguage\":\"fr-FR\",\"@id\":\"https:\\\/\\\/madjikarite.com\\\/#\\\/schema\\\/logo\\\/image\\\/\",\"url\":\"https:\\\/\\\/madjikarite.com\\\/wp-content\\\/uploads\\\/2025\\\/01\\\/cropped-logo-moyen.webp\",\"contentUrl\":\"https:\\\/\\\/madjikarite.com\\\/wp-content\\\/uploads\\\/2025\\\/01\\\/cropped-logo-moyen.webp\",\"width\":491,\"height\":487,\"caption\":\"Majdikarite\"},\"image\":{\"@id\":\"https:\\\/\\\/madjikarite.com\\\/#\\\/schema\\\/logo\\\/image\\\/\"},\"sameAs\":[\"https:\\\/\\\/www.facebook.com\\\/Madjikarite\",\"https:\\\/\\\/www.instagram.com\\\/madjikarite\\\/\"]}]}<\/script>\n<!-- \/ Yoast SEO plugin. -->","yoast_head_json":{"title":"Purifiant \/Argile verte \/ Orange & Abricot 100g - Majdikarite","description":"savon karit\u00e9 \u00e0 l'argile verte","robots":{"index":"index","follow":"follow","max-snippet":"max-snippet:-1","max-image-preview":"max-image-preview:large","max-video-preview":"max-video-preview:-1"},"canonical":"https:\/\/madjikarite.com\/index.php\/produit\/savon-karite-a-largile-verte\/","og_locale":"fr_FR","og_type":"article","og_title":"Purifiant \/Argile verte \/ Orange & Abricot 100g - Majdikarite","og_description":"savon karit\u00e9 \u00e0 l'argile verte","og_url":"https:\/\/madjikarite.com\/index.php\/produit\/savon-karite-a-largile-verte\/","og_site_name":"Majdikarite","article_publisher":"https:\/\/www.facebook.com\/Madjikarite","article_modified_time":"2026-03-31T14:04:14+00:00","og_image":[{"width":1781,"height":1781,"url":"https:\/\/madjikarite.com\/wp-content\/uploads\/2025\/01\/savon-orange-et-abricot-100g.webp","type":"image\/webp"}],"twitter_card":"summary_large_image","twitter_misc":{"Dur\u00e9e de lecture estim\u00e9e":"3 minutes"},"schema":{"@context":"https:\/\/schema.org","@graph":[{"@type":"WebPage","@id":"https:\/\/madjikarite.com\/index.php\/produit\/savon-karite-a-largile-verte\/","url":"https:\/\/madjikarite.com\/index.php\/produit\/savon-karite-a-largile-verte\/","name":"Purifiant \/Argile verte \/ Orange & Abricot 100g - Majdikarite","isPartOf":{"@id":"https:\/\/madjikarite.com\/#website"},"primaryImageOfPage":{"@id":"https:\/\/madjikarite.com\/index.php\/produit\/savon-karite-a-largile-verte\/#primaryimage"},"image":{"@id":"https:\/\/madjikarite.com\/index.php\/produit\/savon-karite-a-largile-verte\/#primaryimage"},"thumbnailUrl":"https:\/\/madjikarite.com\/wp-content\/uploads\/2025\/01\/savon-orange-et-abricot-100g.webp","datePublished":"2016-07-27T12:09:45+00:00","dateModified":"2026-03-31T14:04:14+00:00","description":"savon karit\u00e9 \u00e0 l'argile verte","breadcrumb":{"@id":"https:\/\/madjikarite.com\/index.php\/produit\/savon-karite-a-largile-verte\/#breadcrumb"},"inLanguage":"fr-FR","potentialAction":[{"@type":"ReadAction","target":["https:\/\/madjikarite.com\/index.php\/produit\/savon-karite-a-largile-verte\/"]}]},{"@type":"ImageObject","inLanguage":"fr-FR","@id":"https:\/\/madjikarite.com\/index.php\/produit\/savon-karite-a-largile-verte\/#primaryimage","url":"https:\/\/madjikarite.com\/wp-content\/uploads\/2025\/01\/savon-orange-et-abricot-100g.webp","contentUrl":"https:\/\/madjikarite.com\/wp-content\/uploads\/2025\/01\/savon-orange-et-abricot-100g.webp","width":1781,"height":1781,"caption":"savon orange et abricot"},{"@type":"BreadcrumbList","@id":"https:\/\/madjikarite.com\/index.php\/produit\/savon-karite-a-largile-verte\/#breadcrumb","itemListElement":[{"@type":"ListItem","position":1,"name":"Accueil","item":"https:\/\/madjikarite.com\/"},{"@type":"ListItem","position":2,"name":"Boutique","item":"https:\/\/madjikarite.com\/index.php\/boutique\/"},{"@type":"ListItem","position":3,"name":"Purifiant \/Argile verte \/ Orange &#038; Abricot 100g"}]},{"@type":"WebSite","@id":"https:\/\/madjikarite.com\/#website","url":"https:\/\/madjikarite.com\/","name":"Majdikarite","description":"","publisher":{"@id":"https:\/\/madjikarite.com\/#organization"},"potentialAction":[{"@type":"SearchAction","target":{"@type":"EntryPoint","urlTemplate":"https:\/\/madjikarite.com\/?s={search_term_string}"},"query-input":{"@type":"PropertyValueSpecification","valueRequired":true,"valueName":"search_term_string"}}],"inLanguage":"fr-FR"},{"@type":"Organization","@id":"https:\/\/madjikarite.com\/#organization","name":"Majdikarite","url":"https:\/\/madjikarite.com\/","logo":{"@type":"ImageObject","inLanguage":"fr-FR","@id":"https:\/\/madjikarite.com\/#\/schema\/logo\/image\/","url":"https:\/\/madjikarite.com\/wp-content\/uploads\/2025\/01\/cropped-logo-moyen.webp","contentUrl":"https:\/\/madjikarite.com\/wp-content\/uploads\/2025\/01\/cropped-logo-moyen.webp","width":491,"height":487,"caption":"Majdikarite"},"image":{"@id":"https:\/\/madjikarite.com\/#\/schema\/logo\/image\/"},"sameAs":["https:\/\/www.facebook.com\/Madjikarite","https:\/\/www.instagram.com\/madjikarite\/"]}]}},"_links":{"self":[{"href":"https:\/\/madjikarite.com\/index.php\/wp-json\/wp\/v2\/product\/530","targetHints":{"allow":["GET"]}}],"collection":[{"href":"https:\/\/madjikarite.com\/index.php\/wp-json\/wp\/v2\/product"}],"about":[{"href":"https:\/\/madjikarite.com\/index.php\/wp-json\/wp\/v2\/types\/product"}],"wp:featuredmedia":[{"embeddable":true,"href":"https:\/\/madjikarite.com\/index.php\/wp-json\/wp\/v2\/media\/7510"}],"wp:attachment":[{"href":"https:\/\/madjikarite.com\/index.php\/wp-json\/wp\/v2\/media?parent=530"}],"wp:term":[{"taxonomy":"product_brand","embeddable":true,"href":"https:\/\/madjikarite.com\/index.php\/wp-json\/wp\/v2\/product_brand?post=530"},{"taxonomy":"product_cat","embeddable":true,"href":"https:\/\/madjikarite.com\/index.php\/wp-json\/wp\/v2\/product_cat?post=530"},{"taxonomy":"product_tag","embeddable":true,"href":"https:\/\/madjikarite.com\/index.php\/wp-json\/wp\/v2\/product_tag?post=530"}],"curies":[{"name":"wp","href":"https:\/\/api.w.org\/{rel}","templated":true}]}}