{"id":545,"date":"2016-07-27T14:51:04","date_gmt":"2016-07-27T13:51:04","guid":{"rendered":"http:\/\/madjikarite.com\/?post_type=product&#038;p=545"},"modified":"2026-03-31T16:04:14","modified_gmt":"2026-03-31T14:04:14","slug":"savon-naturel-au-beurre-de-karite-a-lhuile-de-carotte-et-fuit-de-la-passion","status":"publish","type":"product","link":"https:\/\/madjikarite.com\/index.php\/produit\/savon-naturel-au-beurre-de-karite-a-lhuile-de-carotte-et-fuit-de-la-passion\/","title":{"rendered":"Bonne mine\/Carotte &#038; Fruit de la passion 100g"},"content":{"rendered":"<p><strong>Les ingr\u00e9dients cl\u00e9s comprennent<\/strong> : huile de carotte, le beurre de karit\u00e9 bio, huile de coco, l&rsquo;huile d&rsquo;olive, l&rsquo;huile de tournesol.<br \/>\n<strong>Huile de carotte<\/strong><br \/>\nC\u2019est une huile orang\u00e9e, car tr\u00e8s riche en b\u00e9ta-carot\u00e8ne, la fameuse vitamine bonne mine. On l\u2019utilise pour se pr\u00e9parer au soleil autant que pour prolonger son bronzage ou donner plus de lumi\u00e8re \u00e0 son teint. C\u2019est un peu l\u2019auto-bronzant de la Slow Cosm\u00e9tique. Tr\u00e8s peu grasse, cette huile p\u00e9n\u00e8tre bien et n\u2019a pas vraiment d\u2019odeur.<\/p>\n<p><strong>Beurre de karit\u00e9<\/strong><br \/>\nLe beurre de karit\u00e9 pur est un \u00e9mollient naturel qui se soucie, gu\u00e9rit et prot\u00e8ge la peau. Le beurre prot\u00e8ge la peau des m\u00e9faits du soleil, l&rsquo;adoucit et r\u00e9g\u00e9n\u00e8re les peaux ab\u00eem\u00e9es. Il nourrit \u00e9galement les cheveux et leur redonne brillance et beaut\u00e9. Il est traditionnellement utilis\u00e9 pour nourrir la peau, pour le garder souple et jeune. Il est \u00e9galement utilis\u00e9 pour traiter une vari\u00e9t\u00e9 d&rsquo;affections cutan\u00e9es telles que l&rsquo;ecz\u00e9ma, irritations, s\u00e9cheresse extr\u00eame, vergetures et la pr\u00e9vention des rides, des br\u00fblures, des coupures et des petites plaies de la peau, les soins apr\u00e8s-soleil, les piq\u00fbres d&rsquo;insectes. Le Beurre de Karit\u00e9 r\u00e9tablit l&rsquo;\u00e9lasticit\u00e9 naturelle de la peau. Riche en vitamines A, D, E, F mais aussi en latex et en insaponifiables (qui emp\u00eache la transformation en savon).<\/p>\n<p>Hydrate et nourrit la peau en profondeur.<\/p>\n<p><strong>Huile de noix de coco<\/strong><br \/>\nCette huile poss\u00e8de des vertus \u00e9mollientes et adoucissantes exceptionnelles. Elle est un antioxydant naturel, qui aide \u00e0 lutter contre les radicaux libres, ralentir le processus de vieillissement de la peau et rajeunir les cellules.<\/p>\n<p><strong>Huile de d\u2019olive<\/strong><br \/>\nL&rsquo;huile d&rsquo;olive est un excellent hydratant et convient \u00e0 tous les types de peau. Elle aide \u00e0 pr\u00e9server l&rsquo;hydratation naturelle de la peau et la laisse la peau hydrat\u00e9e et \u00e9clatante. Le pouvoir hydratant de l&rsquo;huile d&rsquo;olive en fait un excellent soin pour les peaux tr\u00e8s s\u00e8ches. Riche en vitamine E, L&rsquo;huile d&rsquo;olive est un puissant antioxydant.<\/p>\n<p><strong>Huile de tournesol<\/strong><br \/>\nElle adoucit la peau, pr\u00e9vient son vieillissement, renforce le syst\u00e8me immunitaire, rend les cheveux doux, souples et brillants, limite leur perte et leur casse et favorise leur croissance.<\/p>\n<p><strong>Ingr\u00e9dients issus de l\u2019agriculture biologique.<\/strong><\/p>\n<p>Ingr\u00e9dients : sodium oliveate (huile d\u2019olive saponifi\u00e9e), sodium cocate (huile de noix de coco saponifi\u00e9e), Aqua (eau), Butyrospermum parkii butter( beurre de karit\u00e9), Daucus carota sativa seed oil, Passiflora edulis var, Tocopheryl acetate, Allergene : benzyl benzoate, eugenol, geranol, Hexyl cinnamic aldehyde.<\/p>\n<p><strong>Qu\u2019est-ce que\u00a0 La saponification \u00e0 froid ?<\/strong><br \/>\nC\u2019est une m\u00e9thode artisanale douce et tr\u00e8s \u00e9cologique. Le savon est pr\u00e9par\u00e9 sans cuisson pour pr\u00e9server les bienfaits des huiles et beurres v\u00e9g\u00e9taux. Cette m\u00e9thode n\u00e9cessite un s\u00e9chage lent \u00e0 l\u2019air ambiant. A la diff\u00e9rence des savons industriels, la glyc\u00e9rine naturelle n\u2019est pas retir\u00e9e pendant la saponification, elle reste dans le savon offrant tous ses bienfaits \u00e0 la peau. Le savon est donc dit \u00ab surgras \u00bb car une partie de ses huiles (karit\u00e9, coco, olive, tournesol) ne sont pas saponifi\u00e9es pour b\u00e9n\u00e9ficier de toutes leurs vertus sur la peau. Le savon est complet et donc parfait pour prendre soin de vos peaux.<\/p>\n<p>Code : MKCFP01<\/p>\n","protected":false},"excerpt":{"rendered":"<p>Riche en b\u00e9ta carot\u00e8ne \u00ab vitamine bonne mine par excellence \u00bb, cette huile illumine votre teint, lui redonne vigueur et beaut\u00e9.Un savon hydratant, sur-gras, non dess\u00e9chant, \u00e0 l\u2019huile de carotte.Fabriqu\u00e9 \u00e0 partir des ingr\u00e9dients naturels\/biologiques. Convient aux v\u00e9g\u00e9taliens.<\/p>\n<p>Hydratant. Adoucissant. Pour tous types de peau. Saponification \u00e0 froid. Fabriqu\u00e9 \u00e0 la main \u00e0 partir d\u2019ingr\u00e9dients naturels et biologiques. Riche en vitamine E<\/p>\n<p>&nbsp;<\/p>\n","protected":false},"featured_media":7504,"template":"","meta":[],"product_brand":[],"product_cat":[66],"product_tag":[],"class_list":{"0":"post-545","1":"product","2":"type-product","3":"status-publish","4":"has-post-thumbnail","6":"product_cat-savons-artisanaux-sur-gras","8":"first","9":"instock","10":"shipping-taxable","11":"purchasable","12":"product-type-simple"},"yoast_head":"<!-- This site is optimized with the Yoast SEO plugin v27.4 - https:\/\/yoast.com\/product\/yoast-seo-wordpress\/ -->\n<title>Bonne mine\/Carotte &amp; Fruit de la passion 100g - Majdikarite<\/title>\n<meta name=\"description\" content=\"Savon naturel, artisanal, \u00e0 base d&#039;huile de carotte, beurre de karit\u00e9 bio, huile de coco, huile d&#039;olive, huile de tournesol\" \/>\n<meta name=\"robots\" content=\"index, follow, max-snippet:-1, max-image-preview:large, max-video-preview:-1\" \/>\n<link rel=\"canonical\" href=\"https:\/\/madjikarite.com\/index.php\/produit\/savon-naturel-au-beurre-de-karite-a-lhuile-de-carotte-et-fuit-de-la-passion\/\" \/>\n<meta property=\"og:locale\" content=\"fr_FR\" \/>\n<meta property=\"og:type\" content=\"article\" \/>\n<meta property=\"og:title\" content=\"Bonne mine\/Carotte &amp; Fruit de la passion 100g - Majdikarite\" \/>\n<meta property=\"og:description\" content=\"Savon naturel, artisanal, \u00e0 base d&#039;huile de carotte, beurre de karit\u00e9 bio, huile de coco, huile d&#039;olive, huile de tournesol\" \/>\n<meta property=\"og:url\" content=\"https:\/\/madjikarite.com\/index.php\/produit\/savon-naturel-au-beurre-de-karite-a-lhuile-de-carotte-et-fuit-de-la-passion\/\" \/>\n<meta property=\"og:site_name\" content=\"Majdikarite\" \/>\n<meta property=\"article:publisher\" content=\"https:\/\/www.facebook.com\/Madjikarite\" \/>\n<meta property=\"article:modified_time\" content=\"2026-03-31T14:04:14+00:00\" \/>\n<meta property=\"og:image\" content=\"https:\/\/madjikarite.com\/wp-content\/uploads\/2025\/01\/savon-carotte-100g.webp\" \/>\n\t<meta property=\"og:image:width\" content=\"1689\" \/>\n\t<meta property=\"og:image:height\" content=\"1690\" \/>\n\t<meta property=\"og:image:type\" content=\"image\/webp\" \/>\n<meta name=\"twitter:card\" content=\"summary_large_image\" \/>\n<meta name=\"twitter:label1\" content=\"Dur\u00e9e de lecture estim\u00e9e\" \/>\n\t<meta name=\"twitter:data1\" content=\"3 minutes\" \/>\n<script type=\"application\/ld+json\" class=\"yoast-schema-graph\">{\"@context\":\"https:\\\/\\\/schema.org\",\"@graph\":[{\"@type\":\"WebPage\",\"@id\":\"https:\\\/\\\/madjikarite.com\\\/index.php\\\/produit\\\/savon-naturel-au-beurre-de-karite-a-lhuile-de-carotte-et-fuit-de-la-passion\\\/\",\"url\":\"https:\\\/\\\/madjikarite.com\\\/index.php\\\/produit\\\/savon-naturel-au-beurre-de-karite-a-lhuile-de-carotte-et-fuit-de-la-passion\\\/\",\"name\":\"Bonne mine\\\/Carotte & Fruit de la passion 100g - Majdikarite\",\"isPartOf\":{\"@id\":\"https:\\\/\\\/madjikarite.com\\\/#website\"},\"primaryImageOfPage\":{\"@id\":\"https:\\\/\\\/madjikarite.com\\\/index.php\\\/produit\\\/savon-naturel-au-beurre-de-karite-a-lhuile-de-carotte-et-fuit-de-la-passion\\\/#primaryimage\"},\"image\":{\"@id\":\"https:\\\/\\\/madjikarite.com\\\/index.php\\\/produit\\\/savon-naturel-au-beurre-de-karite-a-lhuile-de-carotte-et-fuit-de-la-passion\\\/#primaryimage\"},\"thumbnailUrl\":\"https:\\\/\\\/madjikarite.com\\\/wp-content\\\/uploads\\\/2025\\\/01\\\/savon-carotte-100g.webp\",\"datePublished\":\"2016-07-27T13:51:04+00:00\",\"dateModified\":\"2026-03-31T14:04:14+00:00\",\"description\":\"Savon naturel, artisanal, \u00e0 base d'huile de carotte, beurre de karit\u00e9 bio, huile de coco, huile d'olive, huile de tournesol\",\"breadcrumb\":{\"@id\":\"https:\\\/\\\/madjikarite.com\\\/index.php\\\/produit\\\/savon-naturel-au-beurre-de-karite-a-lhuile-de-carotte-et-fuit-de-la-passion\\\/#breadcrumb\"},\"inLanguage\":\"fr-FR\",\"potentialAction\":[{\"@type\":\"ReadAction\",\"target\":[\"https:\\\/\\\/madjikarite.com\\\/index.php\\\/produit\\\/savon-naturel-au-beurre-de-karite-a-lhuile-de-carotte-et-fuit-de-la-passion\\\/\"]}]},{\"@type\":\"ImageObject\",\"inLanguage\":\"fr-FR\",\"@id\":\"https:\\\/\\\/madjikarite.com\\\/index.php\\\/produit\\\/savon-naturel-au-beurre-de-karite-a-lhuile-de-carotte-et-fuit-de-la-passion\\\/#primaryimage\",\"url\":\"https:\\\/\\\/madjikarite.com\\\/wp-content\\\/uploads\\\/2025\\\/01\\\/savon-carotte-100g.webp\",\"contentUrl\":\"https:\\\/\\\/madjikarite.com\\\/wp-content\\\/uploads\\\/2025\\\/01\\\/savon-carotte-100g.webp\",\"width\":1689,\"height\":1690,\"caption\":\"savon carotte\"},{\"@type\":\"BreadcrumbList\",\"@id\":\"https:\\\/\\\/madjikarite.com\\\/index.php\\\/produit\\\/savon-naturel-au-beurre-de-karite-a-lhuile-de-carotte-et-fuit-de-la-passion\\\/#breadcrumb\",\"itemListElement\":[{\"@type\":\"ListItem\",\"position\":1,\"name\":\"Accueil\",\"item\":\"https:\\\/\\\/madjikarite.com\\\/\"},{\"@type\":\"ListItem\",\"position\":2,\"name\":\"Boutique\",\"item\":\"https:\\\/\\\/madjikarite.com\\\/index.php\\\/boutique\\\/\"},{\"@type\":\"ListItem\",\"position\":3,\"name\":\"Bonne mine\\\/Carotte &#038; Fruit de la passion 100g\"}]},{\"@type\":\"WebSite\",\"@id\":\"https:\\\/\\\/madjikarite.com\\\/#website\",\"url\":\"https:\\\/\\\/madjikarite.com\\\/\",\"name\":\"Majdikarite\",\"description\":\"\",\"publisher\":{\"@id\":\"https:\\\/\\\/madjikarite.com\\\/#organization\"},\"potentialAction\":[{\"@type\":\"SearchAction\",\"target\":{\"@type\":\"EntryPoint\",\"urlTemplate\":\"https:\\\/\\\/madjikarite.com\\\/?s={search_term_string}\"},\"query-input\":{\"@type\":\"PropertyValueSpecification\",\"valueRequired\":true,\"valueName\":\"search_term_string\"}}],\"inLanguage\":\"fr-FR\"},{\"@type\":\"Organization\",\"@id\":\"https:\\\/\\\/madjikarite.com\\\/#organization\",\"name\":\"Majdikarite\",\"url\":\"https:\\\/\\\/madjikarite.com\\\/\",\"logo\":{\"@type\":\"ImageObject\",\"inLanguage\":\"fr-FR\",\"@id\":\"https:\\\/\\\/madjikarite.com\\\/#\\\/schema\\\/logo\\\/image\\\/\",\"url\":\"https:\\\/\\\/madjikarite.com\\\/wp-content\\\/uploads\\\/2025\\\/01\\\/cropped-logo-moyen.webp\",\"contentUrl\":\"https:\\\/\\\/madjikarite.com\\\/wp-content\\\/uploads\\\/2025\\\/01\\\/cropped-logo-moyen.webp\",\"width\":491,\"height\":487,\"caption\":\"Majdikarite\"},\"image\":{\"@id\":\"https:\\\/\\\/madjikarite.com\\\/#\\\/schema\\\/logo\\\/image\\\/\"},\"sameAs\":[\"https:\\\/\\\/www.facebook.com\\\/Madjikarite\",\"https:\\\/\\\/www.instagram.com\\\/madjikarite\\\/\"]}]}<\/script>\n<!-- \/ Yoast SEO plugin. -->","yoast_head_json":{"title":"Bonne mine\/Carotte & Fruit de la passion 100g - Majdikarite","description":"Savon naturel, artisanal, \u00e0 base d'huile de carotte, beurre de karit\u00e9 bio, huile de coco, huile d'olive, huile de tournesol","robots":{"index":"index","follow":"follow","max-snippet":"max-snippet:-1","max-image-preview":"max-image-preview:large","max-video-preview":"max-video-preview:-1"},"canonical":"https:\/\/madjikarite.com\/index.php\/produit\/savon-naturel-au-beurre-de-karite-a-lhuile-de-carotte-et-fuit-de-la-passion\/","og_locale":"fr_FR","og_type":"article","og_title":"Bonne mine\/Carotte & Fruit de la passion 100g - Majdikarite","og_description":"Savon naturel, artisanal, \u00e0 base d'huile de carotte, beurre de karit\u00e9 bio, huile de coco, huile d'olive, huile de tournesol","og_url":"https:\/\/madjikarite.com\/index.php\/produit\/savon-naturel-au-beurre-de-karite-a-lhuile-de-carotte-et-fuit-de-la-passion\/","og_site_name":"Majdikarite","article_publisher":"https:\/\/www.facebook.com\/Madjikarite","article_modified_time":"2026-03-31T14:04:14+00:00","og_image":[{"width":1689,"height":1690,"url":"https:\/\/madjikarite.com\/wp-content\/uploads\/2025\/01\/savon-carotte-100g.webp","type":"image\/webp"}],"twitter_card":"summary_large_image","twitter_misc":{"Dur\u00e9e de lecture estim\u00e9e":"3 minutes"},"schema":{"@context":"https:\/\/schema.org","@graph":[{"@type":"WebPage","@id":"https:\/\/madjikarite.com\/index.php\/produit\/savon-naturel-au-beurre-de-karite-a-lhuile-de-carotte-et-fuit-de-la-passion\/","url":"https:\/\/madjikarite.com\/index.php\/produit\/savon-naturel-au-beurre-de-karite-a-lhuile-de-carotte-et-fuit-de-la-passion\/","name":"Bonne mine\/Carotte & Fruit de la passion 100g - Majdikarite","isPartOf":{"@id":"https:\/\/madjikarite.com\/#website"},"primaryImageOfPage":{"@id":"https:\/\/madjikarite.com\/index.php\/produit\/savon-naturel-au-beurre-de-karite-a-lhuile-de-carotte-et-fuit-de-la-passion\/#primaryimage"},"image":{"@id":"https:\/\/madjikarite.com\/index.php\/produit\/savon-naturel-au-beurre-de-karite-a-lhuile-de-carotte-et-fuit-de-la-passion\/#primaryimage"},"thumbnailUrl":"https:\/\/madjikarite.com\/wp-content\/uploads\/2025\/01\/savon-carotte-100g.webp","datePublished":"2016-07-27T13:51:04+00:00","dateModified":"2026-03-31T14:04:14+00:00","description":"Savon naturel, artisanal, \u00e0 base d'huile de carotte, beurre de karit\u00e9 bio, huile de coco, huile d'olive, huile de tournesol","breadcrumb":{"@id":"https:\/\/madjikarite.com\/index.php\/produit\/savon-naturel-au-beurre-de-karite-a-lhuile-de-carotte-et-fuit-de-la-passion\/#breadcrumb"},"inLanguage":"fr-FR","potentialAction":[{"@type":"ReadAction","target":["https:\/\/madjikarite.com\/index.php\/produit\/savon-naturel-au-beurre-de-karite-a-lhuile-de-carotte-et-fuit-de-la-passion\/"]}]},{"@type":"ImageObject","inLanguage":"fr-FR","@id":"https:\/\/madjikarite.com\/index.php\/produit\/savon-naturel-au-beurre-de-karite-a-lhuile-de-carotte-et-fuit-de-la-passion\/#primaryimage","url":"https:\/\/madjikarite.com\/wp-content\/uploads\/2025\/01\/savon-carotte-100g.webp","contentUrl":"https:\/\/madjikarite.com\/wp-content\/uploads\/2025\/01\/savon-carotte-100g.webp","width":1689,"height":1690,"caption":"savon carotte"},{"@type":"BreadcrumbList","@id":"https:\/\/madjikarite.com\/index.php\/produit\/savon-naturel-au-beurre-de-karite-a-lhuile-de-carotte-et-fuit-de-la-passion\/#breadcrumb","itemListElement":[{"@type":"ListItem","position":1,"name":"Accueil","item":"https:\/\/madjikarite.com\/"},{"@type":"ListItem","position":2,"name":"Boutique","item":"https:\/\/madjikarite.com\/index.php\/boutique\/"},{"@type":"ListItem","position":3,"name":"Bonne mine\/Carotte &#038; Fruit de la passion 100g"}]},{"@type":"WebSite","@id":"https:\/\/madjikarite.com\/#website","url":"https:\/\/madjikarite.com\/","name":"Majdikarite","description":"","publisher":{"@id":"https:\/\/madjikarite.com\/#organization"},"potentialAction":[{"@type":"SearchAction","target":{"@type":"EntryPoint","urlTemplate":"https:\/\/madjikarite.com\/?s={search_term_string}"},"query-input":{"@type":"PropertyValueSpecification","valueRequired":true,"valueName":"search_term_string"}}],"inLanguage":"fr-FR"},{"@type":"Organization","@id":"https:\/\/madjikarite.com\/#organization","name":"Majdikarite","url":"https:\/\/madjikarite.com\/","logo":{"@type":"ImageObject","inLanguage":"fr-FR","@id":"https:\/\/madjikarite.com\/#\/schema\/logo\/image\/","url":"https:\/\/madjikarite.com\/wp-content\/uploads\/2025\/01\/cropped-logo-moyen.webp","contentUrl":"https:\/\/madjikarite.com\/wp-content\/uploads\/2025\/01\/cropped-logo-moyen.webp","width":491,"height":487,"caption":"Majdikarite"},"image":{"@id":"https:\/\/madjikarite.com\/#\/schema\/logo\/image\/"},"sameAs":["https:\/\/www.facebook.com\/Madjikarite","https:\/\/www.instagram.com\/madjikarite\/"]}]}},"_links":{"self":[{"href":"https:\/\/madjikarite.com\/index.php\/wp-json\/wp\/v2\/product\/545","targetHints":{"allow":["GET"]}}],"collection":[{"href":"https:\/\/madjikarite.com\/index.php\/wp-json\/wp\/v2\/product"}],"about":[{"href":"https:\/\/madjikarite.com\/index.php\/wp-json\/wp\/v2\/types\/product"}],"wp:featuredmedia":[{"embeddable":true,"href":"https:\/\/madjikarite.com\/index.php\/wp-json\/wp\/v2\/media\/7504"}],"wp:attachment":[{"href":"https:\/\/madjikarite.com\/index.php\/wp-json\/wp\/v2\/media?parent=545"}],"wp:term":[{"taxonomy":"product_brand","embeddable":true,"href":"https:\/\/madjikarite.com\/index.php\/wp-json\/wp\/v2\/product_brand?post=545"},{"taxonomy":"product_cat","embeddable":true,"href":"https:\/\/madjikarite.com\/index.php\/wp-json\/wp\/v2\/product_cat?post=545"},{"taxonomy":"product_tag","embeddable":true,"href":"https:\/\/madjikarite.com\/index.php\/wp-json\/wp\/v2\/product_tag?post=545"}],"curies":[{"name":"wp","href":"https:\/\/api.w.org\/{rel}","templated":true}]}}