{"id":6206,"date":"2020-10-31T19:55:21","date_gmt":"2020-10-31T18:55:21","guid":{"rendered":"http:\/\/madjikarite.com\/?post_type=product&#038;p=6206"},"modified":"2024-11-22T22:47:38","modified_gmt":"2024-11-22T21:47:38","slug":"savon-liquide-rosegeranium","status":"publish","type":"product","link":"https:\/\/madjikarite.com\/index.php\/produit\/savon-liquide-rosegeranium\/","title":{"rendered":"Rose &#038; g\u00e9ranium"},"content":{"rendered":"<p><strong>Les ingr\u00e9dients cl\u00e9s comprennent<\/strong>\u00a0: le beurre de karit\u00e9 bio, huile de coco, l\u2019huile d\u2019olive, l\u2019huile de tournesol, parfum de rose et g\u00e9ranium.<\/p>\n<p><strong>Ingr\u00e9dients<\/strong>\u00a0: \u00a0potassium sunflower seed oil (huile de tournesol)),\u00a0 Aqua (eau), Potassium cocate (huile de noix de coco saponifi\u00e9), \u00a0Potassium\u00a0 oliveate (huile d\u2019olive saponifi\u00e9), Butyrospermum parkii butter (beurre de karit\u00e9 saponifi\u00e9), tocopheryl acetate( vitamine E naturelle ), perlargonium asperum oil( huile essentielle de g\u00e9ranium), aniba rosaeodora wood( huile essentielle de rose des bois). Allergenes\u00a0: citral, geraniol linalool, citronellol, limonene, benzyl benzoate.<\/p>\n<p><strong>Beurre de karit\u00e9<\/strong>\u00a0Le beurre de karit\u00e9 pur est un \u00e9mollient naturel qui, gu\u00e9rit et prot\u00e8ge la peau. Il prot\u00e8ge la peau des m\u00e9faits du soleil, l\u2019adoucit et r\u00e9g\u00e9n\u00e8re les peaux ab\u00eem\u00e9es. Il nourrit \u00e9galement les cheveux et leur redonne brillance et beaut\u00e9. Il est traditionnellement utilis\u00e9 pour nourrir la peau, pour le garder souple et jeune. Il est \u00e9galement utilis\u00e9 pour traiter une vari\u00e9t\u00e9 d\u2019affections cutan\u00e9es telles que: l\u2019ecz\u00e9ma, irritations, s\u00e9cheresse extr\u00eame, vergetures et la pr\u00e9vention des rides, des br\u00fblures, des coupures et des petites plaies de la peau, les soins apr\u00e8s-soleil, les piq\u00fbres d\u2019insectes. Le Beurre de Karit\u00e9 r\u00e9tablit l\u2019\u00e9lasticit\u00e9 naturelle de la peau. Riche en vitamines A, D, E, F mais aussi en latex et en insaponifiables (qui emp\u00eache la transformation en savon),<\/p>\n<p><strong>L\u2019huile de noix de coco<\/strong>\u00a0Cette huile poss\u00e8de des vertus \u00e9mollientes et adoucissantes exceptionnelles. Elle est un antioxydant naturel, qui aide \u00e0 lutter contre les radicaux libres, ralentir le processus de vieillissement de la peau et rajeunir les cellules.\u00a0<strong>L\u2019huile d\u2019olive<\/strong>\u00a0L\u2019huile d\u2019olive est un excellent hydratant et convient \u00e0 tous types de peau. Elle aide \u00e0 pr\u00e9server l\u2019hydratation naturelle de la peau et la laisse hydrat\u00e9e et \u00e9clatante. Le pouvoir hydratant de l\u2019huile d\u2019olive en fait un excellent soin pour les peaux tr\u00e8s s\u00e8ches. Riche en vitamine E.\u00a0<strong>l\u2019huile de tournesol<\/strong>\u00a0Elle adoucit la peau, pr\u00e9vient son vieillissement, renforce le syst\u00e8me immunitaire, rend les cheveux doux, souples et brillants, limite leur perte et leur casse et favorise leur croissance.\u00a0<strong>Parfum de G\u00e9ranium et Rose.<\/strong><\/p>\n<p>G\u00e9ranium est tr\u00e8s efficace Pour ass\u00e9cher une peau trop grasse, hydrater une peau s\u00e8che et refermer les pores dilat\u00e9s de la peau. La rose est connue pour ses actions r\u00e9g\u00e9n\u00e9rant cutan\u00e9es puissantes et anti-\u00e2ges. Elle est id\u00e9ale pour nourrir les peaux s\u00e8ches, ab\u00eem\u00e9es et couperos\u00e9es, lutter contre les rides et att\u00e9nuer les vergetures et cicatrices.\u00a0<strong>Ingr\u00e9dients issus de l\u2019agriculture biologique.<\/strong><\/p>\n","protected":false},"excerpt":{"rendered":"<p>Savon naturel\/artisanal\/ hydratant, sur-gras, non dess\u00e9chant, au beurre de karit\u00e9 bio. Pour tous types de peau. Fabriqu\u00e9 \u00e0 partir d\u2019ingr\u00e9dients naturels de rose et g\u00e9ranium. Saponification traditionnelle \u00e0 la potasse. Agiter avant utilisation&amp; refermer apr\u00e8s usage.<\/p>\n","protected":false},"featured_media":6858,"template":"","meta":[],"product_brand":[],"product_cat":[67],"product_tag":[],"class_list":{"0":"post-6206","1":"product","2":"type-product","3":"status-publish","4":"has-post-thumbnail","6":"product_cat-savon-liquide","8":"first","9":"outofstock","10":"shipping-taxable","11":"purchasable","12":"product-type-variable"},"yoast_head":"<!-- This site is optimized with the Yoast SEO plugin v27.5 - https:\/\/yoast.com\/product\/yoast-seo-wordpress\/ -->\n<title>Rose &amp; g\u00e9ranium - Majdikarite<\/title>\n<meta name=\"robots\" content=\"index, follow, max-snippet:-1, max-image-preview:large, max-video-preview:-1\" \/>\n<link rel=\"canonical\" href=\"https:\/\/madjikarite.com\/index.php\/produit\/savon-liquide-rosegeranium\/\" \/>\n<meta property=\"og:locale\" content=\"fr_FR\" \/>\n<meta property=\"og:type\" content=\"article\" \/>\n<meta property=\"og:title\" content=\"Rose &amp; g\u00e9ranium - Majdikarite\" \/>\n<meta property=\"og:description\" content=\"Savon naturel\/artisanal\/ hydratant, sur-gras, non dess\u00e9chant, au beurre de karit\u00e9 bio. Pour tous types de peau. Fabriqu\u00e9 \u00e0 partir d\u2019ingr\u00e9dients naturels de rose et g\u00e9ranium. Saponification traditionnelle \u00e0 la potasse. Agiter avant utilisation&amp; refermer apr\u00e8s usage.\" \/>\n<meta property=\"og:url\" content=\"https:\/\/madjikarite.com\/index.php\/produit\/savon-liquide-rosegeranium\/\" \/>\n<meta property=\"og:site_name\" content=\"Majdikarite\" \/>\n<meta property=\"article:publisher\" content=\"https:\/\/www.facebook.com\/Madjikarite\" \/>\n<meta property=\"article:modified_time\" content=\"2024-11-22T21:47:38+00:00\" \/>\n<meta property=\"og:image\" content=\"https:\/\/madjikarite.com\/wp-content\/uploads\/2024\/03\/savon-liquide-rose-geranium-500ml.jpg\" \/>\n\t<meta property=\"og:image:width\" content=\"1280\" \/>\n\t<meta property=\"og:image:height\" content=\"1920\" \/>\n\t<meta property=\"og:image:type\" content=\"image\/jpeg\" \/>\n<meta name=\"twitter:card\" content=\"summary_large_image\" \/>\n<meta name=\"twitter:label1\" content=\"Dur\u00e9e de lecture estim\u00e9e\" \/>\n\t<meta name=\"twitter:data1\" content=\"3 minutes\" \/>\n<script type=\"application\/ld+json\" class=\"yoast-schema-graph\">{\"@context\":\"https:\\\/\\\/schema.org\",\"@graph\":[{\"@type\":\"WebPage\",\"@id\":\"https:\\\/\\\/madjikarite.com\\\/index.php\\\/produit\\\/savon-liquide-rosegeranium\\\/\",\"url\":\"https:\\\/\\\/madjikarite.com\\\/index.php\\\/produit\\\/savon-liquide-rosegeranium\\\/\",\"name\":\"Rose & g\u00e9ranium - Majdikarite\",\"isPartOf\":{\"@id\":\"https:\\\/\\\/madjikarite.com\\\/#website\"},\"primaryImageOfPage\":{\"@id\":\"https:\\\/\\\/madjikarite.com\\\/index.php\\\/produit\\\/savon-liquide-rosegeranium\\\/#primaryimage\"},\"image\":{\"@id\":\"https:\\\/\\\/madjikarite.com\\\/index.php\\\/produit\\\/savon-liquide-rosegeranium\\\/#primaryimage\"},\"thumbnailUrl\":\"https:\\\/\\\/madjikarite.com\\\/wp-content\\\/uploads\\\/2024\\\/03\\\/savon-liquide-rose-geranium-500ml.jpg\",\"datePublished\":\"2020-10-31T18:55:21+00:00\",\"dateModified\":\"2024-11-22T21:47:38+00:00\",\"breadcrumb\":{\"@id\":\"https:\\\/\\\/madjikarite.com\\\/index.php\\\/produit\\\/savon-liquide-rosegeranium\\\/#breadcrumb\"},\"inLanguage\":\"fr-FR\",\"potentialAction\":[{\"@type\":\"ReadAction\",\"target\":[\"https:\\\/\\\/madjikarite.com\\\/index.php\\\/produit\\\/savon-liquide-rosegeranium\\\/\"]}]},{\"@type\":\"ImageObject\",\"inLanguage\":\"fr-FR\",\"@id\":\"https:\\\/\\\/madjikarite.com\\\/index.php\\\/produit\\\/savon-liquide-rosegeranium\\\/#primaryimage\",\"url\":\"https:\\\/\\\/madjikarite.com\\\/wp-content\\\/uploads\\\/2024\\\/03\\\/savon-liquide-rose-geranium-500ml.jpg\",\"contentUrl\":\"https:\\\/\\\/madjikarite.com\\\/wp-content\\\/uploads\\\/2024\\\/03\\\/savon-liquide-rose-geranium-500ml.jpg\",\"width\":1280,\"height\":1920},{\"@type\":\"BreadcrumbList\",\"@id\":\"https:\\\/\\\/madjikarite.com\\\/index.php\\\/produit\\\/savon-liquide-rosegeranium\\\/#breadcrumb\",\"itemListElement\":[{\"@type\":\"ListItem\",\"position\":1,\"name\":\"Accueil\",\"item\":\"https:\\\/\\\/madjikarite.com\\\/\"},{\"@type\":\"ListItem\",\"position\":2,\"name\":\"Boutique\",\"item\":\"https:\\\/\\\/madjikarite.com\\\/index.php\\\/boutique\\\/\"},{\"@type\":\"ListItem\",\"position\":3,\"name\":\"Rose &#038; g\u00e9ranium\"}]},{\"@type\":\"WebSite\",\"@id\":\"https:\\\/\\\/madjikarite.com\\\/#website\",\"url\":\"https:\\\/\\\/madjikarite.com\\\/\",\"name\":\"Majdikarite\",\"description\":\"\",\"publisher\":{\"@id\":\"https:\\\/\\\/madjikarite.com\\\/#organization\"},\"potentialAction\":[{\"@type\":\"SearchAction\",\"target\":{\"@type\":\"EntryPoint\",\"urlTemplate\":\"https:\\\/\\\/madjikarite.com\\\/?s={search_term_string}\"},\"query-input\":{\"@type\":\"PropertyValueSpecification\",\"valueRequired\":true,\"valueName\":\"search_term_string\"}}],\"inLanguage\":\"fr-FR\"},{\"@type\":\"Organization\",\"@id\":\"https:\\\/\\\/madjikarite.com\\\/#organization\",\"name\":\"Majdikarite\",\"url\":\"https:\\\/\\\/madjikarite.com\\\/\",\"logo\":{\"@type\":\"ImageObject\",\"inLanguage\":\"fr-FR\",\"@id\":\"https:\\\/\\\/madjikarite.com\\\/#\\\/schema\\\/logo\\\/image\\\/\",\"url\":\"https:\\\/\\\/madjikarite.com\\\/wp-content\\\/uploads\\\/2025\\\/01\\\/cropped-logo-moyen.webp\",\"contentUrl\":\"https:\\\/\\\/madjikarite.com\\\/wp-content\\\/uploads\\\/2025\\\/01\\\/cropped-logo-moyen.webp\",\"width\":491,\"height\":487,\"caption\":\"Majdikarite\"},\"image\":{\"@id\":\"https:\\\/\\\/madjikarite.com\\\/#\\\/schema\\\/logo\\\/image\\\/\"},\"sameAs\":[\"https:\\\/\\\/www.facebook.com\\\/Madjikarite\",\"https:\\\/\\\/www.instagram.com\\\/madjikarite\\\/\"]}]}<\/script>\n<!-- \/ Yoast SEO plugin. -->","yoast_head_json":{"title":"Rose & g\u00e9ranium - Majdikarite","robots":{"index":"index","follow":"follow","max-snippet":"max-snippet:-1","max-image-preview":"max-image-preview:large","max-video-preview":"max-video-preview:-1"},"canonical":"https:\/\/madjikarite.com\/index.php\/produit\/savon-liquide-rosegeranium\/","og_locale":"fr_FR","og_type":"article","og_title":"Rose & g\u00e9ranium - Majdikarite","og_description":"Savon naturel\/artisanal\/ hydratant, sur-gras, non dess\u00e9chant, au beurre de karit\u00e9 bio. Pour tous types de peau. Fabriqu\u00e9 \u00e0 partir d\u2019ingr\u00e9dients naturels de rose et g\u00e9ranium. Saponification traditionnelle \u00e0 la potasse. Agiter avant utilisation&amp; refermer apr\u00e8s usage.","og_url":"https:\/\/madjikarite.com\/index.php\/produit\/savon-liquide-rosegeranium\/","og_site_name":"Majdikarite","article_publisher":"https:\/\/www.facebook.com\/Madjikarite","article_modified_time":"2024-11-22T21:47:38+00:00","og_image":[{"width":1280,"height":1920,"url":"https:\/\/madjikarite.com\/wp-content\/uploads\/2024\/03\/savon-liquide-rose-geranium-500ml.jpg","type":"image\/jpeg"}],"twitter_card":"summary_large_image","twitter_misc":{"Dur\u00e9e de lecture estim\u00e9e":"3 minutes"},"schema":{"@context":"https:\/\/schema.org","@graph":[{"@type":"WebPage","@id":"https:\/\/madjikarite.com\/index.php\/produit\/savon-liquide-rosegeranium\/","url":"https:\/\/madjikarite.com\/index.php\/produit\/savon-liquide-rosegeranium\/","name":"Rose & g\u00e9ranium - Majdikarite","isPartOf":{"@id":"https:\/\/madjikarite.com\/#website"},"primaryImageOfPage":{"@id":"https:\/\/madjikarite.com\/index.php\/produit\/savon-liquide-rosegeranium\/#primaryimage"},"image":{"@id":"https:\/\/madjikarite.com\/index.php\/produit\/savon-liquide-rosegeranium\/#primaryimage"},"thumbnailUrl":"https:\/\/madjikarite.com\/wp-content\/uploads\/2024\/03\/savon-liquide-rose-geranium-500ml.jpg","datePublished":"2020-10-31T18:55:21+00:00","dateModified":"2024-11-22T21:47:38+00:00","breadcrumb":{"@id":"https:\/\/madjikarite.com\/index.php\/produit\/savon-liquide-rosegeranium\/#breadcrumb"},"inLanguage":"fr-FR","potentialAction":[{"@type":"ReadAction","target":["https:\/\/madjikarite.com\/index.php\/produit\/savon-liquide-rosegeranium\/"]}]},{"@type":"ImageObject","inLanguage":"fr-FR","@id":"https:\/\/madjikarite.com\/index.php\/produit\/savon-liquide-rosegeranium\/#primaryimage","url":"https:\/\/madjikarite.com\/wp-content\/uploads\/2024\/03\/savon-liquide-rose-geranium-500ml.jpg","contentUrl":"https:\/\/madjikarite.com\/wp-content\/uploads\/2024\/03\/savon-liquide-rose-geranium-500ml.jpg","width":1280,"height":1920},{"@type":"BreadcrumbList","@id":"https:\/\/madjikarite.com\/index.php\/produit\/savon-liquide-rosegeranium\/#breadcrumb","itemListElement":[{"@type":"ListItem","position":1,"name":"Accueil","item":"https:\/\/madjikarite.com\/"},{"@type":"ListItem","position":2,"name":"Boutique","item":"https:\/\/madjikarite.com\/index.php\/boutique\/"},{"@type":"ListItem","position":3,"name":"Rose &#038; g\u00e9ranium"}]},{"@type":"WebSite","@id":"https:\/\/madjikarite.com\/#website","url":"https:\/\/madjikarite.com\/","name":"Majdikarite","description":"","publisher":{"@id":"https:\/\/madjikarite.com\/#organization"},"potentialAction":[{"@type":"SearchAction","target":{"@type":"EntryPoint","urlTemplate":"https:\/\/madjikarite.com\/?s={search_term_string}"},"query-input":{"@type":"PropertyValueSpecification","valueRequired":true,"valueName":"search_term_string"}}],"inLanguage":"fr-FR"},{"@type":"Organization","@id":"https:\/\/madjikarite.com\/#organization","name":"Majdikarite","url":"https:\/\/madjikarite.com\/","logo":{"@type":"ImageObject","inLanguage":"fr-FR","@id":"https:\/\/madjikarite.com\/#\/schema\/logo\/image\/","url":"https:\/\/madjikarite.com\/wp-content\/uploads\/2025\/01\/cropped-logo-moyen.webp","contentUrl":"https:\/\/madjikarite.com\/wp-content\/uploads\/2025\/01\/cropped-logo-moyen.webp","width":491,"height":487,"caption":"Majdikarite"},"image":{"@id":"https:\/\/madjikarite.com\/#\/schema\/logo\/image\/"},"sameAs":["https:\/\/www.facebook.com\/Madjikarite","https:\/\/www.instagram.com\/madjikarite\/"]}]}},"_links":{"self":[{"href":"https:\/\/madjikarite.com\/index.php\/wp-json\/wp\/v2\/product\/6206","targetHints":{"allow":["GET"]}}],"collection":[{"href":"https:\/\/madjikarite.com\/index.php\/wp-json\/wp\/v2\/product"}],"about":[{"href":"https:\/\/madjikarite.com\/index.php\/wp-json\/wp\/v2\/types\/product"}],"wp:featuredmedia":[{"embeddable":true,"href":"https:\/\/madjikarite.com\/index.php\/wp-json\/wp\/v2\/media\/6858"}],"wp:attachment":[{"href":"https:\/\/madjikarite.com\/index.php\/wp-json\/wp\/v2\/media?parent=6206"}],"wp:term":[{"taxonomy":"product_brand","embeddable":true,"href":"https:\/\/madjikarite.com\/index.php\/wp-json\/wp\/v2\/product_brand?post=6206"},{"taxonomy":"product_cat","embeddable":true,"href":"https:\/\/madjikarite.com\/index.php\/wp-json\/wp\/v2\/product_cat?post=6206"},{"taxonomy":"product_tag","embeddable":true,"href":"https:\/\/madjikarite.com\/index.php\/wp-json\/wp\/v2\/product_tag?post=6206"}],"curies":[{"name":"wp","href":"https:\/\/api.w.org\/{rel}","templated":true}]}}