{"id":6210,"date":"2020-10-31T20:11:17","date_gmt":"2020-10-31T19:11:17","guid":{"rendered":"http:\/\/madjikarite.com\/?post_type=product&#038;p=6210"},"modified":"2026-02-17T17:35:01","modified_gmt":"2026-02-17T16:35:01","slug":"savon-liquide-fruit-de-la-passion-2","status":"publish","type":"product","link":"https:\/\/madjikarite.com\/index.php\/produit\/savon-liquide-fruit-de-la-passion-2\/","title":{"rendered":"Savon liquide &#8211; Fruit de la passion &#8211; 500ml"},"content":{"rendered":"<p><strong>Les ingr\u00e9dients cl\u00e9s comprennent<\/strong>\u00a0: le beurre de karit\u00e9 bio, huile de coco, l\u2019huile d\u2019olive, l\u2019huile de tournesol, parfum\u00a0 fruit de la passion.<\/p>\n<p><strong>Ingr\u00e9dients\u00a0: INCI<\/strong>: potassium\u00a0 sunflower seed oil (huile de tournesol)),\u00a0 Aqua (eau), Potassium cocate (huile de noix de coco saponifi\u00e9), \u00a0Potassium\u00a0 oliveate (huile d\u2019olive saponifi\u00e9), Butyrospermum parkii butter (beurre de karit\u00e9 saponifi\u00e9), tocopheryl acetate( vitamine E naturelle),\u00a0 passiflora edulis var oil (arome naturel de fruit de la passion). Allerg\u00e8nes\u00a0: benzyl benzoate, eugenol, geranol, hexyl cinnamic aldehyde.<\/p>\n<p><strong>Beurre de karit\u00e9<\/strong>\u00a0Le beurre de karit\u00e9 pur est un \u00e9mollient naturel qui, gu\u00e9rit et prot\u00e8ge la peau. Il prot\u00e8ge la peau des m\u00e9faits du soleil, l\u2019adoucit et r\u00e9g\u00e9n\u00e8re les peaux ab\u00eem\u00e9es. Il nourrit \u00e9galement les cheveux et leur redonne brillance et beaut\u00e9. Il est traditionnellement utilis\u00e9 pour nourrir la peau, pour le garder souple et jeune. Il est \u00e9galement utilis\u00e9 pour traiter une vari\u00e9t\u00e9 d\u2019affections cutan\u00e9es telles que: l\u2019ecz\u00e9ma, irritations, s\u00e9cheresse extr\u00eame, vergetures et la pr\u00e9vention des rides, des br\u00fblures, des coupures et des petites plaies de la peau, les soins apr\u00e8s-soleil, les piq\u00fbres d\u2019insectes. Le Beurre de Karit\u00e9 r\u00e9tablit l\u2019\u00e9lasticit\u00e9 naturelle de la peau. Riche en vitamines A, D, E, F mais aussi en latex et en insaponifiables (qui emp\u00eache la transformation en savon),<\/p>\n<p><strong>L\u2019huile de noix de coco<\/strong>\u00a0Cette huile poss\u00e8de des vertus \u00e9mollientes et adoucissantes exceptionnelles. Elle est un antioxydant naturel, qui aide \u00e0 lutter contre les radicaux libres, ralentir le processus de vieillissement de la peau et rajeunir les cellules.\u00a0<strong>L\u2019huile d\u2019olive<\/strong>\u00a0L\u2019huile d\u2019olive est un excellent hydratant et convient \u00e0 tous types de peau. Elle aide \u00e0 pr\u00e9server l\u2019hydratation naturelle de la peau et la laisse hydrat\u00e9e et \u00e9clatante. Le pouvoir hydratant de l\u2019huile d\u2019olive en fait un excellent soin pour les peaux tr\u00e8s s\u00e8ches. Riche en vitamine E.\u00a0<strong>l\u2019huile de tournesol<\/strong>\u00a0Elle adoucit la peau, pr\u00e9vient son vieillissement, renforce le syst\u00e8me immunitaire, rend les cheveux doux, souples et brillants, limite leur perte et leur casse et favorise leur croissance.\u00a0<strong>Parfum fruit de la passion.<\/strong><\/p>\n<p><strong>Ingr\u00e9dients issus de l\u2019agriculture biologique.<\/strong><\/p>\n","protected":false},"excerpt":{"rendered":"<p>Savon naturel\/artisanal\/ hydratant, sur-gras, non dess\u00e9chant, au beurre de karit\u00e9 bio. Pour tous types de peau.<\/p>\n<p>Les ingr\u00e9dients cl\u00e9s comprennent\u00a0: le beurre de karit\u00e9 bio, huile de coco, l\u2019huile d\u2019olive, l\u2019huile de tournesol, parfum\u00a0 fruit de la passion.<\/p>\n<p>Saponification traditionnelle \u00e0 la potasse. Agiter avant utilisation &amp; refermer apr\u00e8s usage.<\/p>\n","protected":false},"featured_media":7505,"template":"","meta":[],"product_brand":[],"product_cat":[67],"product_tag":[],"class_list":{"0":"post-6210","1":"product","2":"type-product","3":"status-publish","4":"has-post-thumbnail","6":"product_cat-savon-liquide","8":"first","9":"instock","10":"shipping-taxable","11":"purchasable","12":"product-type-simple"},"yoast_head":"<!-- This site is optimized with the Yoast SEO plugin v27.4 - https:\/\/yoast.com\/product\/yoast-seo-wordpress\/ -->\n<title>Savon liquide - Fruit de la passion - 500ml - Majdikarite<\/title>\n<meta name=\"description\" content=\"Savon naturel, artisanal, au beurre de karit\u00e9 bio. Beurre de karit\u00e9 bio, huile de coco, l\u2019huile d\u2019olive, l\u2019huile de tournesol, parfum\u00a0fruit de la passion.\" \/>\n<meta name=\"robots\" content=\"index, follow, max-snippet:-1, max-image-preview:large, max-video-preview:-1\" \/>\n<link rel=\"canonical\" href=\"https:\/\/madjikarite.com\/index.php\/produit\/savon-liquide-fruit-de-la-passion-2\/\" \/>\n<meta property=\"og:locale\" content=\"fr_FR\" \/>\n<meta property=\"og:type\" content=\"article\" \/>\n<meta property=\"og:title\" content=\"Savon liquide - Fruit de la passion - 500ml - Majdikarite\" \/>\n<meta property=\"og:description\" content=\"Savon naturel, artisanal, au beurre de karit\u00e9 bio. Beurre de karit\u00e9 bio, huile de coco, l\u2019huile d\u2019olive, l\u2019huile de tournesol, parfum\u00a0fruit de la passion.\" \/>\n<meta property=\"og:url\" content=\"https:\/\/madjikarite.com\/index.php\/produit\/savon-liquide-fruit-de-la-passion-2\/\" \/>\n<meta property=\"og:site_name\" content=\"Majdikarite\" \/>\n<meta property=\"article:publisher\" content=\"https:\/\/www.facebook.com\/Madjikarite\" \/>\n<meta property=\"article:modified_time\" content=\"2026-02-17T16:35:01+00:00\" \/>\n<meta property=\"og:image\" content=\"https:\/\/madjikarite.com\/wp-content\/uploads\/2025\/01\/savon-liquide-500ml.webp\" \/>\n\t<meta property=\"og:image:width\" content=\"1936\" \/>\n\t<meta property=\"og:image:height\" content=\"1936\" \/>\n\t<meta property=\"og:image:type\" content=\"image\/webp\" \/>\n<meta name=\"twitter:card\" content=\"summary_large_image\" \/>\n<meta name=\"twitter:label1\" content=\"Dur\u00e9e de lecture estim\u00e9e\" \/>\n\t<meta name=\"twitter:data1\" content=\"2 minutes\" \/>\n<script type=\"application\/ld+json\" class=\"yoast-schema-graph\">{\"@context\":\"https:\\\/\\\/schema.org\",\"@graph\":[{\"@type\":\"WebPage\",\"@id\":\"https:\\\/\\\/madjikarite.com\\\/index.php\\\/produit\\\/savon-liquide-fruit-de-la-passion-2\\\/\",\"url\":\"https:\\\/\\\/madjikarite.com\\\/index.php\\\/produit\\\/savon-liquide-fruit-de-la-passion-2\\\/\",\"name\":\"Savon liquide - Fruit de la passion - 500ml - Majdikarite\",\"isPartOf\":{\"@id\":\"https:\\\/\\\/madjikarite.com\\\/#website\"},\"primaryImageOfPage\":{\"@id\":\"https:\\\/\\\/madjikarite.com\\\/index.php\\\/produit\\\/savon-liquide-fruit-de-la-passion-2\\\/#primaryimage\"},\"image\":{\"@id\":\"https:\\\/\\\/madjikarite.com\\\/index.php\\\/produit\\\/savon-liquide-fruit-de-la-passion-2\\\/#primaryimage\"},\"thumbnailUrl\":\"https:\\\/\\\/madjikarite.com\\\/wp-content\\\/uploads\\\/2025\\\/01\\\/savon-liquide-500ml.webp\",\"datePublished\":\"2020-10-31T19:11:17+00:00\",\"dateModified\":\"2026-02-17T16:35:01+00:00\",\"description\":\"Savon naturel, artisanal, au beurre de karit\u00e9 bio. Beurre de karit\u00e9 bio, huile de coco, l\u2019huile d\u2019olive, l\u2019huile de tournesol, parfum\u00a0fruit de la passion.\",\"breadcrumb\":{\"@id\":\"https:\\\/\\\/madjikarite.com\\\/index.php\\\/produit\\\/savon-liquide-fruit-de-la-passion-2\\\/#breadcrumb\"},\"inLanguage\":\"fr-FR\",\"potentialAction\":[{\"@type\":\"ReadAction\",\"target\":[\"https:\\\/\\\/madjikarite.com\\\/index.php\\\/produit\\\/savon-liquide-fruit-de-la-passion-2\\\/\"]}]},{\"@type\":\"ImageObject\",\"inLanguage\":\"fr-FR\",\"@id\":\"https:\\\/\\\/madjikarite.com\\\/index.php\\\/produit\\\/savon-liquide-fruit-de-la-passion-2\\\/#primaryimage\",\"url\":\"https:\\\/\\\/madjikarite.com\\\/wp-content\\\/uploads\\\/2025\\\/01\\\/savon-liquide-500ml.webp\",\"contentUrl\":\"https:\\\/\\\/madjikarite.com\\\/wp-content\\\/uploads\\\/2025\\\/01\\\/savon-liquide-500ml.webp\",\"width\":1936,\"height\":1936,\"caption\":\"savon liquide\"},{\"@type\":\"BreadcrumbList\",\"@id\":\"https:\\\/\\\/madjikarite.com\\\/index.php\\\/produit\\\/savon-liquide-fruit-de-la-passion-2\\\/#breadcrumb\",\"itemListElement\":[{\"@type\":\"ListItem\",\"position\":1,\"name\":\"Accueil\",\"item\":\"https:\\\/\\\/madjikarite.com\\\/\"},{\"@type\":\"ListItem\",\"position\":2,\"name\":\"Boutique\",\"item\":\"https:\\\/\\\/madjikarite.com\\\/index.php\\\/boutique\\\/\"},{\"@type\":\"ListItem\",\"position\":3,\"name\":\"Savon liquide &#8211; Fruit de la passion &#8211; 500ml\"}]},{\"@type\":\"WebSite\",\"@id\":\"https:\\\/\\\/madjikarite.com\\\/#website\",\"url\":\"https:\\\/\\\/madjikarite.com\\\/\",\"name\":\"Majdikarite\",\"description\":\"\",\"publisher\":{\"@id\":\"https:\\\/\\\/madjikarite.com\\\/#organization\"},\"potentialAction\":[{\"@type\":\"SearchAction\",\"target\":{\"@type\":\"EntryPoint\",\"urlTemplate\":\"https:\\\/\\\/madjikarite.com\\\/?s={search_term_string}\"},\"query-input\":{\"@type\":\"PropertyValueSpecification\",\"valueRequired\":true,\"valueName\":\"search_term_string\"}}],\"inLanguage\":\"fr-FR\"},{\"@type\":\"Organization\",\"@id\":\"https:\\\/\\\/madjikarite.com\\\/#organization\",\"name\":\"Majdikarite\",\"url\":\"https:\\\/\\\/madjikarite.com\\\/\",\"logo\":{\"@type\":\"ImageObject\",\"inLanguage\":\"fr-FR\",\"@id\":\"https:\\\/\\\/madjikarite.com\\\/#\\\/schema\\\/logo\\\/image\\\/\",\"url\":\"https:\\\/\\\/madjikarite.com\\\/wp-content\\\/uploads\\\/2025\\\/01\\\/cropped-logo-moyen.webp\",\"contentUrl\":\"https:\\\/\\\/madjikarite.com\\\/wp-content\\\/uploads\\\/2025\\\/01\\\/cropped-logo-moyen.webp\",\"width\":491,\"height\":487,\"caption\":\"Majdikarite\"},\"image\":{\"@id\":\"https:\\\/\\\/madjikarite.com\\\/#\\\/schema\\\/logo\\\/image\\\/\"},\"sameAs\":[\"https:\\\/\\\/www.facebook.com\\\/Madjikarite\",\"https:\\\/\\\/www.instagram.com\\\/madjikarite\\\/\"]}]}<\/script>\n<!-- \/ Yoast SEO plugin. -->","yoast_head_json":{"title":"Savon liquide - Fruit de la passion - 500ml - Majdikarite","description":"Savon naturel, artisanal, au beurre de karit\u00e9 bio. Beurre de karit\u00e9 bio, huile de coco, l\u2019huile d\u2019olive, l\u2019huile de tournesol, parfum\u00a0fruit de la passion.","robots":{"index":"index","follow":"follow","max-snippet":"max-snippet:-1","max-image-preview":"max-image-preview:large","max-video-preview":"max-video-preview:-1"},"canonical":"https:\/\/madjikarite.com\/index.php\/produit\/savon-liquide-fruit-de-la-passion-2\/","og_locale":"fr_FR","og_type":"article","og_title":"Savon liquide - Fruit de la passion - 500ml - Majdikarite","og_description":"Savon naturel, artisanal, au beurre de karit\u00e9 bio. Beurre de karit\u00e9 bio, huile de coco, l\u2019huile d\u2019olive, l\u2019huile de tournesol, parfum\u00a0fruit de la passion.","og_url":"https:\/\/madjikarite.com\/index.php\/produit\/savon-liquide-fruit-de-la-passion-2\/","og_site_name":"Majdikarite","article_publisher":"https:\/\/www.facebook.com\/Madjikarite","article_modified_time":"2026-02-17T16:35:01+00:00","og_image":[{"width":1936,"height":1936,"url":"https:\/\/madjikarite.com\/wp-content\/uploads\/2025\/01\/savon-liquide-500ml.webp","type":"image\/webp"}],"twitter_card":"summary_large_image","twitter_misc":{"Dur\u00e9e de lecture estim\u00e9e":"2 minutes"},"schema":{"@context":"https:\/\/schema.org","@graph":[{"@type":"WebPage","@id":"https:\/\/madjikarite.com\/index.php\/produit\/savon-liquide-fruit-de-la-passion-2\/","url":"https:\/\/madjikarite.com\/index.php\/produit\/savon-liquide-fruit-de-la-passion-2\/","name":"Savon liquide - Fruit de la passion - 500ml - Majdikarite","isPartOf":{"@id":"https:\/\/madjikarite.com\/#website"},"primaryImageOfPage":{"@id":"https:\/\/madjikarite.com\/index.php\/produit\/savon-liquide-fruit-de-la-passion-2\/#primaryimage"},"image":{"@id":"https:\/\/madjikarite.com\/index.php\/produit\/savon-liquide-fruit-de-la-passion-2\/#primaryimage"},"thumbnailUrl":"https:\/\/madjikarite.com\/wp-content\/uploads\/2025\/01\/savon-liquide-500ml.webp","datePublished":"2020-10-31T19:11:17+00:00","dateModified":"2026-02-17T16:35:01+00:00","description":"Savon naturel, artisanal, au beurre de karit\u00e9 bio. Beurre de karit\u00e9 bio, huile de coco, l\u2019huile d\u2019olive, l\u2019huile de tournesol, parfum\u00a0fruit de la passion.","breadcrumb":{"@id":"https:\/\/madjikarite.com\/index.php\/produit\/savon-liquide-fruit-de-la-passion-2\/#breadcrumb"},"inLanguage":"fr-FR","potentialAction":[{"@type":"ReadAction","target":["https:\/\/madjikarite.com\/index.php\/produit\/savon-liquide-fruit-de-la-passion-2\/"]}]},{"@type":"ImageObject","inLanguage":"fr-FR","@id":"https:\/\/madjikarite.com\/index.php\/produit\/savon-liquide-fruit-de-la-passion-2\/#primaryimage","url":"https:\/\/madjikarite.com\/wp-content\/uploads\/2025\/01\/savon-liquide-500ml.webp","contentUrl":"https:\/\/madjikarite.com\/wp-content\/uploads\/2025\/01\/savon-liquide-500ml.webp","width":1936,"height":1936,"caption":"savon liquide"},{"@type":"BreadcrumbList","@id":"https:\/\/madjikarite.com\/index.php\/produit\/savon-liquide-fruit-de-la-passion-2\/#breadcrumb","itemListElement":[{"@type":"ListItem","position":1,"name":"Accueil","item":"https:\/\/madjikarite.com\/"},{"@type":"ListItem","position":2,"name":"Boutique","item":"https:\/\/madjikarite.com\/index.php\/boutique\/"},{"@type":"ListItem","position":3,"name":"Savon liquide &#8211; Fruit de la passion &#8211; 500ml"}]},{"@type":"WebSite","@id":"https:\/\/madjikarite.com\/#website","url":"https:\/\/madjikarite.com\/","name":"Majdikarite","description":"","publisher":{"@id":"https:\/\/madjikarite.com\/#organization"},"potentialAction":[{"@type":"SearchAction","target":{"@type":"EntryPoint","urlTemplate":"https:\/\/madjikarite.com\/?s={search_term_string}"},"query-input":{"@type":"PropertyValueSpecification","valueRequired":true,"valueName":"search_term_string"}}],"inLanguage":"fr-FR"},{"@type":"Organization","@id":"https:\/\/madjikarite.com\/#organization","name":"Majdikarite","url":"https:\/\/madjikarite.com\/","logo":{"@type":"ImageObject","inLanguage":"fr-FR","@id":"https:\/\/madjikarite.com\/#\/schema\/logo\/image\/","url":"https:\/\/madjikarite.com\/wp-content\/uploads\/2025\/01\/cropped-logo-moyen.webp","contentUrl":"https:\/\/madjikarite.com\/wp-content\/uploads\/2025\/01\/cropped-logo-moyen.webp","width":491,"height":487,"caption":"Majdikarite"},"image":{"@id":"https:\/\/madjikarite.com\/#\/schema\/logo\/image\/"},"sameAs":["https:\/\/www.facebook.com\/Madjikarite","https:\/\/www.instagram.com\/madjikarite\/"]}]}},"_links":{"self":[{"href":"https:\/\/madjikarite.com\/index.php\/wp-json\/wp\/v2\/product\/6210","targetHints":{"allow":["GET"]}}],"collection":[{"href":"https:\/\/madjikarite.com\/index.php\/wp-json\/wp\/v2\/product"}],"about":[{"href":"https:\/\/madjikarite.com\/index.php\/wp-json\/wp\/v2\/types\/product"}],"wp:featuredmedia":[{"embeddable":true,"href":"https:\/\/madjikarite.com\/index.php\/wp-json\/wp\/v2\/media\/7505"}],"wp:attachment":[{"href":"https:\/\/madjikarite.com\/index.php\/wp-json\/wp\/v2\/media?parent=6210"}],"wp:term":[{"taxonomy":"product_brand","embeddable":true,"href":"https:\/\/madjikarite.com\/index.php\/wp-json\/wp\/v2\/product_brand?post=6210"},{"taxonomy":"product_cat","embeddable":true,"href":"https:\/\/madjikarite.com\/index.php\/wp-json\/wp\/v2\/product_cat?post=6210"},{"taxonomy":"product_tag","embeddable":true,"href":"https:\/\/madjikarite.com\/index.php\/wp-json\/wp\/v2\/product_tag?post=6210"}],"curies":[{"name":"wp","href":"https:\/\/api.w.org\/{rel}","templated":true}]}}