{"id":6252,"date":"2020-10-31T23:28:02","date_gmt":"2020-10-31T22:28:02","guid":{"rendered":"http:\/\/madjikarite.com\/?post_type=product&#038;p=6252"},"modified":"2026-05-10T13:36:47","modified_gmt":"2026-05-10T11:36:47","slug":"muguet-neroli-100g","status":"publish","type":"product","link":"https:\/\/madjikarite.com\/index.php\/produit\/muguet-neroli-100g\/","title":{"rendered":"Baume Muguet &#038; n\u00e9roli 100g"},"content":{"rendered":"<p>Un beurre corporel cr\u00e9meux qui\u00a0 fournit une hydratation durable et rend votre peau \u00e9tonnamment lisse. Il est fait avec\u00a0<strong>60 % beurre de karit\u00e9 biologique<\/strong>, l\u2019un des meilleurs \u00e9mollients de la nature.<\/p>\n<p><strong>D\u2019autres ingr\u00e9dients cl\u00e9s comprennent<\/strong>\u00a0: le beurre de cacao pour adoucir et enrichir votre peau ; l\u2019huile de noix de coco pour lisser, nourrir et ajout\u00e9 une lueur chaude \u00e0 votre peau ; l\u2019huile de tournesol, qui est riche en om\u00e9gas pour\u00a0 garder votre peau souple, \u00e9lastique et saine ; la vitamine E pour\u00a0 pr\u00e9server la jeunesse de votre peau et pr\u00e9venir le vieillissement pr\u00e9matur\u00e9.<\/p>\n<p>Un beurre v\u00e9g\u00e9talien, fait main. Parfum\u00e9 aux huiles essentielles de muguet et n\u00e9roli.<\/p>\n<p>&nbsp;<\/p>\n<p><strong>Ingr\u00e9dients\u00a0: INCI<\/strong>\u00a0: \u00a0butyrospermum parkii (beurre de karit\u00e9), butter cocos nucifera (huile de coco),\u00a0 helianthus annuus (huile de tournesol),\u00a0 theobroma cacao (beurre de cacao)<em> , <\/em>Citrus aurantium amara flower oil( Neroli) \u00a0\/\u00a0 convallaria majalis( Muguet) \u00a0, Tocopheryl acetate ( vitamine E) . Allergene\u00a0: citral, hydroxylcitronellal, geraniol,linalool, citronellol,limonene.<\/p>\n","protected":false},"excerpt":{"rendered":"<p>Beurre corporel\u00a0 cr\u00e9meux.hydratation durable et rend votre peau \u00e9tonnamment lisse:les peaux ab\u00eem\u00e9es, (tr\u00e8s) s\u00e8ches, normales, sensibles et matures : le corps, le visage, les mains, les pieds et le cuir chevelu, pour l\u2019hydratation, le massage et le rasage.<\/p>\n","protected":false},"featured_media":7502,"template":"","meta":[],"product_brand":[],"product_cat":[61],"product_tag":[],"class_list":{"0":"post-6252","1":"product","2":"type-product","3":"status-publish","4":"has-post-thumbnail","6":"product_cat-beurres-coporels","8":"first","9":"instock","10":"shipping-taxable","11":"purchasable","12":"product-type-simple"},"yoast_head":"<!-- This site is optimized with the Yoast SEO plugin v27.5 - https:\/\/yoast.com\/product\/yoast-seo-wordpress\/ -->\n<title>Baume Muguet &amp; n\u00e9roli 100g - Majdikarite<\/title>\n<meta name=\"description\" content=\"beurre corporel hydratation durable, beurre de karit\u00e9 biologique. Un beurre v\u00e9g\u00e9talien, fait main. Parfum\u00e9 aux huiles essentielles de muguet et n\u00e9roli.\" \/>\n<meta name=\"robots\" content=\"index, follow, max-snippet:-1, max-image-preview:large, max-video-preview:-1\" \/>\n<link rel=\"canonical\" href=\"https:\/\/madjikarite.com\/index.php\/produit\/muguet-neroli-100g\/\" \/>\n<meta property=\"og:locale\" content=\"fr_FR\" \/>\n<meta property=\"og:type\" content=\"article\" \/>\n<meta property=\"og:title\" content=\"Baume Muguet &amp; n\u00e9roli 100g - Majdikarite\" \/>\n<meta property=\"og:description\" content=\"beurre corporel hydratation durable, beurre de karit\u00e9 biologique. Un beurre v\u00e9g\u00e9talien, fait main. Parfum\u00e9 aux huiles essentielles de muguet et n\u00e9roli.\" \/>\n<meta property=\"og:url\" content=\"https:\/\/madjikarite.com\/index.php\/produit\/muguet-neroli-100g\/\" \/>\n<meta property=\"og:site_name\" content=\"Majdikarite\" \/>\n<meta property=\"article:publisher\" content=\"https:\/\/www.facebook.com\/Madjikarite\" \/>\n<meta property=\"article:modified_time\" content=\"2026-05-10T11:36:47+00:00\" \/>\n<meta property=\"og:image\" content=\"https:\/\/madjikarite.com\/wp-content\/uploads\/2025\/01\/Beurre-corporel-muguet-et-neroli-100g.webp\" \/>\n\t<meta property=\"og:image:width\" content=\"2070\" \/>\n\t<meta property=\"og:image:height\" content=\"2072\" \/>\n\t<meta property=\"og:image:type\" content=\"image\/webp\" \/>\n<meta name=\"twitter:card\" content=\"summary_large_image\" \/>\n<meta name=\"twitter:label1\" content=\"Dur\u00e9e de lecture estim\u00e9e\" \/>\n\t<meta name=\"twitter:data1\" content=\"1 minute\" \/>\n<script type=\"application\/ld+json\" class=\"yoast-schema-graph\">{\"@context\":\"https:\\\/\\\/schema.org\",\"@graph\":[{\"@type\":\"WebPage\",\"@id\":\"https:\\\/\\\/madjikarite.com\\\/index.php\\\/produit\\\/muguet-neroli-100g\\\/\",\"url\":\"https:\\\/\\\/madjikarite.com\\\/index.php\\\/produit\\\/muguet-neroli-100g\\\/\",\"name\":\"Baume Muguet & n\u00e9roli 100g - Majdikarite\",\"isPartOf\":{\"@id\":\"https:\\\/\\\/madjikarite.com\\\/#website\"},\"primaryImageOfPage\":{\"@id\":\"https:\\\/\\\/madjikarite.com\\\/index.php\\\/produit\\\/muguet-neroli-100g\\\/#primaryimage\"},\"image\":{\"@id\":\"https:\\\/\\\/madjikarite.com\\\/index.php\\\/produit\\\/muguet-neroli-100g\\\/#primaryimage\"},\"thumbnailUrl\":\"https:\\\/\\\/madjikarite.com\\\/wp-content\\\/uploads\\\/2025\\\/01\\\/Beurre-corporel-muguet-et-neroli-100g.webp\",\"datePublished\":\"2020-10-31T22:28:02+00:00\",\"dateModified\":\"2026-05-10T11:36:47+00:00\",\"description\":\"beurre corporel hydratation durable, beurre de karit\u00e9 biologique. Un beurre v\u00e9g\u00e9talien, fait main. Parfum\u00e9 aux huiles essentielles de muguet et n\u00e9roli.\",\"breadcrumb\":{\"@id\":\"https:\\\/\\\/madjikarite.com\\\/index.php\\\/produit\\\/muguet-neroli-100g\\\/#breadcrumb\"},\"inLanguage\":\"fr-FR\",\"potentialAction\":[{\"@type\":\"ReadAction\",\"target\":[\"https:\\\/\\\/madjikarite.com\\\/index.php\\\/produit\\\/muguet-neroli-100g\\\/\"]}]},{\"@type\":\"ImageObject\",\"inLanguage\":\"fr-FR\",\"@id\":\"https:\\\/\\\/madjikarite.com\\\/index.php\\\/produit\\\/muguet-neroli-100g\\\/#primaryimage\",\"url\":\"https:\\\/\\\/madjikarite.com\\\/wp-content\\\/uploads\\\/2025\\\/01\\\/Beurre-corporel-muguet-et-neroli-100g.webp\",\"contentUrl\":\"https:\\\/\\\/madjikarite.com\\\/wp-content\\\/uploads\\\/2025\\\/01\\\/Beurre-corporel-muguet-et-neroli-100g.webp\",\"width\":2070,\"height\":2072,\"caption\":\"beurre corporel muguet et neroli\"},{\"@type\":\"BreadcrumbList\",\"@id\":\"https:\\\/\\\/madjikarite.com\\\/index.php\\\/produit\\\/muguet-neroli-100g\\\/#breadcrumb\",\"itemListElement\":[{\"@type\":\"ListItem\",\"position\":1,\"name\":\"Accueil\",\"item\":\"https:\\\/\\\/madjikarite.com\\\/\"},{\"@type\":\"ListItem\",\"position\":2,\"name\":\"Boutique\",\"item\":\"https:\\\/\\\/madjikarite.com\\\/index.php\\\/boutique\\\/\"},{\"@type\":\"ListItem\",\"position\":3,\"name\":\"Baume Muguet &#038; n\u00e9roli 100g\"}]},{\"@type\":\"WebSite\",\"@id\":\"https:\\\/\\\/madjikarite.com\\\/#website\",\"url\":\"https:\\\/\\\/madjikarite.com\\\/\",\"name\":\"Majdikarite\",\"description\":\"\",\"publisher\":{\"@id\":\"https:\\\/\\\/madjikarite.com\\\/#organization\"},\"potentialAction\":[{\"@type\":\"SearchAction\",\"target\":{\"@type\":\"EntryPoint\",\"urlTemplate\":\"https:\\\/\\\/madjikarite.com\\\/?s={search_term_string}\"},\"query-input\":{\"@type\":\"PropertyValueSpecification\",\"valueRequired\":true,\"valueName\":\"search_term_string\"}}],\"inLanguage\":\"fr-FR\"},{\"@type\":\"Organization\",\"@id\":\"https:\\\/\\\/madjikarite.com\\\/#organization\",\"name\":\"Majdikarite\",\"url\":\"https:\\\/\\\/madjikarite.com\\\/\",\"logo\":{\"@type\":\"ImageObject\",\"inLanguage\":\"fr-FR\",\"@id\":\"https:\\\/\\\/madjikarite.com\\\/#\\\/schema\\\/logo\\\/image\\\/\",\"url\":\"https:\\\/\\\/madjikarite.com\\\/wp-content\\\/uploads\\\/2025\\\/01\\\/cropped-logo-moyen.webp\",\"contentUrl\":\"https:\\\/\\\/madjikarite.com\\\/wp-content\\\/uploads\\\/2025\\\/01\\\/cropped-logo-moyen.webp\",\"width\":491,\"height\":487,\"caption\":\"Majdikarite\"},\"image\":{\"@id\":\"https:\\\/\\\/madjikarite.com\\\/#\\\/schema\\\/logo\\\/image\\\/\"},\"sameAs\":[\"https:\\\/\\\/www.facebook.com\\\/Madjikarite\",\"https:\\\/\\\/www.instagram.com\\\/madjikarite\\\/\"]}]}<\/script>\n<!-- \/ Yoast SEO plugin. -->","yoast_head_json":{"title":"Baume Muguet & n\u00e9roli 100g - Majdikarite","description":"beurre corporel hydratation durable, beurre de karit\u00e9 biologique. Un beurre v\u00e9g\u00e9talien, fait main. Parfum\u00e9 aux huiles essentielles de muguet et n\u00e9roli.","robots":{"index":"index","follow":"follow","max-snippet":"max-snippet:-1","max-image-preview":"max-image-preview:large","max-video-preview":"max-video-preview:-1"},"canonical":"https:\/\/madjikarite.com\/index.php\/produit\/muguet-neroli-100g\/","og_locale":"fr_FR","og_type":"article","og_title":"Baume Muguet & n\u00e9roli 100g - Majdikarite","og_description":"beurre corporel hydratation durable, beurre de karit\u00e9 biologique. Un beurre v\u00e9g\u00e9talien, fait main. Parfum\u00e9 aux huiles essentielles de muguet et n\u00e9roli.","og_url":"https:\/\/madjikarite.com\/index.php\/produit\/muguet-neroli-100g\/","og_site_name":"Majdikarite","article_publisher":"https:\/\/www.facebook.com\/Madjikarite","article_modified_time":"2026-05-10T11:36:47+00:00","og_image":[{"width":2070,"height":2072,"url":"https:\/\/madjikarite.com\/wp-content\/uploads\/2025\/01\/Beurre-corporel-muguet-et-neroli-100g.webp","type":"image\/webp"}],"twitter_card":"summary_large_image","twitter_misc":{"Dur\u00e9e de lecture estim\u00e9e":"1 minute"},"schema":{"@context":"https:\/\/schema.org","@graph":[{"@type":"WebPage","@id":"https:\/\/madjikarite.com\/index.php\/produit\/muguet-neroli-100g\/","url":"https:\/\/madjikarite.com\/index.php\/produit\/muguet-neroli-100g\/","name":"Baume Muguet & n\u00e9roli 100g - Majdikarite","isPartOf":{"@id":"https:\/\/madjikarite.com\/#website"},"primaryImageOfPage":{"@id":"https:\/\/madjikarite.com\/index.php\/produit\/muguet-neroli-100g\/#primaryimage"},"image":{"@id":"https:\/\/madjikarite.com\/index.php\/produit\/muguet-neroli-100g\/#primaryimage"},"thumbnailUrl":"https:\/\/madjikarite.com\/wp-content\/uploads\/2025\/01\/Beurre-corporel-muguet-et-neroli-100g.webp","datePublished":"2020-10-31T22:28:02+00:00","dateModified":"2026-05-10T11:36:47+00:00","description":"beurre corporel hydratation durable, beurre de karit\u00e9 biologique. Un beurre v\u00e9g\u00e9talien, fait main. Parfum\u00e9 aux huiles essentielles de muguet et n\u00e9roli.","breadcrumb":{"@id":"https:\/\/madjikarite.com\/index.php\/produit\/muguet-neroli-100g\/#breadcrumb"},"inLanguage":"fr-FR","potentialAction":[{"@type":"ReadAction","target":["https:\/\/madjikarite.com\/index.php\/produit\/muguet-neroli-100g\/"]}]},{"@type":"ImageObject","inLanguage":"fr-FR","@id":"https:\/\/madjikarite.com\/index.php\/produit\/muguet-neroli-100g\/#primaryimage","url":"https:\/\/madjikarite.com\/wp-content\/uploads\/2025\/01\/Beurre-corporel-muguet-et-neroli-100g.webp","contentUrl":"https:\/\/madjikarite.com\/wp-content\/uploads\/2025\/01\/Beurre-corporel-muguet-et-neroli-100g.webp","width":2070,"height":2072,"caption":"beurre corporel muguet et neroli"},{"@type":"BreadcrumbList","@id":"https:\/\/madjikarite.com\/index.php\/produit\/muguet-neroli-100g\/#breadcrumb","itemListElement":[{"@type":"ListItem","position":1,"name":"Accueil","item":"https:\/\/madjikarite.com\/"},{"@type":"ListItem","position":2,"name":"Boutique","item":"https:\/\/madjikarite.com\/index.php\/boutique\/"},{"@type":"ListItem","position":3,"name":"Baume Muguet &#038; n\u00e9roli 100g"}]},{"@type":"WebSite","@id":"https:\/\/madjikarite.com\/#website","url":"https:\/\/madjikarite.com\/","name":"Majdikarite","description":"","publisher":{"@id":"https:\/\/madjikarite.com\/#organization"},"potentialAction":[{"@type":"SearchAction","target":{"@type":"EntryPoint","urlTemplate":"https:\/\/madjikarite.com\/?s={search_term_string}"},"query-input":{"@type":"PropertyValueSpecification","valueRequired":true,"valueName":"search_term_string"}}],"inLanguage":"fr-FR"},{"@type":"Organization","@id":"https:\/\/madjikarite.com\/#organization","name":"Majdikarite","url":"https:\/\/madjikarite.com\/","logo":{"@type":"ImageObject","inLanguage":"fr-FR","@id":"https:\/\/madjikarite.com\/#\/schema\/logo\/image\/","url":"https:\/\/madjikarite.com\/wp-content\/uploads\/2025\/01\/cropped-logo-moyen.webp","contentUrl":"https:\/\/madjikarite.com\/wp-content\/uploads\/2025\/01\/cropped-logo-moyen.webp","width":491,"height":487,"caption":"Majdikarite"},"image":{"@id":"https:\/\/madjikarite.com\/#\/schema\/logo\/image\/"},"sameAs":["https:\/\/www.facebook.com\/Madjikarite","https:\/\/www.instagram.com\/madjikarite\/"]}]}},"_links":{"self":[{"href":"https:\/\/madjikarite.com\/index.php\/wp-json\/wp\/v2\/product\/6252","targetHints":{"allow":["GET"]}}],"collection":[{"href":"https:\/\/madjikarite.com\/index.php\/wp-json\/wp\/v2\/product"}],"about":[{"href":"https:\/\/madjikarite.com\/index.php\/wp-json\/wp\/v2\/types\/product"}],"wp:featuredmedia":[{"embeddable":true,"href":"https:\/\/madjikarite.com\/index.php\/wp-json\/wp\/v2\/media\/7502"}],"wp:attachment":[{"href":"https:\/\/madjikarite.com\/index.php\/wp-json\/wp\/v2\/media?parent=6252"}],"wp:term":[{"taxonomy":"product_brand","embeddable":true,"href":"https:\/\/madjikarite.com\/index.php\/wp-json\/wp\/v2\/product_brand?post=6252"},{"taxonomy":"product_cat","embeddable":true,"href":"https:\/\/madjikarite.com\/index.php\/wp-json\/wp\/v2\/product_cat?post=6252"},{"taxonomy":"product_tag","embeddable":true,"href":"https:\/\/madjikarite.com\/index.php\/wp-json\/wp\/v2\/product_tag?post=6252"}],"curies":[{"name":"wp","href":"https:\/\/api.w.org\/{rel}","templated":true}]}}